{"id":2179,"date":"2022-09-01T14:19:35","date_gmt":"2022-09-01T14:19:35","guid":{"rendered":"https:\/\/www.bilisim.org.tr\/bilisim2022\/?page_id=2179"},"modified":"2025-01-28T10:54:45","modified_gmt":"2025-01-28T10:54:45","slug":"sponsorlar","status":"publish","type":"page","link":"https:\/\/www.bilisim.org.tr\/bilisim2024\/sponsorlar\/","title":{"rendered":"SPONSORLAR"},"content":{"rendered":"<div class=\"wpb-content-wrapper\"><p>[vc_row css=&#8221;.vc_custom_1713768371014{margin-top: 20px !important;}&#8221;][vc_column][vc_custom_heading text=&#8221;ANA SPONSOR&#8221; font_container=&#8221;tag:h2|font_size:20px|text_align:center|color:%231e73be|line_height:20px&#8221; use_theme_fonts=&#8221;yes&#8221; css=&#8221;&#8221;][\/vc_column][\/vc_row][vc_row][vc_column][vc_single_image source=&#8221;external_link&#8221; external_img_size=&#8221;192&#215;192&#8243; alignment=&#8221;center&#8221; external_style=&#8221;vc_box_shadow_border&#8221; onclick=&#8221;custom_link&#8221; img_link_target=&#8221;_blank&#8221; css=&#8221;.vc_custom_1733136191266{padding-top: 10px !important;}&#8221; custom_src=&#8221;https:\/\/www.tbd.org.tr\/logolar\/turktelekom-logo.jpg&#8221; link=&#8221;https:\/\/www.turktelekom.com.tr\/&#8221;][\/vc_column][\/vc_row][vc_row][vc_column][vc_custom_heading text=&#8221;PLAT\u0130N SPONSORLAR&#8221; font_container=&#8221;tag:h2|font_size:20px|text_align:center|color:%231e73be|line_height:20px&#8221; use_theme_fonts=&#8221;yes&#8221;][\/vc_column][\/vc_row][vc_row][vc_column width=&#8221;1\/2&#8243;][vc_single_image source=&#8221;external_link&#8221; external_img_size=&#8221;192&#215;192&#8243; alignment=&#8221;center&#8221; external_style=&#8221;vc_box_shadow_border&#8221; onclick=&#8221;custom_link&#8221; img_link_target=&#8221;_blank&#8221; css=&#8221;.vc_custom_1718106294349{padding-top: 10px !important;}&#8221; custom_src=&#8221;https:\/\/www.siberguvenlikzirvesi.org.tr\/2022\/wp-content\/uploads\/2022\/03\/symantec-broadcom.jpg&#8221; link=&#8221;https:\/\/www.broadcom.com\/&#8221;][\/vc_column][vc_column width=&#8221;1\/2&#8243;][vc_single_image image=&#8221;2182&#8243; img_size=&#8221;192&#215;192&#8243; alignment=&#8221;center&#8221; style=&#8221;vc_box_shadow_border&#8221; css=&#8221;.vc_custom_1713768079596{padding-top: 10px !important;}&#8221;][\/vc_column][\/vc_row][vc_row][vc_column][vc_custom_heading text=&#8221;ALTIN SPONSORLAR&#8221; font_container=&#8221;tag:h2|font_size:20px|text_align:center|color:%231e73be|line_height:20px&#8221; use_theme_fonts=&#8221;yes&#8221;][\/vc_column][\/vc_row][vc_row][vc_column width=&#8221;1\/2&#8243;][vc_single_image source=&#8221;external_link&#8221; external_img_size=&#8221;192&#215;192&#8243; alignment=&#8221;center&#8221; external_style=&#8221;vc_box_shadow_border&#8221; onclick=&#8221;custom_link&#8221; img_link_target=&#8221;_blank&#8221; css=&#8221;.vc_custom_1718111701848{padding-top: 10px !important;}&#8221; custom_src=&#8221;https:\/\/tbd.org.tr\/logolar\/logo-logo.jpg&#8221; link=&#8221;https:\/\/www.logo.com.tr\/&#8221;][\/vc_column][vc_column width=&#8221;1\/2&#8243;][vc_single_image image=&#8221;2182&#8243; img_size=&#8221;192&#215;192&#8243; alignment=&#8221;center&#8221; style=&#8221;vc_box_shadow_border&#8221; css=&#8221;.vc_custom_1713768126780{padding-top: 10px !important;}&#8221;][\/vc_column][\/vc_row][vc_row][vc_column][vc_custom_heading text=&#8221;OTURUM SPONSORLARI&#8221; font_container=&#8221;tag:h2|font_size:20px|text_align:center|color:%231e73be|line_height:20px&#8221; use_theme_fonts=&#8221;yes&#8221; css=&#8221;&#8221;][\/vc_column][\/vc_row][vc_row][vc_column width=&#8221;1\/2&#8243;][vc_single_image source=&#8221;external_link&#8221; external_img_size=&#8221;192&#215;192&#8243; alignment=&#8221;center&#8221; external_style=&#8221;vc_box_shadow_border&#8221; onclick=&#8221;custom_link&#8221; css=&#8221;.vc_custom_1714746131898{padding-top: 10px !important;}&#8221; custom_src=&#8221;https:\/\/tbd.org.tr\/logolar\/kpo-logo.jpg&#8221; link=&#8221;https:\/\/www.kpoprivacy.com\/&#8221;][\/vc_column][vc_column width=&#8221;1\/2&#8243;][vc_single_image image=&#8221;2182&#8243; img_size=&#8221;192&#215;192&#8243; alignment=&#8221;center&#8221; style=&#8221;vc_box_shadow_border&#8221; css=&#8221;.vc_custom_1713768184433{padding-top: 10px !important;}&#8221;][\/vc_column][\/vc_row][vc_row][vc_column][vc_custom_heading text=&#8221;STANT SPONSORLARI&#8221; font_container=&#8221;tag:h2|font_size:20px|text_align:center|color:%231e73be|line_height:20px&#8221; use_theme_fonts=&#8221;yes&#8221; css=&#8221;&#8221;][\/vc_column][\/vc_row][vc_row][vc_column width=&#8221;1\/5&#8243;][vc_single_image source=&#8221;external_link&#8221; external_img_size=&#8221;192&#215;192&#8243; alignment=&#8221;center&#8221; external_style=&#8221;vc_box_shadow_border&#8221; onclick=&#8221;custom_link&#8221; css=&#8221;.vc_custom_1733484153686{padding-top: 10px !important;}&#8221; custom_src=&#8221;https:\/\/tbd.org.tr\/logolar\/esri-turkiye-logo.jpg&#8221; link=&#8221;https:\/\/www.esri.com.tr&#8221;][\/vc_column][vc_column width=&#8221;1\/5&#8243;][vc_single_image source=&#8221;external_link&#8221; external_img_size=&#8221;192&#215;192&#8243; alignment=&#8221;center&#8221; external_style=&#8221;vc_box_shadow_border&#8221; onclick=&#8221;custom_link&#8221; css=&#8221;.vc_custom_1733492536234{padding-top: 10px !important;}&#8221; custom_src=&#8221;https:\/\/tbd.org.tr\/logolar\/poniva-logo.jpg&#8221; link=&#8221;https:\/\/www.pona.com.tr\/&#8221;][\/vc_column][vc_column width=&#8221;1\/5&#8243;][vc_single_image source=&#8221;external_link&#8221; external_img_size=&#8221;192&#215;192&#8243; alignment=&#8221;center&#8221; external_style=&#8221;vc_box_shadow_border&#8221; onclick=&#8221;custom_link&#8221; css=&#8221;.vc_custom_1733910562513{padding-top: 10px !important;}&#8221; custom_src=&#8221;https:\/\/tbd.org.tr\/logolar\/sufle-logo.jpg&#8221; link=&#8221;https:\/\/www.sufle.io\/&#8221;][\/vc_column][vc_column width=&#8221;1\/5&#8243;][vc_single_image image=&#8221;2182&#8243; img_size=&#8221;192&#215;192&#8243; alignment=&#8221;center&#8221; style=&#8221;vc_box_shadow_border&#8221; css=&#8221;.vc_custom_1713768184433{padding-top: 10px !important;}&#8221;][\/vc_column][vc_column width=&#8221;1\/5&#8243;][vc_single_image image=&#8221;2182&#8243; img_size=&#8221;192&#215;192&#8243; alignment=&#8221;center&#8221; style=&#8221;vc_box_shadow_border&#8221; css=&#8221;.vc_custom_1713768184433{padding-top: 10px !important;}&#8221;][\/vc_column][\/vc_row][vc_row][vc_column][vc_custom_heading text=&#8221;BULUT B\u0130L\u0130\u015e\u0130M SPONSORU&#8221; font_container=&#8221;tag:h2|font_size:20px|text_align:center|color:%231e73be|line_height:20px&#8221; use_theme_fonts=&#8221;yes&#8221; css=&#8221;&#8221;][\/vc_column][\/vc_row][vc_row][vc_column][vc_single_image source=&#8221;external_link&#8221; external_img_size=&#8221;192&#215;192&#8243; alignment=&#8221;center&#8221; external_style=&#8221;vc_box_shadow_border&#8221; onclick=&#8221;custom_link&#8221; css=&#8221;.vc_custom_1738055909274{padding-top: 10px !important;}&#8221; custom_src=&#8221;https:\/\/tbd.org.tr\/logolar\/veriyum-logo.jpg&#8221; link=&#8221;https:\/\/www.vr.net.tr\/&#8221;][\/vc_column][\/vc_row][vc_row][vc_column][vc_custom_heading text=&#8221;BASIN\/MEDYA SPONSORLARI&#8221; font_container=&#8221;tag:h2|font_size:20px|text_align:center|color:%231e73be|line_height:20px&#8221; use_theme_fonts=&#8221;yes&#8221; css=&#8221;&#8221;][\/vc_column][\/vc_row][vc_row][vc_column width=&#8221;1\/5&#8243;][vc_single_image source=&#8221;external_link&#8221; external_img_size=&#8221;192&#215;192&#8243; alignment=&#8221;center&#8221; external_style=&#8221;vc_box_shadow_border&#8221; onclick=&#8221;custom_link&#8221; css=&#8221;.vc_custom_1733752083150{padding-top: 10px !important;}&#8221; custom_src=&#8221;https:\/\/tbd.org.tr\/logolar\/bilisim-dergisi-logo.jpg&#8221; link=&#8221;https:\/\/www.bilisimdergisi.org.tr\/&#8221;][\/vc_column][vc_column width=&#8221;1\/5&#8243;][vc_single_image source=&#8221;external_link&#8221; external_img_size=&#8221;192&#215;192&#8243; alignment=&#8221;center&#8221; external_style=&#8221;vc_box_shadow_border&#8221; onclick=&#8221;custom_link&#8221; css=&#8221;.vc_custom_1733752098070{padding-top: 10px !important;}&#8221; custom_src=&#8221;https:\/\/www.tbd.org.tr\/logolar\/dijital-gundem-logo.jpg&#8221; link=&#8221;https:\/\/www.dijitalgundem.net\/&#8221;][\/vc_column][vc_column width=&#8221;1\/5&#8243;][vc_single_image source=&#8221;external_link&#8221; external_img_size=&#8221;192&#215;192&#8243; alignment=&#8221;center&#8221; external_style=&#8221;vc_box_shadow_border&#8221; onclick=&#8221;custom_link&#8221; css=&#8221;.vc_custom_1733752115414{padding-top: 10px !important;}&#8221; custom_src=&#8221;https:\/\/tbd.org.tr\/logolar\/ict-media-logo.jpg&#8221; link=&#8221;https:\/\/ictmedia.com.tr\/&#8221;][\/vc_column][vc_column width=&#8221;1\/5&#8243;][vc_single_image source=&#8221;external_link&#8221; external_img_size=&#8221;192&#215;192&#8243; alignment=&#8221;center&#8221; external_style=&#8221;vc_box_shadow_border&#8221; onclick=&#8221;custom_link&#8221; css=&#8221;.vc_custom_1733752128731{padding-top: 10px !important;}&#8221; custom_src=&#8221;https:\/\/www.tbd.org.tr\/logolar\/bthbaber-logo.jpg&#8221; link=&#8221;https:\/\/www.bthaber.com\/&#8221;][\/vc_column][vc_column width=&#8221;1\/5&#8243;][vc_single_image source=&#8221;external_link&#8221; external_img_size=&#8221;192&#215;192&#8243; alignment=&#8221;center&#8221; external_style=&#8221;vc_box_shadow_border&#8221; onclick=&#8221;custom_link&#8221; css=&#8221;.vc_custom_1733752140207{padding-top: 10px !important;}&#8221; custom_src=&#8221;https:\/\/www.tbd.org.tr\/logolar\/faselis-logo.jpg&#8221; link=&#8221;https:\/\/www.faselis.com\/tr-TR\/&#8221;][\/vc_column][\/vc_row][vc_row][vc_column width=&#8221;1\/5&#8243;][\/vc_column][vc_column width=&#8221;1\/5&#8243;][vc_single_image source=&#8221;external_link&#8221; external_img_size=&#8221;192&#215;192&#8243; alignment=&#8221;center&#8221; external_style=&#8221;vc_box_shadow_border&#8221; onclick=&#8221;custom_link&#8221; css=&#8221;.vc_custom_1733752161677{padding-top: 10px !important;}&#8221; custom_src=&#8221;https:\/\/tbd.org.tr\/logolar\/bilisimprofesyonelleri-logo.jpg&#8221; link=&#8221;https:\/\/bilisimprofesyonelleri.com\/&#8221;][\/vc_column][vc_column width=&#8221;1\/5&#8243;][vc_single_image source=&#8221;external_link&#8221; external_img_size=&#8221;192&#215;192&#8243; alignment=&#8221;center&#8221; external_style=&#8221;vc_box_shadow_border&#8221; onclick=&#8221;custom_link&#8221; css=&#8221;.vc_custom_1733752178697{padding-top: 10px !important;}&#8221; custom_src=&#8221;https:\/\/tbd.org.tr\/logolar\/kobiefor-logo.jpg&#8221; link=&#8221;https:\/\/www.kobi-efor.com.tr\/&#8221;][\/vc_column][vc_column width=&#8221;1\/5&#8243;][vc_single_image source=&#8221;external_link&#8221; external_img_size=&#8221;192&#215;192&#8243; alignment=&#8221;center&#8221; external_style=&#8221;vc_box_shadow_border&#8221; onclick=&#8221;custom_link&#8221; css=&#8221;.vc_custom_1733752188670{padding-top: 10px !important;}&#8221; custom_src=&#8221;https:\/\/tbd.org.tr\/logolar\/vergialgi-logo.jpg&#8221; link=&#8221;https:\/\/vergialgi.com\/&#8221;][\/vc_column][vc_column width=&#8221;1\/5&#8243;][\/vc_column][\/vc_row]<\/p>\n<\/div>","protected":false},"excerpt":{"rendered":"<p>[vc_row css=&#8221;.vc_custom_1713768371014{margin-top: 20px !important;}&#8221;][vc_column][vc_custom_heading text=&#8221;ANA SPONSOR&#8221; font_container=&#8221;tag:h2|font_size:20px|text_align:center|color:%231e73be|line_height:20px&#8221; use_theme_fonts=&#8221;yes&#8221; css=&#8221;&#8221;][\/vc_column][\/vc_row][vc_row][vc_column][vc_single_image source=&#8221;external_link&#8221; external_img_size=&#8221;192&#215;192&#8243; alignment=&#8221;center&#8221; external_style=&#8221;vc_box_shadow_border&#8221; onclick=&#8221;custom_link&#8221; img_link_target=&#8221;_blank&#8221; css=&#8221;.vc_custom_1733136191266{padding-top: 10px !important;}&#8221; custom_src=&#8221;https:\/\/www.tbd.org.tr\/logolar\/turktelekom-logo.jpg&#8221; link=&#8221;https:\/\/www.turktelekom.com.tr\/&#8221;][\/vc_column][\/vc_row][vc_row][vc_column][vc_custom_heading text=&#8221;PLAT\u0130N SPONSORLAR&#8221; font_container=&#8221;tag:h2|font_size:20px|text_align:center|color:%231e73be|line_height:20px&#8221; use_theme_fonts=&#8221;yes&#8221;][\/vc_column][\/vc_row][vc_row][vc_column width=&#8221;1\/2&#8243;][vc_single_image source=&#8221;external_link&#8221;<span class=\"excerpt-hellip\"> [\u2026]<\/span><\/p>\n","protected":false},"author":4,"featured_media":0,"parent":0,"menu_order":0,"comment_status":"closed","ping_status":"closed","template":"","meta":{"footnotes":""},"class_list":["post-2179","page","type-page","status-publish","hentry"],"_links":{"self":[{"href":"https:\/\/www.bilisim.org.tr\/bilisim2024\/wp-json\/wp\/v2\/pages\/2179","targetHints":{"allow":["GET"]}}],"collection":[{"href":"https:\/\/www.bilisim.org.tr\/bilisim2024\/wp-json\/wp\/v2\/pages"}],"about":[{"href":"https:\/\/www.bilisim.org.tr\/bilisim2024\/wp-json\/wp\/v2\/types\/page"}],"author":[{"embeddable":true,"href":"https:\/\/www.bilisim.org.tr\/bilisim2024\/wp-json\/wp\/v2\/users\/4"}],"replies":[{"embeddable":true,"href":"https:\/\/www.bilisim.org.tr\/bilisim2024\/wp-json\/wp\/v2\/comments?post=2179"}],"version-history":[{"count":9,"href":"https:\/\/www.bilisim.org.tr\/bilisim2024\/wp-json\/wp\/v2\/pages\/2179\/revisions"}],"predecessor-version":[{"id":3031,"href":"https:\/\/www.bilisim.org.tr\/bilisim2024\/wp-json\/wp\/v2\/pages\/2179\/revisions\/3031"}],"wp:attachment":[{"href":"https:\/\/www.bilisim.org.tr\/bilisim2024\/wp-json\/wp\/v2\/media?parent=2179"}],"curies":[{"name":"wp","href":"https:\/\/api.w.org\/{rel}","templated":true}]}}