{"id":33,"date":"2018-05-28T14:17:16","date_gmt":"2018-05-28T14:17:16","guid":{"rendered":"http:\/\/www.bilisim.org.tr\/bilisim2021\/?page_id=33"},"modified":"2023-12-20T20:58:07","modified_gmt":"2023-12-20T20:58:07","slug":"program","status":"publish","type":"page","link":"https:\/\/www.bilisim.org.tr\/bilisim2023\/program\/","title":{"rendered":"PROGRAM"},"content":{"rendered":"<table id=\"table1\">\n<tbody>\n<tr>\n<th style=\"color: #003366; font-size: 20px;\" colspan=\"3\"><b>1. G\u00dcN \u2013 21 ARALIK 2023 , PER\u015eEMBE<\/b><\/th>\n<\/tr>\n<tr>\n<td style=\"width: 116px;\" width=\"98\">09:00 \u2013 09:55<\/td>\n<td colspan=\"2\"><strong>Kay\u0131t<\/strong><\/td>\n<\/tr>\n<tr>\n<th colspan=\"3\"><b>ANA KONFERANS SALONU<\/b><\/th>\n<\/tr>\n<tr>\n<td>10:00 \u2013 10:10<\/td>\n<td colspan=\"2\"><strong>Sayg\u0131 Duru\u015fu ve \u0130stiklal Mar\u015f\u0131<\/strong><\/td>\n<\/tr>\n<tr>\n<td>10:10 \u2013 10:30<\/td>\n<td colspan=\"2\"><strong>Rahmi AKTEPE<\/strong>, TBD Genel Ba\u015fkan\u0131<\/td>\n<\/tr>\n<tr>\n<td>10:30 \u2013 11:00<\/td>\n<td colspan=\"2\"><strong>Huzeyfe YILMAZ<\/strong>, T.C. Sa\u011fl\u0131k Bakan Yard\u0131mc\u0131s\u0131<\/td>\n<\/tr>\n<tr>\n<td>11:00 \u2013 11:30<\/td>\n<td colspan=\"2\"><strong>Dr. \u00d6mer Fatih SAYAN<\/strong>, T.C. Ula\u015ft\u0131rma ve Altyap\u0131 Bakan Yard\u0131mc\u0131s\u0131 *<\/td>\n<\/tr>\n<tr>\n<td>11:30 \u2013 12:00<\/td>\n<td colspan=\"2\"><strong>\u00d6d\u00fcl T\u00f6reni<\/strong> \u2013 TBD \/ T\u00dcB\u0130SAD Ya\u015fam Boyu Hizmet \u00d6d\u00fcl\u00fc<\/td>\n<\/tr>\n<tr>\n<td>12:00 \u2013 12:10<\/td>\n<td colspan=\"2\"><strong>\u0130novasyon Ekosistemine Katk\u0131 \u00d6d\u00fcl\u00fc<\/strong><\/td>\n<\/tr>\n<tr>\n<td>12:10 \u2013 13:00<\/td>\n<td colspan=\"2\"><strong>Stand Ziyareti<\/strong><\/td>\n<\/tr>\n<tr>\n<td colspan=\"3\">* Te\u015frifleri Halinde<\/td>\n<\/tr>\n<tr>\n<td>13:00 \u2013 14:00<\/td>\n<td colspan=\"2\"><strong>\u00d6\u011fle Yeme\u011fi<\/strong><\/td>\n<\/tr>\n<tr>\n<td>14:00 \u2013 15:30<\/td>\n<td style=\"background: #b7d6ff;\" colspan=\"2\"><span style=\"font-weight: bold;\">Ana Konferans Salonu | Oturum I: Do\u011fal Afetlere Dayan\u0131kl\u0131 Gelece\u011fin Haberle\u015fme Altyap\u0131lar\u0131<\/span><\/td>\n<\/tr>\n<tr>\n<td colspan=\"3\"><span style=\"color: #626262; font-weight: bold;\">Panel Y\u00f6neticisi:<\/span> <strong>Ali YAZICI<\/strong>, <em>T\u00fcrkiye Bili\u015fim Derne\u011fi Genel Ba\u015fkan Yard\u0131mc\u0131s\u0131<\/em><\/p>\n<p><strong>Konu\u015fmac\u0131lar<\/strong><\/p>\n<ul>\n<li>Alper G\u00dcZEL, T.C. Sanayi ve Teknoloji Bakanl\u0131\u011f\u0131, Milli Teknoloji Genel M\u00fcd\u00fcr\u00fc | <a href=\"https:\/\/www.bilisim.org.tr\/bilisim2023\/wp-content\/uploads\/2023\/12\/1-3.jpg\" rel=\"lightbox\">G\u00f6rsel<\/a><\/li>\n<li>Selman DEM\u0130REL, T\u00dcRKSAT A.\u015e. Genel M\u00fcd\u00fcr Yard\u0131mc\u0131s\u0131 | <a href=\"https:\/\/www.bilisim.org.tr\/bilisim2023\/wp-content\/uploads\/2023\/12\/1-4.jpg\" rel=\"lightbox\">G\u00f6rsel<\/a><\/li>\n<li>Prof. Dr. Vehbi \u00c7a\u011fr\u0131 G\u00dcNG\u00d6R, Turkcell, \u015eebeke Teknolojilerinden Sorumlu Genel M\u00fcd\u00fcr Yard\u0131mc\u0131s\u0131 | <a href=\"https:\/\/www.bilisim.org.tr\/bilisim2023\/wp-content\/uploads\/2023\/12\/1-5.jpg\" rel=\"lightbox\">G\u00f6rsel<\/a><\/li>\n<li>Ahmet Koray \u00c7ELEB\u0130, ULAK A.\u015e., Pazarlama ve Kurumsal Y\u00f6netim Genel M\u00fcd\u00fcr Yard\u0131mc\u0131s\u0131 | <a href=\"https:\/\/www.bilisim.org.tr\/bilisim2023\/wp-content\/uploads\/2023\/12\/1-6.jpg\" rel=\"lightbox\">G\u00f6rsel<\/a><\/li>\n<li>Prof. Dr. As\u0131m Egemen YILMAZ, Ankara \u00dcniversitesi Elektrik Elektronik M\u00fchendisli\u011fi, B\u00f6l\u00fcm Ba\u015fkan\u0131 | <a href=\"https:\/\/www.bilisim.org.tr\/bilisim2023\/wp-content\/uploads\/2023\/12\/1-2.jpg\" rel=\"lightbox\">G\u00f6rsel<\/a><\/li>\n<li>Dr. Ferdi TEK\u00c7E, Pavo Group \u00a0Andasis Genel M\u00fcd\u00fcr\u00fc | <a href=\"https:\/\/www.bilisim.org.tr\/bilisim2023\/wp-content\/uploads\/2023\/12\/1-7.jpg\" rel=\"lightbox\">G\u00f6rsel<\/a><\/li>\n<\/ul>\n<\/td>\n<\/tr>\n<tr>\n<td>14:00 \u2013 15:30<\/td>\n<td style=\"background: #ffdbb7;\" colspan=\"2\"><span style=\"font-weight: bold;\">VIP Salonu | Oturum II: 13. TBD Gen\u00e7 Bili\u015fimciler Kurultay\u0131-1-100 Y\u0131l\u0131n Miras\u0131: Giri\u015fimcilik ve \u0130novasyonda Yeni Ufuklar<\/span><\/td>\n<\/tr>\n<tr>\n<td colspan=\"3\"><strong>Konu\u015fmac\u0131lar<\/strong><\/p>\n<ul>\n<li>Dr. Serhan YILMAZ, Google Cloud \u00dclke Kanal Lideri, \u201cBili\u015fimin Yeni \u00c7a\u011f\u0131\u201d | <a href=\"https:\/\/www.bilisim.org.tr\/bilisim2023\/wp-content\/uploads\/2023\/12\/Oturum-2-1.jpg\" rel=\"lightbox\">G\u00f6rsel<\/a><\/li>\n<li>\u00d6zlem KAHRAMANER, Arksi\u0307gner Yazilim Ve Donanim San.Ti\u0307c.A\u015f., Genel M\u00fcd\u00fcr Yardimcisi, \u201cTeknolojiye \u0130lham Veren Kad\u0131n Lider Olmak\u201d | <a href=\"https:\/\/www.bilisim.org.tr\/bilisim2023\/wp-content\/uploads\/2023\/12\/Oturum-2-2.jpg\" rel=\"lightbox\">G\u00f6rsel<\/a><\/li>\n<li>Zafer K\u00dc\u00c7\u00dcK\u015eABANO\u011eLU, Yapay Zeka Politikalar\u0131 Derne\u011fi (AIPA) Kurucusu &amp; Ba\u015fkan\u0131UNESCO Yapay Zeka \u0130zleme Grubu \u00dcyesi, \u201cGiri\u015fimcilikte Oyunu De\u011fi\u015ftiren G\u00fc\u00e7: Yapay Zeka\u201d | <a href=\"https:\/\/www.bilisim.org.tr\/bilisim2023\/wp-content\/uploads\/2023\/12\/Oturum-2-3.jpg\" rel=\"lightbox\">G\u00f6rsel<\/a><\/li>\n<li>Fahri YANAR, Ak\u0131nrobotics \u0130stanbul \u00dcr\u00fcn ve Proje M\u00fcd\u00fcr\u00fc \u2013 \u201cAk\u0131nrobotics ile Yapay Zek\u00e2 \u00c7a\u011f\u0131nda Dijital R\u00f6nesans\u201d | <a href=\"https:\/\/www.bilisim.org.tr\/bilisim2023\/wp-content\/uploads\/2023\/12\/Oturum-2-4.jpg\" rel=\"lightbox\">G\u00f6rsel<\/a><\/li>\n<li>Prof. Dr. Cihan \u00c7ET\u0130NKAYA, Adana Alparslan T\u00fcrke\u015f Bilim ve Teknoloji \u00dcniversitesi, \u201cGiri\u015fimcili\u011fin Haritas\u0131\u201d | <a href=\"https:\/\/www.bilisim.org.tr\/bilisim2023\/wp-content\/uploads\/2023\/12\/Oturum-2-5.jpg\" rel=\"lightbox\">G\u00f6rsel<\/a><\/li>\n<li>Av. Dr. Bar\u0131\u015f G\u00dcNAYDIN, Marka Vekili, \u0130pek Patent Kurucusu, \u201cGiri\u015fimcilik ve Fikri Haklar\u201d | <a href=\"https:\/\/www.bilisim.org.tr\/bilisim2023\/wp-content\/uploads\/2023\/12\/Oturum-2-6.jpg\" rel=\"lightbox\">G\u00f6rsel<\/a><\/li>\n<\/ul>\n<\/td>\n<\/tr>\n<tr>\n<td>14:00 \u2013 15:30<\/td>\n<td style=\"background: #d4b7ff;\" colspan=\"2\"><span style=\"font-weight: bold;\">1. Kat Konferans Salonu | IISEC 2023 A\u00c7ILI\u015e KONU\u015eMALARI ve AKADEM\u0130K B\u0130LD\u0130R\u0130 SUNUMU-1<\/span> | <a href=\"https:\/\/iisec.tbdakademi.org.tr\/2023\/wp-content\/uploads\/2023\/12\/IISEC2023_PROGRAM_v8-17.12.2023.pdf\" target=\"_blank\" rel=\"noopener\">IISEC 2023 Program<\/a><\/td>\n<\/tr>\n<tr>\n<td>15:30 \u2013 16:00<\/td>\n<td colspan=\"2\"><strong>\u00c7ay-Kahve Aras\u0131<\/strong><\/td>\n<\/tr>\n<tr>\n<td>16:00 \u2013 17:30<\/td>\n<td style=\"background: #b7d6ff;\" colspan=\"2\"><span style=\"font-weight: bold;\">Ana Konferans Salonu | Davetli Konu\u015fmac\u0131lar<\/span><\/td>\n<\/tr>\n<tr>\n<td>16:00 &#8211; 16:30<\/td>\n<td colspan=\"2\">Mert \u00c7OBANOV, <em>Senior Data Scientist &amp; Generative Artist<\/em> | <a href=\"https:\/\/www.bilisim.org.tr\/bilisim2023\/wp-content\/uploads\/2023\/12\/Davetli-konusmaci-1.jpg\" rel=\"lightbox\">G\u00f6rsel<\/a><br \/>\nGenerative AI Art veya Generative AI Art with Diffusion Models<\/td>\n<\/tr>\n<tr>\n<td>16:30 &#8211; 17:00<\/td>\n<td colspan=\"2\">Damla DOKUZO\u011eLU, <em>AppNava CEO<\/em> | <a href=\"https:\/\/www.bilisim.org.tr\/bilisim2023\/wp-content\/uploads\/2023\/12\/Davetli-konusmaci-2.jpg\" rel=\"lightbox\">G\u00f6rsel<\/a><br \/>\n\u0130\u015f D\u00fcnyas\u0131 i\u00e7in AI, ML Uygulamalar\u0131<\/td>\n<\/tr>\n<tr>\n<td>17:00 &#8211; 17:30<\/td>\n<td colspan=\"2\">Ecehan YILDIRIM, <em>YZ Uzman\u0131<\/em> | <a href=\"https:\/\/www.bilisim.org.tr\/bilisim2023\/wp-content\/uploads\/2023\/12\/Davetli-konusmaci-3.jpg\" rel=\"lightbox\">G\u00f6rsel<\/a><br \/>\nWeb 3.0 &#8211; Blockchain Teknolojisi \u0130le Demokratikle\u015fme \u00d6yk\u00fcs\u00fc<\/td>\n<\/tr>\n<tr>\n<td>16:00 \u2013 17:30<\/td>\n<td style=\"background: #ffdbb7;\" colspan=\"2\"><span style=\"font-weight: bold;\">VIP Salonu | Oturum III: 13. TBD Gen\u00e7 Bili\u015fimciler Kurultay\u0131-2-Oyun D\u00fcnyas\u0131nda Giri\u015fimcilik: F\u0131rsatlar, Zorluklar ve Ba\u015far\u0131 Stratejileri<\/span><\/td>\n<\/tr>\n<tr>\n<td colspan=\"3\"><span style=\"color: #626262; font-weight: bold;\">Panel Y\u00f6neticisi:<\/span> <strong>Melike Nur K\u00d6RO\u011eLU<\/strong>, <em>T\u00fcrkiye Bili\u015fim Derne\u011fi, Gen\u00e7 Ba\u015fkan\u0131<\/em> | <a href=\"https:\/\/www.bilisim.org.tr\/bilisim2023\/wp-content\/uploads\/2023\/12\/Oturum-3-1.jpg\" rel=\"lightbox\">G\u00f6rsel<\/a><\/p>\n<p><strong>Konu\u015fmac\u0131lar<\/strong><\/p>\n<ul>\n<li>Taygun Arda \u00d6ZT\u00dcRK, TaleWorlds, Entertainment Producer\/Prod\u00fckt\u00f6r | <a href=\"https:\/\/www.bilisim.org.tr\/bilisim2023\/wp-content\/uploads\/2023\/12\/Oturum-3-2.jpg\" rel=\"lightbox\">G\u00f6rsel<\/a><\/li>\n<li>Do\u00e7. Dr. Selay ARK\u00dcN KOCADERE, Hacettepe \u00dcniversitesi, \u00d6\u011fretim \u00dcyesi | <a href=\"https:\/\/www.bilisim.org.tr\/bilisim2023\/wp-content\/uploads\/2023\/12\/Oturum-3-3.jpg\" rel=\"lightbox\">G\u00f6rsel<\/a><\/li>\n<li>Fevzi ALTUNCU, Clay Token Game Studio, Inc. Kurucu Ortak\/Teknik Sanat Y\u00f6netmeni | <a href=\"https:\/\/www.bilisim.org.tr\/bilisim2023\/wp-content\/uploads\/2023\/12\/Oturum-3-4.jpg\" rel=\"lightbox\">G\u00f6rsel<\/a><\/li>\n<li>Yaren AKIN, ATOM (Animasyon Teknolojileri ve Oyun Geli\u015ftirme Merkezi), Y\u00f6netici Koordinat\u00f6r | <a href=\"https:\/\/www.bilisim.org.tr\/bilisim2023\/wp-content\/uploads\/2023\/12\/Oturum-3-5.jpg\" rel=\"lightbox\">G\u00f6rsel<\/a><\/li>\n<\/ul>\n<\/td>\n<\/tr>\n<tr>\n<td>16:00 \u2013 17:30<\/td>\n<td style=\"background: #d4b7ff;\" colspan=\"2\"><span style=\"font-weight: bold;\">1. Kat Konferans Salonu | AKADEM\u0130K B\u0130LD\u0130R\u0130 SUNUMU-2<\/span> | <a href=\"https:\/\/iisec.tbdakademi.org.tr\/2023\/wp-content\/uploads\/2023\/12\/IISEC2023_PROGRAM_v8-17.12.2023.pdf\" target=\"_blank\" rel=\"noopener\">IISEC 2023 Program<\/a><\/td>\n<\/tr>\n<tr>\n<td style=\"color: #003366; font-size: 20px;\" colspan=\"3\"><b> 2. G\u00dcN \u2013 22 ARALIK 2023, CUMA<\/b><\/td>\n<\/tr>\n<tr>\n<td colspan=\"3\"><\/td>\n<\/tr>\n<tr>\n<td>10:00 \u2013 11:30<\/td>\n<td style=\"background: #b7d6ff;\" colspan=\"2\"><span style=\"font-weight: bold;\">Ana Konferans Salonu | Oturum V: Teknolojide Kad\u0131n: Bilgi Toplumu \u00c7a\u011f\u0131nda Ku\u015faklar ve Teknoloji<\/span><\/td>\n<\/tr>\n<tr>\n<td colspan=\"3\"><strong>TBD Kad\u0131n Konu\u015fmac\u0131lar\u0131<\/strong><\/p>\n<ul>\n<li>Dilek \u015eEN KARAKAYA, TBD Kad\u0131n \u00c7al\u0131\u015fma Grubu Ba\u015fkan\u0131 | <a href=\"https:\/\/www.bilisim.org.tr\/bilisim2023\/wp-content\/uploads\/2023\/12\/TBD-Kadin-1.jpg\" rel=\"lightbox\">G\u00f6rsel<\/a><\/li>\n<li>Kad\u0131n \u00c7al\u0131\u015fma Grubu Proje Tan\u0131t\u0131mlar\u0131<\/li>\n<li>Nurcan \u00d6ZYAZICI SUNAY, CEP\u0130S Kad\u0131n \u00c7al\u0131\u015fma Grubu Ba\u015fkan\u0131, TBD Kad\u0131n \u00c7al\u0131\u015fma Grubu Projesi DiversIT | <a href=\"https:\/\/www.bilisim.org.tr\/bilisim2023\/wp-content\/uploads\/2023\/12\/TBD-Kadin-2.jpg\" rel=\"lightbox\">G\u00f6rsel<\/a><\/li>\n<li>Suna \u00d6ZTOP SARIO\u011eLU, TBD Kad\u0131n \u00c7al\u0131\u015fma Grubu \u00dcyesi, TBD Kad\u0131n \u00c7al\u0131\u015fma Grubu Projesi MKM | <a href=\"https:\/\/www.bilisim.org.tr\/bilisim2023\/wp-content\/uploads\/2023\/12\/TBD-Kadin-3.jpg\" rel=\"lightbox\">G\u00f6rsel<\/a><\/li>\n<li>Ceyda S\u00dcER, T\u00fcrkiye Bili\u015fim Derne\u011fi Y\u00f6netim Kurulu \u00dcyesi, TBD Kad\u0131n \u00c7al\u0131\u015fma Grubu Projesi BGK | <a href=\"https:\/\/www.bilisim.org.tr\/bilisim2023\/wp-content\/uploads\/2023\/12\/TBD-Kadin-4.jpg\" rel=\"lightbox\">G\u00f6rsel<\/a><\/li>\n<li>Dr. Duygu \u00d6ZALP, Ba\u015fkent \u00dcniversitesi, \u201cD\u00fcnyada ve T\u00fcrkiye\u2019de Teknolojide Kad\u0131n\u201d | <a href=\"https:\/\/www.bilisim.org.tr\/bilisim2023\/wp-content\/uploads\/2023\/12\/TBD-Kadin-5.jpg\" rel=\"lightbox\">G\u00f6rsel<\/a><\/li>\n<li>Selen TOLUN, Sorentum Genel M\u00fcd\u00fcr\u00fc, \u201cYapamazs\u0131n Diyeni Dinlemeyin\u201d | <a href=\"https:\/\/www.bilisim.org.tr\/bilisim2023\/wp-content\/uploads\/2023\/12\/TBD-Kadin-6.jpg\" rel=\"lightbox\">G\u00f6rsel<\/a><\/li>\n<\/ul>\n<p><strong>Konu\u015fmac\u0131lar<\/strong><\/p>\n<ul>\n<li>Do\u00e7. Dr. Demet TA\u015e, Ankara Y\u0131ld\u0131r\u0131m Beyaz\u0131t \u00dcniversitesi, \u201cTeknoloji Ba\u011f\u0131ml\u0131l\u0131\u011f\u0131 ve Beyin A\u011flar\u0131\u201d | <a href=\"https:\/\/www.bilisim.org.tr\/bilisim2023\/wp-content\/uploads\/2023\/12\/5-1.jpg\" rel=\"lightbox\">G\u00f6rsel<\/a><\/li>\n<li>Do\u00e7. Dr. Sibel K\u00dc\u00c7\u00dcK, Y\u0131ld\u0131r\u0131m Beyaz\u0131t \u00dcniversitesi, \u201cDijital Oyunlar\u201d | <a href=\"https:\/\/www.bilisim.org.tr\/bilisim2023\/wp-content\/uploads\/2023\/12\/5-2.jpg\" rel=\"lightbox\">G\u00f6rsel<\/a><\/li>\n<li>Dr. Dilek ULUDA\u015eDEM\u0130R, Y\u0131ld\u0131r\u0131m Beyaz\u0131t \u00dcniversitesi, \u00d6\u011fretim \u00dcyesi, \u201cDijital Ebeveynlik\u201d | <a href=\"https:\/\/www.bilisim.org.tr\/bilisim2023\/wp-content\/uploads\/2023\/12\/5-3.jpg\" rel=\"lightbox\">G\u00f6rsel<\/a><\/li>\n<li>Burcu Co\u015fkun \u015eENG\u00dcL, T\u00fcrkiye Oyun Geli\u015ftiricileri Derne\u011fi, \u201cOyun oynamak iyi mi k\u00f6t\u00fc m\u00fc?\u201d | <a href=\"https:\/\/www.bilisim.org.tr\/bilisim2023\/wp-content\/uploads\/2023\/12\/5-4.jpg\" rel=\"lightbox\">G\u00f6rsel<\/a><\/li>\n<\/ul>\n<\/td>\n<\/tr>\n<tr>\n<td>10:00 \u2013 11:30<\/td>\n<td style=\"background: #ffdbb7;\" colspan=\"2\"><span style=\"font-weight: bold;\">VIP Salonu | Oturum IV: \u0130kinci Y\u00fczy\u0131la Y\u00f6n Veren Ak\u0131ll\u0131 Teknolojiler<\/span><\/td>\n<\/tr>\n<tr>\n<td colspan=\"3\"><span style=\"color: #626262; font-weight: bold;\">Panel Y\u00f6neticisi:<\/span> <strong>Esma D\u0130LEK<\/strong>, <em>T.C. Ula\u015ft\u0131rma ve Altyap\u0131 Bakanl\u0131\u011f\u0131, Haberle\u015fme Genel M\u00fcd\u00fcrl\u00fc\u011f\u00fc, Genel M\u00fcd\u00fcr Yard\u0131mc\u0131s\u0131<\/em> | <a href=\"https:\/\/www.bilisim.org.tr\/bilisim2023\/wp-content\/uploads\/2023\/12\/4-1.jpg\" rel=\"lightbox\">G\u00f6rsel<\/a><\/p>\n<p><strong>Konu\u015fmac\u0131lar<\/strong><\/p>\n<ul>\n<li>Murat Mustafa HARMAN, T.C. Ula\u015ft\u0131rma ve Altyap\u0131 Bakanl\u0131\u011f\u0131 Haberle\u015fme Genel M\u00fcd\u00fcrl\u00fc\u011f\u00fc, Ak\u0131ll\u0131 Ula\u015f\u0131m Sistemleri Daire Ba\u015fkan\u0131 | <a href=\"https:\/\/www.bilisim.org.tr\/bilisim2023\/wp-content\/uploads\/2023\/12\/4-2.jpg\" rel=\"lightbox\">G\u00f6rsel<\/a><\/li>\n<li>G\u00f6ktu\u011f BA\u015eT\u00dcRK, T.C. Ula\u015ft\u0131rma ve Altyap\u0131 Bakanl\u0131\u011f\u0131, Kenti\u00e7i  Rayl\u0131 Sistemler Yaz\u0131l\u0131m Dairesi Ara\u00e7lar \u015eube M\u00fcd\u00fcr\u00fc | <a href=\"https:\/\/www.bilisim.org.tr\/bilisim2023\/wp-content\/uploads\/2023\/12\/4-6.jpg\" rel=\"lightbox\">G\u00f6rsel<\/a><\/li>\n<li>\u015eahabettin \u00c7A\u011eLAR, TCDD TA\u015eIMACILIK A.\u015e., Bilgi Teknolojileri Daire Ba\u015fkan\u0131 | <a href=\"https:\/\/www.bilisim.org.tr\/bilisim2023\/wp-content\/uploads\/2023\/12\/4-4.jpg\" rel=\"lightbox\">G\u00f6rsel<\/a><\/li>\n<li>Av. Kaan BEYLEN, Beylen Avukatl\u0131k B\u00fcrosu, &#8220;Nereden \u00c7\u0131kt\u0131 Bu Otonom Ara\u00e7lar?&#8221; | <a href=\"https:\/\/www.bilisim.org.tr\/bilisim2023\/wp-content\/uploads\/2023\/12\/4-5.jpg\" rel=\"lightbox\">G\u00f6rsel<\/a><\/li>\n<\/ul>\n<\/td>\n<\/tr>\n<tr>\n<td>10:00 \u2013 11:30<\/td>\n<td style=\"background: #d4b7ff;\" colspan=\"2\"><span style=\"font-weight: bold;\">1. Kat Konferans Salonu | AKADEM\u0130K B\u0130LD\u0130R\u0130 SUNUMU-3<\/span> | <a href=\"https:\/\/iisec.tbdakademi.org.tr\/2023\/wp-content\/uploads\/2023\/12\/IISEC2023_PROGRAM_v8-17.12.2023.pdf\" target=\"_blank\" rel=\"noopener\">IISEC 2023 Program<\/a><\/td>\n<\/tr>\n<tr>\n<td>11:30 \u2013 12:15<\/td>\n<td style=\"color: darkred; background: #b7d6ff; font-weight: bold;\" colspan=\"2\"><span style=\"color: #000000; font-weight: bold;\">Ana Konferans Salonu | Oturum VI: Teknolojide Kad\u0131n: Sa\u011fl\u0131k Bili\u015fimi<\/span><\/td>\n<\/tr>\n<tr>\n<td colspan=\"3\"><strong>Konu\u015fmac\u0131lar<\/strong><\/p>\n<ul>\n<li>Av. Bilgenur KARA, T.C. Sa\u011fl\u0131k Bakanl\u0131\u011f\u0131, \u201cUzaktan Sa\u011fl\u0131k Sistemi ve Hukuki Boyutu Nedir?\u201d | <a href=\"https:\/\/www.bilisim.org.tr\/bilisim2023\/wp-content\/uploads\/2023\/12\/6-1.jpg\" rel=\"lightbox\">G\u00f6rsel<\/a><\/li>\n<li>Do\u00e7. Dr. Yeliz Do\u011fan MER\u0130H, Sa\u011fl\u0131k Bilimleri \u00dcniversitesi, \u00d6\u011fretim \u00fcyesi, \u201cSa\u011fl\u0131kta \u0130novasyonu nas\u0131l aktive edebiliriz?\u201d | <a href=\"https:\/\/www.bilisim.org.tr\/bilisim2023\/wp-content\/uploads\/2023\/12\/6-2.jpg\" rel=\"lightbox\">G\u00f6rsel<\/a><\/li>\n<li>Prof. Dr. Ebru SEZER, Hacettepe \u00dcniversitesi, \u201cSa\u011fl\u0131kta Yapay Zeka Uygulamalar\u0131\u201d | <a href=\"https:\/\/www.bilisim.org.tr\/bilisim2023\/wp-content\/uploads\/2023\/12\/6-3.jpg\" rel=\"lightbox\">G\u00f6rsel<\/a><\/li>\n<li>Prof. Dr. Z\u00fcmr\u00fct Bahad\u0131r \u00dcNAL, Ege \u00dcniversitesi, \u201cGiyilebilir Teknoloji Uygulamalar\u0131\u201d | <a href=\"https:\/\/www.bilisim.org.tr\/bilisim2023\/wp-content\/uploads\/2023\/12\/6-4.jpg\" rel=\"lightbox\">G\u00f6rsel<\/a><\/li>\n<li>Ayfer \u00c7ALI\u015eKAN, G\u00fcven Hastanesi, \u201cDijital Sa\u011fl\u0131\u011f\u0131n Uygulama Etkileri\u201d | <a href=\"https:\/\/www.bilisim.org.tr\/bilisim2023\/wp-content\/uploads\/2023\/12\/6-5.jpg\" rel=\"lightbox\">G\u00f6rsel<\/a><\/li>\n<\/ul>\n<\/td>\n<\/tr>\n<tr>\n<td>11:30 \u2013 12:15<\/td>\n<td style=\"background: #b7ffb9;\" colspan=\"2\"><span style=\"font-weight: bold;\">VIP Salonu | Davetli Konu\u015fmac\u0131<\/span><\/td>\n<\/tr>\n<tr>\n<td><\/td>\n<td colspan=\"2\"><b>Davetli Konu\u015fmac\u0131:<\/b> Prof. Dr. Simten MALHAN, <em>G\u00fcven Sa\u011fl\u0131k Grubu, Genel M\u00fcd\u00fcr<\/em> | <a href=\"https:\/\/www.bilisim.org.tr\/bilisim2023\/wp-content\/uploads\/2023\/12\/Davetli-Konusmaci-Gun-2.jpg\" rel=\"lightbox\">G\u00f6rsel<\/a><\/td>\n<\/tr>\n<tr>\n<td>12:15 \u2013 13:30<\/td>\n<td colspan=\"2\"><strong>\u00d6\u011fle Yeme\u011fi<\/strong><\/td>\n<\/tr>\n<tr>\n<td>13:30 \u2013 15:00<\/td>\n<td style=\"background: #b7d6ff;\" colspan=\"2\"><span style=\"font-weight: bold;\">Ana Konferans Salonu | Oturum VII: T\u00fcrkiye\u2019de Engelsiz Bili\u015fim \u00c7al\u0131\u015fmalar\u0131<\/span><\/td>\n<\/tr>\n<tr>\n<td colspan=\"3\"><span style=\"color: #626262; font-weight: bold;\">Panel Y\u00f6neticisi:<\/span> <strong>Dr. M. \u00d6zhan KALA\u00c7<\/strong>, <em>T\u00fcrkiye Engelsiz Bili\u015fim Platformu Koordinat\u00f6r\u00fc, Manisa Celal Bayar \u00dcniversitesi \u00d6\u011fretim \u00dcyesi<\/em> | <a href=\"https:\/\/www.bilisim.org.tr\/bilisim2023\/wp-content\/uploads\/2023\/12\/7-1.jpg\" rel=\"lightbox\">G\u00f6rsel<\/a><\/p>\n<p><strong>Konu\u015fmac\u0131lar<\/strong><\/p>\n<ul>\n<li>Dr. G\u00fclbahar URHAN, Ankara M\u00fczik ve G\u00fczel Sanatlar \u00dcniversitesi, \u00d6\u011fretim \u00dcyesi\/Ali Caner ALPASLAN, Ankara M\u00fczik ve G\u00fczel Sanatlar \u00dcniversitesi Y\u00fcksek Lisans \u00d6\u011frencisi | <a href=\"https:\/\/www.bilisim.org.tr\/bilisim2023\/wp-content\/uploads\/2023\/12\/7-2-yeni.jpg\" rel=\"lightbox\">G\u00f6rsel<\/a><br \/>\n&#8220;Engelsiz M\u00fczik K\u00fct\u00fcphanesi&#8221;<\/li>\n<li>\u0130brahim EL\u0130BAL, MEB Uzman Psikolojik Dan\u0131\u015fman, TEBP Ankara Temsilcisi | <a href=\"https:\/\/www.bilisim.org.tr\/bilisim2023\/wp-content\/uploads\/2023\/12\/7-4.jpg\" rel=\"lightbox\">G\u00f6rsel<\/a><br \/>\n&#8220;Okul \u00d6ncesi \u00c7ocuklarda Teknoloji Kullan\u0131m\u0131&#8221;<\/li>\n<li>Do\u00e7. Dr. \u00d6zer \u00c7EL\u0130K, Eski\u015fehir Osmangazi \u00dcniversitesi \u00d6\u011fretim \u00dcyesi Engelsiz \u00c7eviri Kurucu \/ CEO | <a href=\"https:\/\/www.bilisim.org.tr\/bilisim2023\/wp-content\/uploads\/2023\/12\/7-5.jpg\" rel=\"lightbox\">G\u00f6rsel<\/a><br \/>\n&#8220;Dijital D\u00fcnyada Yapay Zeka Destekli S\u00fcrd\u00fcr\u00fclebilir Eri\u015filebilirlik&#8221;<\/li>\n<li>Emre TA\u015eKIN, E\u011fitimde G\u00f6rme Engelliler Derne\u011fi | <a href=\"https:\/\/www.bilisim.org.tr\/bilisim2023\/wp-content\/uploads\/2023\/12\/7-6.jpg\" rel=\"lightbox\">G\u00f6rsel<\/a><br \/>\n&#8220;G\u00f6rme Engellilerin E\u011fitiminde Teknolojinin \u00d6nemi&#8221;<\/li>\n<li>O\u011fulcan BA\u015eKAN, WeWALK \u0130\u015f Geli\u015ftirme M\u00fcd\u00fcr\u00fc | <a href=\"https:\/\/www.bilisim.org.tr\/bilisim2023\/wp-content\/uploads\/2023\/12\/7-7.jpg\" rel=\"lightbox\">G\u00f6rsel<\/a><br \/>\n&#8220;G\u00f6rme Engelli Bireylerin Sosyal Hayata Kat\u0131l\u0131m\u0131 i\u00e7in Yenilik\u00e7i Teknolojiler&#8221;<\/li>\n<\/ul>\n<\/td>\n<\/tr>\n<tr>\n<td>13:30 \u2013 15:00<\/td>\n<td style=\"background: #ffdbb7;\" colspan=\"2\"><span style=\"font-weight: bold;\">VIP Salonu | Oturum VIII: D\u00f6n\u00fc\u015ft\u00fcr\u00fcc\u00fc Teknolojiler<\/span><\/td>\n<\/tr>\n<tr>\n<td colspan=\"3\"><span style=\"color: #626262; font-weight: bold;\">Panel Y\u00f6neticisi:<\/span> <strong>Do\u00e7. Dr. Meltem ERYILMAZ<\/strong>, <em>At\u0131l\u0131m \u00dcniversitesi, Bilgisayar M\u00fchendisli\u011fi, \u00d6\u011fretim \u00dcyesi <\/em> | <a href=\"https:\/\/www.bilisim.org.tr\/bilisim2023\/wp-content\/uploads\/2023\/12\/8-1.jpg\" rel=\"lightbox\">G\u00f6rsel<\/a><\/p>\n<p><strong>Konu\u015fmac\u0131lar<\/strong><\/p>\n<ul>\n<li>Tolga T. TUNCER, T\u00fcrkiye Bili\u015fim Derne\u011fi, \u0130cra Kurulu Ba\u015fkan | <a href=\"https:\/\/www.bilisim.org.tr\/bilisim2023\/wp-content\/uploads\/2023\/12\/8-2.jpg\" rel=\"lightbox\">G\u00f6rsel<\/a><\/li>\n<li>Prof. Dr. Ali BOZBEY, TOBB \u00dcniversitesi Elektrik Elektronik M\u00fchendisli\u011fi B\u00f6l\u00fcm\u00fc \u00d6\u011fretim \u00dcyesi, \u201cKuantum Teknolojisi ve Gelecek\u201d | <a href=\"https:\/\/www.bilisim.org.tr\/bilisim2023\/wp-content\/uploads\/2023\/12\/8-3.jpg\" rel=\"lightbox\">G\u00f6rsel<\/a><\/li>\n<li>Dr. Abdulkadir KAYIKLI, VESTEL A.\u015e. \u2013Hayriya \u015eT\u0130. Y\u00f6neticisi, \u201cBedenimiz Nas\u0131l Veri \u00dcretiyor\u201d | <a href=\"https:\/\/www.bilisim.org.tr\/bilisim2023\/wp-content\/uploads\/2023\/12\/8-4.jpg\" rel=\"lightbox\">G\u00f6rsel<\/a><\/li>\n<li>Bilal T\u00dcRKMEN, Bupa Ac\u0131badem Sigorta\u2019da \u0130\u015f Geli\u015ftirme Ba\u015fkan\u0131, \u201cS\u00fcper Yapay Zeka i\u00e7in Veri Kullan\u0131m\u201d | <a href=\"https:\/\/www.bilisim.org.tr\/bilisim2023\/wp-content\/uploads\/2023\/12\/8-5.jpg\" rel=\"lightbox\">G\u00f6rsel<\/a><\/li>\n<\/ul>\n<\/td>\n<\/tr>\n<tr>\n<td>13:30 \u2013 15:00<\/td>\n<td style=\"background: #d4b7ff;\" colspan=\"2\"><span style=\"font-weight: bold;\">1. Kat Konferans Salonu | AKADEM\u0130K B\u0130LD\u0130R\u0130 SUNUMU-4<\/span> | <a href=\"https:\/\/iisec.tbdakademi.org.tr\/2023\/wp-content\/uploads\/2023\/12\/IISEC2023_PROGRAM_v8-17.12.2023.pdf\" target=\"_blank\" rel=\"noopener\">IISEC 2023 Program<\/a><\/td>\n<\/tr>\n<tr>\n<td>15:00 \u2013 15:15<\/td>\n<td colspan=\"2\"><strong>Ara<\/strong><\/td>\n<\/tr>\n<tr>\n<td>15:15 \u2013 16:45<\/td>\n<td style=\"background: #b7d6ff;\" colspan=\"2\"><span style=\"font-weight: bold;\">Ana Konferans Salonu | Oturum VIII: TBD Kendini Anlat\u0131yor<\/span><\/td>\n<\/tr>\n<tr>\n<td><\/td>\n<td colspan=\"2\">15:15-16:00 | Dijital T\u00fcrkiye Endeksi (DTE) 2023 Bas\u0131n Tan\u0131t\u0131m\u0131<br \/>\n16:00-16:20 | TBD Bili\u015fim S\u00f6zl\u00fc\u011f\u00fc Bas\u0131n Tan\u0131t\u0131m\u0131<br \/>\n16:20-16:40 | Bili\u015fim \u015euras\u0131 Tan\u0131t\u0131m\u0131<\/td>\n<\/tr>\n<tr>\n<td>15:15 \u2013 16:45<\/td>\n<td style=\"background: #d4b7ff;\" colspan=\"2\"><span style=\"font-weight: bold;\">1. Kat Konferans Salonu | AKADEM\u0130K B\u0130LD\u0130R\u0130 SUNUMU-5<\/span><\/td>\n<\/tr>\n<tr>\n<td>16:45 \u2013 18:00<\/td>\n<td style=\"background: #b7d6ff;\" colspan=\"2\"><strong>Ana Konferans Salonu | Kapan\u0131\u015f Konu\u015fmas\u0131 ve \u00d6d\u00fcl T\u00f6renleri<\/strong><\/td>\n<\/tr>\n<tr>\n<td style=\"padding-left: 22px;\" colspan=\"3\">\n<ul>\n<li><strong>\u00d6mer Abdullah KARAG\u00d6ZO\u011eLU, BTK Ba\u015fkan\u0131<\/strong><\/li>\n<li><strong>6. TBD \/ Prof. Dr. Ayd\u0131n K\u00f6ksal Bilim \u00d6d\u00fclleri<\/strong><\/li>\n<li><strong>TBD 25. Bilimkurgu \u00d6yk\u00fc Yar\u0131\u015fmas\u0131 \u00d6d\u00fclleri<\/strong><\/li>\n<li><strong>Bili\u015fim Hizmet \u00d6d\u00fclleri<\/strong><\/li>\n<li><strong>Sponsorluk Plaket Sunumu<\/strong><\/li>\n<\/ul>\n<p>Aile Foto\u011fraf \u00c7ekimi ve Kapan\u0131\u015f<\/td>\n<\/tr>\n<\/tbody>\n<\/table>\n","protected":false},"excerpt":{"rendered":"<p>1. G\u00dcN \u2013 21 ARALIK 2023 , PER\u015eEMBE 09:00 \u2013 09:55 Kay\u0131t ANA KONFERANS SALONU 10:00 \u2013 10:10 Sayg\u0131 Duru\u015fu ve \u0130stiklal Mar\u015f\u0131 10:10 \u2013 10:30<span class=\"excerpt-hellip\"> [\u2026]<\/span><\/p>\n","protected":false},"author":4,"featured_media":0,"parent":0,"menu_order":0,"comment_status":"closed","ping_status":"closed","template":"","meta":{"footnotes":""},"class_list":["post-33","page","type-page","status-publish","hentry"],"_links":{"self":[{"href":"https:\/\/www.bilisim.org.tr\/bilisim2023\/wp-json\/wp\/v2\/pages\/33","targetHints":{"allow":["GET"]}}],"collection":[{"href":"https:\/\/www.bilisim.org.tr\/bilisim2023\/wp-json\/wp\/v2\/pages"}],"about":[{"href":"https:\/\/www.bilisim.org.tr\/bilisim2023\/wp-json\/wp\/v2\/types\/page"}],"author":[{"embeddable":true,"href":"https:\/\/www.bilisim.org.tr\/bilisim2023\/wp-json\/wp\/v2\/users\/4"}],"replies":[{"embeddable":true,"href":"https:\/\/www.bilisim.org.tr\/bilisim2023\/wp-json\/wp\/v2\/comments?post=33"}],"version-history":[{"count":546,"href":"https:\/\/www.bilisim.org.tr\/bilisim2023\/wp-json\/wp\/v2\/pages\/33\/revisions"}],"predecessor-version":[{"id":2827,"href":"https:\/\/www.bilisim.org.tr\/bilisim2023\/wp-json\/wp\/v2\/pages\/33\/revisions\/2827"}],"wp:attachment":[{"href":"https:\/\/www.bilisim.org.tr\/bilisim2023\/wp-json\/wp\/v2\/media?parent=33"}],"curies":[{"name":"wp","href":"https:\/\/api.w.org\/{rel}","templated":true}]}}