{"id":2179,"date":"2022-09-01T14:19:35","date_gmt":"2022-09-01T14:19:35","guid":{"rendered":"https:\/\/www.bilisim.org.tr\/bilisim2022\/?page_id=2179"},"modified":"2022-12-16T11:45:03","modified_gmt":"2022-12-16T11:45:03","slug":"sponsorlar","status":"publish","type":"page","link":"https:\/\/www.bilisim.org.tr\/bilisim2022\/sponsorlar\/","title":{"rendered":"SPONSORLAR"},"content":{"rendered":"<div class=\"wpb-content-wrapper\"><p>[vc_row css=&#8221;.vc_custom_1670267044608{padding-top: 20px !important;}&#8221;][vc_column][vc_custom_heading text=&#8221;ANA SPONSOR&#8221; font_container=&#8221;tag:h2|font_size:20px|text_align:center|color:%231e73be|line_height:20px&#8221; use_theme_fonts=&#8221;yes&#8221;][\/vc_column][\/vc_row][vc_row][vc_column width=&#8221;1\/5&#8243;][\/vc_column][vc_column width=&#8221;1\/5&#8243;][\/vc_column][vc_column width=&#8221;1\/5&#8243;][vc_single_image source=&#8221;external_link&#8221; external_img_size=&#8221;192&#215;192&#8243; alignment=&#8221;center&#8221; external_style=&#8221;vc_box_shadow_border&#8221; onclick=&#8221;custom_link&#8221; img_link_target=&#8221;_blank&#8221; custom_src=&#8221;https:\/\/www.tbd.org.tr\/logolar\/bilisim-vadisi-logo.jpg&#8221; link=&#8221;https:\/\/bilisimvadisi.com.tr\/&#8221;][\/vc_column][vc_column width=&#8221;1\/5&#8243;][\/vc_column][vc_column width=&#8221;1\/5&#8243;][\/vc_column][\/vc_row][vc_row][vc_column][vc_custom_heading text=&#8221;PLAT\u0130N SPONSORLAR&#8221; font_container=&#8221;tag:h2|font_size:20px|text_align:center|color:%231e73be|line_height:20px&#8221; use_theme_fonts=&#8221;yes&#8221;][\/vc_column][\/vc_row][vc_row][vc_column width=&#8221;1\/4&#8243;][vc_single_image source=&#8221;external_link&#8221; external_img_size=&#8221;192&#215;192&#8243; alignment=&#8221;center&#8221; external_style=&#8221;vc_box_shadow_border&#8221; onclick=&#8221;custom_link&#8221; img_link_target=&#8221;_blank&#8221; custom_src=&#8221;https:\/\/www.tbd.org.tr\/logolar\/aselsan-logo.jpg&#8221; link=&#8221;https:\/\/www.aselsan.com.tr\/&#8221;][\/vc_column][vc_column width=&#8221;1\/4&#8243;][vc_single_image source=&#8221;external_link&#8221; external_img_size=&#8221;192&#215;192&#8243; alignment=&#8221;center&#8221; external_style=&#8221;vc_box_shadow_border&#8221; onclick=&#8221;custom_link&#8221; img_link_target=&#8221;_blank&#8221; custom_src=&#8221;https:\/\/www.tbd.org.tr\/logolar\/logo-logo.jpg&#8221; link=&#8221;https:\/\/www.logo.com.tr\/&#8221;][\/vc_column][vc_column width=&#8221;1\/4&#8243;][vc_single_image source=&#8221;external_link&#8221; external_img_size=&#8221;192&#215;192&#8243; alignment=&#8221;center&#8221; external_style=&#8221;vc_box_shadow_border&#8221; onclick=&#8221;custom_link&#8221; img_link_target=&#8221;_blank&#8221; custom_src=&#8221;https:\/\/tbd.org.tr\/logolar\/symantec2-logo.jpg&#8221; link=&#8221;https:\/\/securitycloud.symantec.com\/cc\/landing&#8221;][\/vc_column][vc_column width=&#8221;1\/4&#8243;][vc_single_image source=&#8221;external_link&#8221; external_img_size=&#8221;192&#215;192&#8243; alignment=&#8221;center&#8221; external_style=&#8221;vc_box_shadow_border&#8221; onclick=&#8221;custom_link&#8221; img_link_target=&#8221;_blank&#8221; custom_src=&#8221;https:\/\/www.tbd.org.tr\/logolar\/turksat-logo.jpg&#8221; link=&#8221;https:\/\/www.turksat.com.tr\/tr&#8221;][\/vc_column][\/vc_row][vc_row][vc_column][vc_custom_heading text=&#8221;ALTIN SPONSORLAR&#8221; font_container=&#8221;tag:h2|font_size:20px|text_align:center|color:%231e73be|line_height:20px&#8221; use_theme_fonts=&#8221;yes&#8221;][\/vc_column][\/vc_row][vc_row][vc_column width=&#8221;1\/5&#8243;][vc_single_image source=&#8221;external_link&#8221; external_img_size=&#8221;192&#215;192&#8243; alignment=&#8221;center&#8221; external_style=&#8221;vc_box_shadow_border&#8221; onclick=&#8221;custom_link&#8221; img_link_target=&#8221;_blank&#8221; custom_src=&#8221;https:\/\/tbd.org.tr\/logolar\/akgun-yazilim-logo.jpg&#8221; link=&#8221;https:\/\/www.akgunyazilim.com.tr\/&#8221;][\/vc_column][vc_column width=&#8221;1\/5&#8243;][vc_single_image source=&#8221;external_link&#8221; external_img_size=&#8221;192&#215;192&#8243; alignment=&#8221;center&#8221; external_style=&#8221;vc_box_shadow_border&#8221; onclick=&#8221;custom_link&#8221; img_link_target=&#8221;_blank&#8221; custom_src=&#8221;https:\/\/www.tbd.org.tr\/logolar\/cyberverse-logo.jpg&#8221; link=&#8221;https:\/\/www.cyberverse.com.tr\/&#8221;][\/vc_column][vc_column width=&#8221;1\/5&#8243;][vc_single_image source=&#8221;external_link&#8221; external_img_size=&#8221;192&#215;192&#8243; alignment=&#8221;center&#8221; external_style=&#8221;vc_box_shadow_border&#8221; onclick=&#8221;custom_link&#8221; img_link_target=&#8221;_blank&#8221; custom_src=&#8221;https:\/\/tbd.org.tr\/logolar\/kale-yazilim-logo.jpg&#8221; link=&#8221;https:\/\/kaleyazilim.com.tr\/&#8221;][\/vc_column][vc_column width=&#8221;1\/5&#8243;][vc_single_image source=&#8221;external_link&#8221; external_img_size=&#8221;192&#215;192&#8243; alignment=&#8221;center&#8221; external_style=&#8221;vc_box_shadow_border&#8221; onclick=&#8221;custom_link&#8221; img_link_target=&#8221;_blank&#8221; custom_src=&#8221;https:\/\/tbd.org.tr\/logolar\/labris-logo.jpg&#8221; link=&#8221;http:\/\/labrisnetworks.com\/tr\/&#8221;][\/vc_column][vc_column width=&#8221;1\/5&#8243;][vc_single_image source=&#8221;external_link&#8221; external_img_size=&#8221;192&#215;192&#8243; alignment=&#8221;center&#8221; external_style=&#8221;vc_box_shadow_border&#8221; onclick=&#8221;custom_link&#8221; img_link_target=&#8221;_blank&#8221; custom_src=&#8221;https:\/\/tbd.org.tr\/logolar\/turkkep-logo.jpg&#8221; link=&#8221;https:\/\/turkkep.com.tr\/&#8221;][\/vc_column][\/vc_row][vc_row][vc_column][vc_custom_heading text=&#8221;G\u00dcM\u00dc\u015e SPONSORLAR&#8221; font_container=&#8221;tag:h2|font_size:20px|text_align:center|color:%231e73be|line_height:20px&#8221; use_theme_fonts=&#8221;yes&#8221;][\/vc_column][\/vc_row][vc_row][vc_column width=&#8221;1\/5&#8243;][vc_single_image source=&#8221;external_link&#8221; external_img_size=&#8221;192&#215;192&#8243; alignment=&#8221;center&#8221; external_style=&#8221;vc_box_shadow_border&#8221; onclick=&#8221;custom_link&#8221; img_link_target=&#8221;_blank&#8221; custom_src=&#8221;https:\/\/tbd.org.tr\/logolar\/emt-logo.jpg&#8221; link=&#8221;https:\/\/www.emt.com.tr\/tr&#8221;][\/vc_column][vc_column width=&#8221;1\/5&#8243;][vc_single_image source=&#8221;external_link&#8221; external_img_size=&#8221;192&#215;192&#8243; alignment=&#8221;center&#8221; external_style=&#8221;vc_box_shadow_border&#8221; onclick=&#8221;custom_link&#8221; img_link_target=&#8221;_blank&#8221; custom_src=&#8221;https:\/\/tbd.org.tr\/logolar\/globalnet-logo.jpg&#8221; link=&#8221;https:\/\/globalnet.com.tr\/&#8221;][\/vc_column][vc_column width=&#8221;1\/5&#8243;][vc_single_image source=&#8221;external_link&#8221; external_img_size=&#8221;192&#215;192&#8243; alignment=&#8221;center&#8221; external_style=&#8221;vc_box_shadow_border&#8221; onclick=&#8221;custom_link&#8221; img_link_target=&#8221;_blank&#8221; custom_src=&#8221;https:\/\/www.tbd.org.tr\/logolar\/rst-logo.jpg&#8221; link=&#8221;https:\/\/www.rstteknoloji.com.tr\/tr\/&#8221;][\/vc_column][vc_column width=&#8221;1\/5&#8243;][vc_single_image source=&#8221;external_link&#8221; external_img_size=&#8221;192&#215;192&#8243; alignment=&#8221;center&#8221; external_style=&#8221;vc_box_shadow_border&#8221; onclick=&#8221;custom_link&#8221; img_link_target=&#8221;_blank&#8221; custom_src=&#8221;https:\/\/tbd.org.tr\/logolar\/tnb-teknoloji-logo.jpg&#8221; link=&#8221;https:\/\/www.tnbteknoloji.com.tr\/&#8221;][\/vc_column][vc_column width=&#8221;1\/5&#8243;][vc_single_image image=&#8221;2182&#8243; img_size=&#8221;192&#215;192&#8243; alignment=&#8221;center&#8221; style=&#8221;vc_box_shadow_border&#8221;][\/vc_column][\/vc_row][vc_row][vc_column width=&#8221;2\/5&#8243;][vc_custom_heading text=&#8221;STANT<br \/>\nSPONSORLARI&#8221; font_container=&#8221;tag:h2|font_size:20px|text_align:center|color:%231e73be|line_height:20px&#8221; use_theme_fonts=&#8221;yes&#8221;][vc_row_inner][vc_column_inner width=&#8221;1\/2&#8243;][vc_single_image source=&#8221;external_link&#8221; external_img_size=&#8221;192&#215;192&#8243; alignment=&#8221;center&#8221; external_style=&#8221;vc_box_shadow_border&#8221; onclick=&#8221;custom_link&#8221; img_link_target=&#8221;_blank&#8221; custom_src=&#8221;https:\/\/www.tbd.org.tr\/logolar\/metacbu-logo.jpg&#8221; link=&#8221;http:\/\/meta.cbu.edu.tr&#8221;][\/vc_column_inner][vc_column_inner width=&#8221;1\/2&#8243;][vc_single_image source=&#8221;external_link&#8221; external_img_size=&#8221;192&#215;192&#8243; alignment=&#8221;center&#8221; external_style=&#8221;vc_box_shadow_border&#8221; onclick=&#8221;custom_link&#8221; img_link_target=&#8221;_blank&#8221; custom_src=&#8221;https:\/\/www.tbd.org.tr\/logolar\/sasad-logo.jpg&#8221; link=&#8221;https:\/\/www.sasad.org.tr\/&#8221;][\/vc_column_inner][\/vc_row_inner][\/vc_column][vc_column width=&#8221;1\/5&#8243;][vc_custom_heading text=&#8221;KAHVE MOLASI<br \/>\nSPONSORU&#8221; font_container=&#8221;tag:h2|font_size:20px|text_align:center|color:%231e73be|line_height:20px&#8221; use_theme_fonts=&#8221;yes&#8221;][vc_single_image source=&#8221;external_link&#8221; external_img_size=&#8221;192&#215;192&#8243; alignment=&#8221;center&#8221; external_style=&#8221;vc_box_shadow_border&#8221; onclick=&#8221;custom_link&#8221; img_link_target=&#8221;_blank&#8221; custom_src=&#8221;https:\/\/www.tbd.org.tr\/logolar\/verymoney-logo.jpg&#8221; link=&#8221;https:\/\/verymoney.com\/&#8221;][\/vc_column][vc_column width=&#8221;2\/5&#8243;][vc_custom_heading text=&#8221;\u00dcR\u00dcN\/H\u0130ZMET<br \/>\nSPONSORLARI&#8221; font_container=&#8221;tag:h2|font_size:20px|text_align:center|color:%231e73be|line_height:20px&#8221; use_theme_fonts=&#8221;yes&#8221;][vc_row_inner][vc_column_inner width=&#8221;1\/2&#8243;][vc_single_image source=&#8221;external_link&#8221; external_img_size=&#8221;192&#215;192&#8243; alignment=&#8221;center&#8221; external_style=&#8221;vc_box_shadow_border&#8221; onclick=&#8221;custom_link&#8221; img_link_target=&#8221;_blank&#8221; custom_src=&#8221;https:\/\/www.tbd.org.tr\/logolar\/probilisim-logo.jpg&#8221; link=&#8221;https:\/\/www.probilisim.com.tr\/&#8221;][\/vc_column_inner][vc_column_inner width=&#8221;1\/2&#8243;][vc_single_image source=&#8221;external_link&#8221; external_img_size=&#8221;192&#215;192&#8243; alignment=&#8221;center&#8221; external_style=&#8221;vc_box_shadow_border&#8221; onclick=&#8221;custom_link&#8221; img_link_target=&#8221;_blank&#8221; custom_src=&#8221;https:\/\/www.tbd.org.tr\/logolar\/veriyum-logo.jpg&#8221; link=&#8221;https:\/\/www.veriyum.net\/&#8221;][\/vc_column_inner][\/vc_row_inner][\/vc_column][\/vc_row][vc_row][vc_column][vc_custom_heading text=&#8221;BASIN\/MEDYA SPONSORLARI&#8221; font_container=&#8221;tag:h2|font_size:20px|text_align:center|color:%231e73be|line_height:20px&#8221; use_theme_fonts=&#8221;yes&#8221;][vc_row_inner][vc_column_inner width=&#8221;1\/5&#8243;][vc_single_image source=&#8221;external_link&#8221; external_img_size=&#8221;192&#215;192&#8243; alignment=&#8221;center&#8221; external_style=&#8221;vc_box_shadow_border&#8221; onclick=&#8221;custom_link&#8221; img_link_target=&#8221;_blank&#8221; custom_src=&#8221;https:\/\/www.tbd.org.tr\/logolar\/akilligundem-logo.jpg&#8221; link=&#8221;https:\/\/www.akilligundem.com\/&#8221;][\/vc_column_inner][vc_column_inner width=&#8221;1\/5&#8243;][vc_single_image source=&#8221;external_link&#8221; external_img_size=&#8221;192&#215;192&#8243; alignment=&#8221;center&#8221; external_style=&#8221;vc_box_shadow_border&#8221; onclick=&#8221;custom_link&#8221; img_link_target=&#8221;_blank&#8221; custom_src=&#8221;https:\/\/tbd.org.tr\/logolar\/bilisim-dergisi-logo.jpg&#8221; link=&#8221;https:\/\/www.bilisimdergisi.org.tr\/&#8221;][\/vc_column_inner][vc_column_inner width=&#8221;1\/5&#8243;][vc_single_image source=&#8221;external_link&#8221; external_img_size=&#8221;192&#215;192&#8243; alignment=&#8221;center&#8221; external_style=&#8221;vc_box_shadow_border&#8221; onclick=&#8221;custom_link&#8221; img_link_target=&#8221;_blank&#8221; custom_src=&#8221;https:\/\/www.tbd.org.tr\/logolar\/bthbaber-logo.jpg&#8221; link=&#8221;https:\/\/www.bthaber.com\/&#8221;][\/vc_column_inner][vc_column_inner width=&#8221;1\/5&#8243;][vc_single_image source=&#8221;external_link&#8221; external_img_size=&#8221;192&#215;192&#8243; alignment=&#8221;center&#8221; external_style=&#8221;vc_box_shadow_border&#8221; onclick=&#8221;custom_link&#8221; img_link_target=&#8221;_blank&#8221; custom_src=&#8221;https:\/\/www.tbd.org.tr\/logolar\/dijital-gundem-logo.jpg&#8221; link=&#8221;https:\/\/www.dijitalgundem.net\/&#8221;][\/vc_column_inner][vc_column_inner width=&#8221;1\/5&#8243;][vc_single_image source=&#8221;external_link&#8221; external_img_size=&#8221;192&#215;192&#8243; alignment=&#8221;center&#8221; external_style=&#8221;vc_box_shadow_border&#8221; onclick=&#8221;custom_link&#8221; img_link_target=&#8221;_blank&#8221; custom_src=&#8221;https:\/\/www.tbd.org.tr\/logolar\/faselis-logo.jpg&#8221; link=&#8221;https:\/\/www.faselis.com\/tr-TR\/&#8221;][\/vc_column_inner][\/vc_row_inner][vc_row_inner][vc_column_inner width=&#8221;1\/5&#8243;][vc_single_image source=&#8221;external_link&#8221; external_img_size=&#8221;192&#215;192&#8243; alignment=&#8221;center&#8221; external_style=&#8221;vc_box_shadow_border&#8221; onclick=&#8221;custom_link&#8221; img_link_target=&#8221;_blank&#8221; custom_src=&#8221;https:\/\/tbd.org.tr\/logolar\/ict-media-logo.jpg&#8221; link=&#8221;https:\/\/ictmedia.com.tr\/&#8221;][\/vc_column_inner][vc_column_inner width=&#8221;1\/5&#8243;][vc_single_image source=&#8221;external_link&#8221; external_img_size=&#8221;192&#215;192&#8243; alignment=&#8221;center&#8221; external_style=&#8221;vc_box_shadow_border&#8221; onclick=&#8221;custom_link&#8221; img_link_target=&#8221;_blank&#8221; custom_src=&#8221;https:\/\/www.tbd.org.tr\/logolar\/kobiefor-logo.jpg&#8221; link=&#8221;https:\/\/www.kobi-efor.com.tr\/&#8221;][\/vc_column_inner][vc_column_inner width=&#8221;1\/5&#8243;][vc_single_image source=&#8221;external_link&#8221; external_img_size=&#8221;192&#215;192&#8243; alignment=&#8221;center&#8221; external_style=&#8221;vc_box_shadow_border&#8221; onclick=&#8221;custom_link&#8221; img_link_target=&#8221;_blank&#8221; custom_src=&#8221;https:\/\/www.tbd.org.tr\/logolar\/maramiro-logo.jpg&#8221; link=&#8221;https:\/\/maramiro.com\/&#8221;][\/vc_column_inner][vc_column_inner width=&#8221;1\/5&#8243;][vc_single_image source=&#8221;external_link&#8221; external_img_size=&#8221;192&#215;192&#8243; alignment=&#8221;center&#8221; external_style=&#8221;vc_box_shadow_border&#8221; onclick=&#8221;custom_link&#8221; img_link_target=&#8221;_blank&#8221; custom_src=&#8221;https:\/\/www.tbd.org.tr\/logolar\/netizenlist-logo.jpg&#8221; link=&#8221;https:\/\/www.netizenlist.com\/&#8221;][\/vc_column_inner][vc_column_inner width=&#8221;1\/5&#8243;][vc_single_image source=&#8221;external_link&#8221; external_img_size=&#8221;192&#215;192&#8243; alignment=&#8221;center&#8221; external_style=&#8221;vc_box_shadow_border&#8221; onclick=&#8221;custom_link&#8221; img_link_target=&#8221;_blank&#8221; custom_src=&#8221;https:\/\/www.tbd.org.tr\/logolar\/vergialgi-logo.jpg&#8221; link=&#8221;https:\/\/vergialgi.com\/&#8221;][\/vc_column_inner][\/vc_row_inner][\/vc_column][\/vc_row][vc_row][vc_column][vc_custom_heading text=&#8221;DESTEKLEYEN KURUM\/KURULU\u015eLAR&#8221; font_container=&#8221;tag:h2|font_size:20px|text_align:center|color:%231e73be|line_height:20px&#8221; use_theme_fonts=&#8221;yes&#8221;][vc_row_inner][vc_column_inner width=&#8221;1\/5&#8243;][vc_single_image source=&#8221;external_link&#8221; external_img_size=&#8221;192&#215;192&#8243; alignment=&#8221;center&#8221; external_style=&#8221;vc_box_shadow_border&#8221; onclick=&#8221;custom_link&#8221; img_link_target=&#8221;_blank&#8221; custom_src=&#8221;https:\/\/www.tbd.org.tr\/logolar\/tccddo-logo.jpg&#8221;][\/vc_column_inner][vc_column_inner width=&#8221;1\/5&#8243;][vc_single_image source=&#8221;external_link&#8221; external_img_size=&#8221;192&#215;192&#8243; alignment=&#8221;center&#8221; external_style=&#8221;vc_box_shadow_border&#8221; onclick=&#8221;custom_link&#8221; img_link_target=&#8221;_blank&#8221; custom_src=&#8221;https:\/\/www.tbd.org.tr\/logolar\/uab-logo.jpg&#8221;][\/vc_column_inner][vc_column_inner width=&#8221;1\/5&#8243;][vc_single_image source=&#8221;external_link&#8221; external_img_size=&#8221;192&#215;192&#8243; alignment=&#8221;center&#8221; external_style=&#8221;vc_box_shadow_border&#8221; onclick=&#8221;custom_link&#8221; img_link_target=&#8221;_blank&#8221; custom_src=&#8221;https:\/\/www.tbd.org.tr\/logolar\/stb-logo.jpg&#8221;][\/vc_column_inner][vc_column_inner width=&#8221;1\/5&#8243;][vc_single_image source=&#8221;external_link&#8221; external_img_size=&#8221;192&#215;192&#8243; alignment=&#8221;center&#8221; external_style=&#8221;vc_box_shadow_border&#8221; onclick=&#8221;custom_link&#8221; img_link_target=&#8221;_blank&#8221; custom_src=&#8221;https:\/\/www.tbd.org.tr\/logolar\/tctob-logo.jpg&#8221; link=&#8221;https:\/\/www.tarimorman.gov.tr&#8221;][\/vc_column_inner][vc_column_inner width=&#8221;1\/5&#8243;][vc_single_image source=&#8221;external_link&#8221; external_img_size=&#8221;192&#215;192&#8243; alignment=&#8221;center&#8221; external_style=&#8221;vc_box_shadow_border&#8221; onclick=&#8221;custom_link&#8221; img_link_target=&#8221;_blank&#8221; custom_src=&#8221;https:\/\/www.tbd.org.tr\/logolar\/meb-logo.jpg&#8221;][\/vc_column_inner][\/vc_row_inner][vc_row_inner][vc_column_inner width=&#8221;1\/5&#8243;][\/vc_column_inner][vc_column_inner width=&#8221;1\/5&#8243;][\/vc_column_inner][vc_column_inner width=&#8221;1\/5&#8243;][vc_single_image source=&#8221;external_link&#8221; external_img_size=&#8221;192&#215;192&#8243; alignment=&#8221;center&#8221; external_style=&#8221;vc_box_shadow_border&#8221; onclick=&#8221;custom_link&#8221; img_link_target=&#8221;_blank&#8221; custom_src=&#8221;https:\/\/www.tbd.org.tr\/logolar\/btk-logo.jpg&#8221;][\/vc_column_inner][vc_column_inner width=&#8221;1\/5&#8243;][\/vc_column_inner][vc_column_inner width=&#8221;1\/5&#8243;][\/vc_column_inner][\/vc_row_inner][\/vc_column][\/vc_row]<\/p>\n<\/div>","protected":false},"excerpt":{"rendered":"<p>[vc_row css=&#8221;.vc_custom_1670267044608{padding-top: 20px !important;}&#8221;][vc_column][vc_custom_heading text=&#8221;ANA SPONSOR&#8221; font_container=&#8221;tag:h2|font_size:20px|text_align:center|color:%231e73be|line_height:20px&#8221; use_theme_fonts=&#8221;yes&#8221;][\/vc_column][\/vc_row][vc_row][vc_column width=&#8221;1\/5&#8243;][\/vc_column][vc_column width=&#8221;1\/5&#8243;][\/vc_column][vc_column width=&#8221;1\/5&#8243;][vc_single_image source=&#8221;external_link&#8221; external_img_size=&#8221;192&#215;192&#8243; alignment=&#8221;center&#8221; external_style=&#8221;vc_box_shadow_border&#8221; onclick=&#8221;custom_link&#8221; img_link_target=&#8221;_blank&#8221; custom_src=&#8221;https:\/\/www.tbd.org.tr\/logolar\/bilisim-vadisi-logo.jpg&#8221; link=&#8221;https:\/\/bilisimvadisi.com.tr\/&#8221;][\/vc_column][vc_column width=&#8221;1\/5&#8243;][\/vc_column][vc_column width=&#8221;1\/5&#8243;][\/vc_column][\/vc_row][vc_row][vc_column][vc_custom_heading text=&#8221;PLAT\u0130N SPONSORLAR&#8221; font_container=&#8221;tag:h2|font_size:20px|text_align:center|color:%231e73be|line_height:20px&#8221; use_theme_fonts=&#8221;yes&#8221;][\/vc_column][\/vc_row][vc_row][vc_column width=&#8221;1\/4&#8243;][vc_single_image<span class=\"excerpt-hellip\"> [\u2026]<\/span><\/p>\n","protected":false},"author":4,"featured_media":0,"parent":0,"menu_order":0,"comment_status":"closed","ping_status":"closed","template":"","meta":{"footnotes":""},"class_list":["post-2179","page","type-page","status-publish","hentry"],"_links":{"self":[{"href":"https:\/\/www.bilisim.org.tr\/bilisim2022\/wp-json\/wp\/v2\/pages\/2179","targetHints":{"allow":["GET"]}}],"collection":[{"href":"https:\/\/www.bilisim.org.tr\/bilisim2022\/wp-json\/wp\/v2\/pages"}],"about":[{"href":"https:\/\/www.bilisim.org.tr\/bilisim2022\/wp-json\/wp\/v2\/types\/page"}],"author":[{"embeddable":true,"href":"https:\/\/www.bilisim.org.tr\/bilisim2022\/wp-json\/wp\/v2\/users\/4"}],"replies":[{"embeddable":true,"href":"https:\/\/www.bilisim.org.tr\/bilisim2022\/wp-json\/wp\/v2\/comments?post=2179"}],"version-history":[{"count":42,"href":"https:\/\/www.bilisim.org.tr\/bilisim2022\/wp-json\/wp\/v2\/pages\/2179\/revisions"}],"predecessor-version":[{"id":2576,"href":"https:\/\/www.bilisim.org.tr\/bilisim2022\/wp-json\/wp\/v2\/pages\/2179\/revisions\/2576"}],"wp:attachment":[{"href":"https:\/\/www.bilisim.org.tr\/bilisim2022\/wp-json\/wp\/v2\/media?parent=2179"}],"curies":[{"name":"wp","href":"https:\/\/api.w.org\/{rel}","templated":true}]}}