{"id":12,"date":"2018-05-28T14:02:16","date_gmt":"2018-05-28T14:02:16","guid":{"rendered":"http:\/\/www.bilisim.org.tr\/bilisim2018\/?page_id=12"},"modified":"2018-10-02T06:17:09","modified_gmt":"2018-10-02T06:17:09","slug":"bildiri-gonderimi","status":"publish","type":"page","link":"https:\/\/www.bilisim.org.tr\/bilisim2018\/bildiri-gonderimi\/","title":{"rendered":"B\u0130LD\u0130R\u0130 G\u00d6NDER\u0130M\u0130"},"content":{"rendered":"<h1><\/h1>\n<h1 style=\"text-align: center;\"><span style=\"color: #003366;\"><strong>TBD 35. ULUSAL B\u0130L\u0130\u015e\u0130M KURULTAYI<br \/>\n\u201cB\u0130L\u0130\u015e\u0130M 2018\u201d B\u0130LD\u0130R\u0130 \u00c7A\u011eRISI<\/strong><\/span><\/h1>\n<p>&nbsp;<\/p>\n<p><strong>TBD 35. ULUSAL B\u0130L\u0130\u015e\u0130M KURULTAYI<\/strong><\/p>\n<p>T\u00fcrkiye Bili\u015fim Derne\u011fi taraf\u0131ndan t\u00fcm bili\u015fim payda\u015flar\u0131n\u0131n kat\u0131l\u0131m\u0131 ile ger\u00e7ekle\u015ftirilecek 35. Ulusal Bili\u015fim Kurultay\u0131 (Bili\u015fim\u20182018), <strong>21-22 Kas\u0131m 2018<\/strong> tarihlerinde \u201c<strong>Dijital Ekonomi ve \u00d6tesi<\/strong>\u201d ana temas\u0131yla\u00a0<strong>Sheraton Ankara Hotel &amp; Convention Centre\u2019da<\/strong>\u00a0 ger\u00e7ekle\u015ftirilecektir.<\/p>\n<p>TBD \u00a035. \u00a0Ulusal \u00a0Bili\u015fim Kurultay\u0131\u2019nda\u00a0akademik \u00a0ve teknoloji uygulama \u00a0bildirilerinin \u00a0sunulaca\u011f\u0131 oturumlar \u00a0da \u00a0d\u00fczenlenecektir.\u00a0\u00a0\u00a0\u00a0\u00a0\u00a0\u00a0 Akademik ya da teknoloji uygulama \u00a0konular\u0131nda \u00a0sunulanacak \u00a0her bir \u00a0bildiri \u00a0i\u00e7in, \u00a0toplam 20 \u00a0dakika \u00a0sunum yap\u0131lmas\u0131 planlanm\u0131\u015ft\u0131r. Bildiri yaz\u0131m \u00a0ve \u00a0sunum \u00a0dili T\u00fcrk\u00e7e ya \u00a0da \u00a0\u0130ngilizce \u00a0olabilir. Kurultay\u2019da yap\u0131lacak \u00a0\u0130ngilizce\u00a0 sunumlarda e\u015fanl\u0131\u00a0(sim\u00fcltane)\u00a0terc\u00fcme yap\u0131lmayacakt\u0131r. Bildirilerinizi a\u015fa\u011f\u0131daki takvime g\u00f6re \u00e7evrim-i\u00e7i olarak bize ula\u015ft\u0131rabilirsiniz.<\/p>\n<p><strong>\u00c7EVR\u0130M\u0130\u00c7\u0130 B\u0130LD\u0130R\u0130 G\u00d6NDERME:\u00a0<\/strong>Bildiri \u00e7a\u011fr\u0131 metnine<strong>\u00a0\u00c7EVR\u0130M\u0130\u00c7\u0130 MAKALE Y\u00d6NET\u0130M\u0130 adresinden\u00a0<\/strong><a href=\"https:\/\/www.bilisim.org.tr\/bilisim2018\/\"><strong>https:\/\/www.bilisim.org.tr\/bilisim2018<\/strong><\/a>\u00a0ula\u015fabilirsiniz. Bildiri ba\u015fvurular\u0131n\u0131zda bildirinin\u00a0<strong>tam metnini (\u00f6zet bildiri kabul edimemektedir)<\/strong><\/p>\n<p style=\"text-align: center;\"><a href=\"https:\/\/easychair.org\/conferences\/?conf=blm2018\"><strong>https:\/\/easychair.org\/conferences\/?conf=blm20<\/strong><strong>1<\/strong><\/a><a href=\"https:\/\/easychair.org\/conferences\/?conf=blm2018\"><strong>8<\/strong><\/a><\/p>\n<p>adresine\u00f6ndermeniz beklenmektedir. G\u00f6nderilen bildiri ba\u015fvurular\u0131 en az iki TBD Bili\u015fim 2018 Program Komitesi \u00fcyesi taraf\u0131ndan de\u011ferlendirilecek, kabul edilen bildiriler konu ba\u015fl\u0131klar\u0131na g\u00f6re s\u0131n\u0131fland\u0131r\u0131larak sunulacakt\u0131r. Sunulmayan bildiriler Kurultay Bildiriler Kitab\u0131\u2019nda yer almayacakt\u0131r. Bildiri yaz\u0131m bi\u00e7imine ula\u015fmak i\u00e7in\u00a0\u00a0<a href=\"https:\/\/www.bilisim.org.tr\/bilisim2018\/bildiri-gonderimi\/tbd_bilisim2018_bildiri_formati\/\">B\u0130LD\u0130R\u0130 YAZIM \u015eABLONU<\/a>\u00a0ba\u011flant\u0131s\u0131n\u0131 kullanabilirsiniz. T\u00fcm\u00a0bildirilerin buradan eri\u015fece\u011finiz Word \u015fabloluna g\u00f6re\u00a0haz\u0131rlanmas\u0131 gerekmektedir. \u0130\u00e7erik uygunlu\u011funa ra\u011fmen formata uygun olmayan bildiriler kabul edilmeyecektir. G\u00f6nderilecek bildirilere ili\u015fkin \u00f6ng\u00f6r\u00fclen konu ba\u015fl\u0131klar\u0131n\u0131n a\u015fa\u011f\u0131daki bildiri konular\u0131 alt\u0131nda olmas\u0131 beklenmektedir. Kurultay kitab\u0131 ayr\u0131ca CEUR-WS\u00a0 Proceedings&#8217;de (a\u00e7\u0131k-kaynak) yay\u0131nlanacakt\u0131r.\u00a0 CEUR-WS&#8217;deki B\u0130L\u0130\u015e\u0130M 2017, 34. Ulusal Bili\u015fim Kurultay kitab\u0131na eri\u015fmek i\u00e7in\u00a0<a href=\"http:\/\/ceur-ws.org\/Vol-2045\">Bili\u015fim 2017 Kurultay Kitab\u0131na<\/a>\u00a0 ba\u011flants\u0131n\u0131\u00a0kullanabilirsiniz.<\/p>\n<p><span style=\"color: #003366;\"><strong>B\u0130LD\u0130R\u0130 KONULARI<\/strong><\/span><\/p>\n<ul>\n<li>A\u00e7\u0131k Kaynak ve \u00d6zg\u00fcr Yaz\u0131l\u0131mlar<\/li>\n<li>A\u00e7\u0131k Veri ve Kamu Verisinin Payla\u015f\u0131lmas\u0131<\/li>\n<li>Art\u0131r\u0131lm\u0131\u015f Ger\u00e7eklik<\/li>\n<li>Bilgi G\u00fcvenli\u011fi<\/li>\n<li>Bili\u015fim E\u011fitimi<\/li>\n<li>Bili\u015fim Eti\u011fi<\/li>\n<li>Bili\u015fim Hukuku<\/li>\n<li>Bili\u015fsel Bili\u015fim<\/li>\n<li>Bulut Bili\u015fim, Uygulamalar\u0131 ve g\u00fcvenli\u011fi<\/li>\n<li>B\u00fcy\u00fck Veri<\/li>\n<li>\u00c7evresel Etki<\/li>\n<li>\u00c7evrim i\u00e7i Su\u00e7lar<\/li>\n<li>\u00c7evrim i\u00e7i \u00c7ocuk \u0130stismar\u0131<\/li>\n<li>Dijital D\u00f6n\u00fc\u015f\u00fcm<\/li>\n<li>Dijital Ekonomi<\/li>\n<li>Dijital Oyunlar<\/li>\n<li>E-Devlet: T\u00fcrkiye Deneyimleri<\/li>\n<li>E\u011fitim Sistemleri<\/li>\n<li>Engelsiz Bili\u015fim<\/li>\n<li>E-Tar\u0131m, Tar\u0131msal Bili\u015fim<\/li>\n<li>E-Ticaret<\/li>\n<li>Gelece\u011fin Toplumlar\u0131<\/li>\n<li>G\u00f6lge BT (Shadow IT)<\/li>\n<li>G\u00fcvenlik, G\u00fcvenilirlik<\/li>\n<li>\u0130nternet<\/li>\n<li>\u0130leti\u015fim altyap\u0131s\u0131<\/li>\n<li>Kad\u0131n ve Bili\u015fim<\/li>\n<li>Kamu Hizmetleri<\/li>\n<li>Kay\u0131t Zincir (Blokzincir) Teknolojileri ve Uygulamalar\u0131<\/li>\n<li>Kimlik Y\u00f6netim<\/li>\n<li>Ki\u015fisel Mahremiyet<\/li>\n<li>Kritik Altyap\u0131lar<\/li>\n<li>K\u00fclt\u00fcr ve Sanat<\/li>\n<li>Lisans, Fikri M\u00fclkiyet<\/li>\n<li>Mikro ve Nano Tek.<\/li>\n<li>Mobil A\u011f Teknolojileri<\/li>\n<li>Mobil Uygulamalar<\/li>\n<li>Nesnelerin \u0130nterneti<\/li>\n<li>Oyunla\u015ft\u0131rma<\/li>\n<li>Robotlar\/Robotik<\/li>\n<li>Sa\u011fl\u0131k ve Bili\u015fim<\/li>\n<li>Sanalla\u015ft\u0131rma<\/li>\n<li>Sanayi 4.0<\/li>\n<li>Say\u0131sal B\u00f6l\u00fcnme\/ Okuryazarl\u0131k<\/li>\n<li>Siber G\u00fcvenlik<\/li>\n<li>Siber Su\u00e7lar<\/li>\n<li>Sosyal Medya<\/li>\n<li>Standartlar<\/li>\n<li>T\u00fcketici Haklar\u0131<\/li>\n<li>Ula\u015f\u0131m Sistemleri<\/li>\n<li>Veri Madencili\u011fi<\/li>\n<li>Veri Merkezleri<\/li>\n<li>Veritaban\u0131 Teknolojileri, Uygulamalar\u0131 ve G\u00fcvenli\u011fi<\/li>\n<li>Ye\u015fil BT, E\u2014\u00c7evre, E-At\u0131k<\/li>\n<li>Y\u00f6netim Bili\u015fim sistemleri<\/li>\n<li>Web Teknolojileri ve Uygulamalar\u0131<\/li>\n<li>Yapay Zeka, Makine \u00d6\u011frenmesi ve Uygulamalar\u0131<\/li>\n<li>Yeni Nesil Teknolojiler<\/li>\n<li>Yerli ve Milli Yaz\u0131l\u0131m<\/li>\n<li>Y\u00fcksek Performansl\u0131 Bili\u015fim<\/li>\n<\/ul>\n<p>&nbsp;<\/p>\n<p style=\"font-weight: 400;\"><a href=\"https:\/\/www.bilisim.org.tr\/bilisim2018\/wp-content\/uploads\/2018\/10\/TBD-Bilisim2018_Bildiri\u00c7a\u011fr\u0131s\u0131.pdf\" target=\"_blank\" rel=\"attachment noopener wp-att-77\">TBD B\u0130L\u0130\u015e\u0130M 2018 B\u0130LD\u0130R\u0130 \u00c7A\u011eRISI (PDF)<\/a><\/p>\n<p style=\"font-weight: 400;\"><a href=\"https:\/\/www.bilisim.org.tr\/bilisim2018\/wp-content\/uploads\/2018\/05\/Bilisim2018-Makale-G%C3%B6nderimi-ve-Telif-Hakk%C4%B1-Formu.pdf\" target=\"_blank\" rel=\"attachment noopener wp-att-78\">MAKALE G\u00d6NDER\u0130M\u0130 ve TEL\u0130F HAKKI DEV\u0130R FORMU (PDF)<\/a><\/p>\n<p style=\"font-weight: 400;\"><a href=\"https:\/\/www.bilisim.org.tr\/bilisim2018\/wp-content\/uploads\/2018\/05\/TBD_BILISIM2018_BILDIRI_FORMATI-1.docx\" target=\"_blank\" rel=\"attachment noopener wp-att-79\">TBD B\u0130L\u0130\u015e\u0130M 2018 B\u0130LD\u0130R\u0130 G\u00d6NDER\u0130M FORMATI (MS WORD)<\/a><\/p>\n<p style=\"font-weight: 400;\"><a href=\"https:\/\/www.bilisim.org.tr\/bilisim2018\/wp-content\/uploads\/2018\/05\/TBD_BILISIM2018_BILDIRI_FORMATI.pdf\" target=\"_blank\" rel=\"attachment noopener wp-att-80\">TBD B\u0130L\u0130\u015e\u0130M 2018 B\u0130LD\u0130R\u0130 G\u00d6NDER\u0130M FORMATI (PDF)<\/a><\/p>\n<p>&nbsp;<\/p>\n<p><span style=\"color: #003366;\"><strong>\u00d6NEML\u0130 TAR\u0130HLER<\/strong><\/span><\/p>\n<table>\n<tbody>\n<tr>\n<td width=\"348\">Bildiri Metinlerinin Sisteme Y\u00fcklenmesi Son Tarih<\/td>\n<td width=\"234\"><strong>26 Ekim 2018 (Cuma)<\/strong><\/td>\n<\/tr>\n<tr>\n<td width=\"348\">Kabul Edilen Bildirilerin Yazarlar\u0131na Geri Bildirim Tarihi<\/td>\n<td width=\"234\"><strong>9 Kas\u0131m 2018 (Cuma)<\/strong><\/td>\n<\/tr>\n<tr>\n<td width=\"348\">D\u00fczeltilmi\u015f Bildirilerin Son Halinin Sisteme Y\u00fcklenmesi<\/td>\n<td width=\"234\"><strong>16 Kas\u0131m 2018 (Cuma)<\/strong><\/td>\n<\/tr>\n<tr>\n<td width=\"348\">Bildirilerin Kurultayda Sunulmas\u0131<\/td>\n<td width=\"234\"><strong>21-22 Kas\u0131m 2018<\/strong><\/td>\n<\/tr>\n<\/tbody>\n<\/table>\n<p>&nbsp;<\/p>\n<p><span style=\"color: #003366;\"><strong>AKADEM\u0130K PROGRAM KOM\u0130TES\u0130<\/strong><\/span><\/p>\n<table width=\"0\">\n<tbody>\n<tr>\n<td width=\"114\">Ali<\/td>\n<td width=\"102\">Yazici<\/td>\n<td width=\"417\">At\u0131l\u0131m \u00dcniversitesi (Akademik Program E\u015f-Ba\u015fkan\u0131)<\/td>\n<\/tr>\n<tr>\n<td width=\"114\">Asaf<\/td>\n<td width=\"102\">Varol<\/td>\n<td width=\"417\">F\u0131rat \u00dcniversitesi (Akademik Program E\u015f-Ba\u015fkan\u0131)<\/td>\n<\/tr>\n<tr>\n<td width=\"114\">Adnan<\/td>\n<td width=\"102\">Yaz\u0131c\u0131<\/td>\n<td width=\"417\">ODT\u00dc<\/td>\n<\/tr>\n<tr>\n<td width=\"114\">Ali Ayd\u0131n<\/td>\n<td width=\"102\">Sel\u00e7uk<\/td>\n<td width=\"417\">TOBB ET\u00dc<\/td>\n<\/tr>\n<tr>\n<td width=\"114\">Altan<\/td>\n<td width=\"102\">\u00d6zkil<\/td>\n<td width=\"417\">At\u0131l\u0131m \u00dcniversitesi<\/td>\n<\/tr>\n<tr>\n<td width=\"114\">Atila<\/td>\n<td width=\"102\">Bostan<\/td>\n<td width=\"417\">At\u0131l\u0131m \u00dcniversitesi<\/td>\n<\/tr>\n<tr>\n<td width=\"114\">Bilge<\/td>\n<td width=\"102\">Say<\/td>\n<td width=\"417\">At\u0131l\u0131m \u00dcniversitesi<\/td>\n<\/tr>\n<tr>\n<td width=\"114\">Cigdem<\/td>\n<td width=\"102\">Turhan<\/td>\n<td width=\"417\">At\u0131l\u0131m \u00dcniversitesi<\/td>\n<\/tr>\n<tr>\n<td width=\"114\">Cihan<\/td>\n<td width=\"102\">Varol<\/td>\n<td width=\"417\">Sam Houston State Universitesi<\/td>\n<\/tr>\n<tr>\n<td width=\"114\">Coskun<\/td>\n<td width=\"102\">Bayrak<\/td>\n<td width=\"417\">Univ. of Arkansas, Little Rock<\/td>\n<\/tr>\n<tr>\n<td width=\"114\">\u00c7a\u011fatay<\/td>\n<td width=\"102\">\u00c7atal<\/td>\n<td width=\"417\">Wageningen University, Netherlands<\/td>\n<\/tr>\n<tr>\n<td width=\"114\">Erdogan<\/td>\n<td width=\"102\">Dogdu<\/td>\n<td width=\"417\">\u00c7ankaya \u00dcniversitesi<\/td>\n<\/tr>\n<tr>\n<td width=\"114\">Erhan<\/td>\n<td width=\"102\">Gokcay<\/td>\n<td width=\"417\">At\u0131l\u0131m \u00dcniversitesi<\/td>\n<\/tr>\n<tr>\n<td width=\"114\">Erol<\/td>\n<td width=\"102\">\u00d6z\u00e7elik<\/td>\n<td width=\"417\">\u00c7ankaya \u00dcniversitesi<\/td>\n<\/tr>\n<tr>\n<td width=\"114\">G\u00f6knur Kaplan<\/td>\n<td width=\"102\">Ak\u0131ll\u0131<\/td>\n<td width=\"417\">ODT\u00dc<\/td>\n<\/tr>\n<tr>\n<td width=\"114\">G\u00f6ksel<\/td>\n<td width=\"102\">Durkaya<\/td>\n<td width=\"417\">At\u0131l\u0131m \u00dcniversitesi<\/td>\n<\/tr>\n<tr>\n<td width=\"114\">G\u00fcl<\/td>\n<td width=\"102\">Tokdemir<\/td>\n<td width=\"417\">\u00c7ankaya \u00dcniversitesi<\/td>\n<\/tr>\n<tr>\n<td width=\"114\">G\u00fcler<\/td>\n<td width=\"102\">Kalem<\/td>\n<td width=\"417\">At\u0131l\u0131m \u00dcniversitesi<\/td>\n<\/tr>\n<tr>\n<td width=\"114\">Hakan<\/td>\n<td width=\"102\">Mara\u015f<\/td>\n<td width=\"417\">\u00c7ankaya \u00dcniversitesi<\/td>\n<\/tr>\n<tr>\n<td width=\"114\">Halil \u0130brahim<\/td>\n<td width=\"102\">B\u00fclb\u00fcl<\/td>\n<td width=\"417\">Gazi \u00dcniversitesi<\/td>\n<\/tr>\n<tr>\n<td width=\"114\">Hasan<\/td>\n<td width=\"102\">\u00c7ak\u0131r<\/td>\n<td width=\"417\">Gazi \u00dcniversitesi<\/td>\n<\/tr>\n<tr>\n<td width=\"114\">\u0130brahim<\/td>\n<td width=\"102\">Akman<\/td>\n<td width=\"417\">At\u0131l\u0131m Univeristy<\/td>\n<\/tr>\n<tr>\n<td width=\"114\">M. Kemal<\/td>\n<td width=\"102\">\u00d6ktem<\/td>\n<td width=\"417\">Hacettepe \u00dcniversitesi<\/td>\n<\/tr>\n<tr>\n<td width=\"114\">M. \u00d6nder<\/td>\n<td width=\"102\">Efe<\/td>\n<td width=\"417\">Hacettepe \u00dcniversitesi<\/td>\n<\/tr>\n<tr>\n<td width=\"114\">M. Re\u015fit<\/td>\n<td width=\"102\">Tolun<\/td>\n<td width=\"417\">Ba\u015fkent \u00dcniversitesi<\/td>\n<\/tr>\n<tr>\n<td width=\"114\">Meltem<\/td>\n<td width=\"102\">Eryilmaz<\/td>\n<td width=\"417\">At\u0131l\u0131m \u00dcniversitesi<\/td>\n<\/tr>\n<tr>\n<td width=\"114\">Murat<\/td>\n<td width=\"102\">Erten<\/td>\n<td width=\"417\">\u0130YTE<\/td>\n<\/tr>\n<tr>\n<td width=\"114\">Murat<\/td>\n<td width=\"102\">Karakaya<\/td>\n<td width=\"417\">At\u0131l\u0131m \u00dcniversitesi<\/td>\n<\/tr>\n<tr>\n<td width=\"114\">Murat<\/td>\n<td width=\"102\">Koyuncu<\/td>\n<td width=\"417\">At\u0131l\u0131m \u00dcniversitesi<\/td>\n<\/tr>\n<tr>\n<td width=\"114\">Murat<\/td>\n<td width=\"102\">\u00d6zbayo\u011flu<\/td>\n<td width=\"417\">TOBB ET\u00dc<\/td>\n<\/tr>\n<tr>\n<td width=\"114\">Nergiz<\/td>\n<td width=\"102\">Cagiltay<\/td>\n<td width=\"417\">At\u0131l\u0131m \u00dcniversitesi<\/td>\n<\/tr>\n<tr>\n<td width=\"114\">Nihat<\/td>\n<td width=\"102\">Yurt<\/td>\n<td width=\"417\">TODAIE<\/td>\n<\/tr>\n<tr>\n<td width=\"114\">\u00d6mer Faruk<\/td>\n<td width=\"102\">\u0130slim<\/td>\n<td width=\"417\">K\u0131r\u015fehir \u00dcniversitesi<\/td>\n<\/tr>\n<tr>\n<td width=\"114\">S. Sadi<\/td>\n<td width=\"102\">Sefero\u011flu<\/td>\n<td width=\"417\">Hacettepe \u00dcniversitesi<\/td>\n<\/tr>\n<tr>\n<td width=\"114\">Serhat<\/td>\n<td width=\"102\">Peker<\/td>\n<td width=\"417\">At\u0131l\u0131m \u00dcniversitesi<\/td>\n<\/tr>\n<tr>\n<td width=\"114\">Sevin\u00e7<\/td>\n<td width=\"102\">G\u00fclse\u00e7en<\/td>\n<td width=\"417\">\u0130stanbul \u00dcniversitesi<\/td>\n<\/tr>\n<tr>\n<td width=\"114\">Sule<\/td>\n<td width=\"102\">Oguducu<\/td>\n<td width=\"417\">\u0130T\u00dc<\/td>\n<\/tr>\n<tr>\n<td width=\"114\">\u015eeref<\/td>\n<td width=\"102\">Sa\u011f\u0131ro\u011flu<\/td>\n<td width=\"417\">Gazi \u00dcniversitesi<\/td>\n<\/tr>\n<tr>\n<td width=\"114\">T\u00fcrksel Kaya<\/td>\n<td width=\"102\">Bensghir<\/td>\n<td width=\"417\">TODA\u0130E<\/td>\n<\/tr>\n<tr>\n<td width=\"114\">Vahid<\/td>\n<td width=\"102\">Garousi<\/td>\n<td width=\"417\">Wageningen University, Netherlands<\/td>\n<\/tr>\n<tr>\n<td width=\"114\">Yusuf<\/td>\n<td width=\"102\">\u00d6zt\u00fcrk<\/td>\n<td width=\"417\">San Diego State \u00dcniversitesi<\/td>\n<\/tr>\n<tr>\n<td width=\"114\">Ziya<\/td>\n<td width=\"102\">Karakaya<\/td>\n<td width=\"417\">At\u0131l\u0131m \u00dcniversitesi<\/td>\n<\/tr>\n<tr>\n<td width=\"114\">Ziya<\/td>\n<td width=\"102\">Akta\u015f<\/td>\n<td width=\"417\">Ba\u015fkent \u00dcniversitesi<\/td>\n<\/tr>\n<\/tbody>\n<\/table>\n<p>&nbsp;<\/p>\n<p><span style=\"color: #003366;\"><strong>B\u0130LD\u0130R\u0130 K\u0130TABI VE CEUR-WS ED\u0130T\u00d6R KURULU<\/strong><\/span><\/p>\n<table>\n<tbody>\n<tr>\n<td>Prof. Dr.<\/td>\n<td>Ali Yaz\u0131c\u0131<\/td>\n<td>At\u0131l\u0131m \u00dcniversitesi<\/td>\n<\/tr>\n<tr>\n<td>Do\u00e7. Dr.<\/td>\n<td>Nergiz \u00c7a\u011f\u0131ltay<\/td>\n<td>At\u0131l\u0131m \u00dcniversitesi<\/td>\n<\/tr>\n<tr>\n<td>Dr. \u00d6\u011fr. \u00dcyesi<\/td>\n<td>\u00c7i\u011fdem Turhan<\/td>\n<td>At\u0131l\u0131m \u00dcniversitesi<\/td>\n<\/tr>\n<\/tbody>\n<\/table>\n","protected":false},"excerpt":{"rendered":"<p>TBD 35. ULUSAL B\u0130L\u0130\u015e\u0130M KURULTAYI \u201cB\u0130L\u0130\u015e\u0130M 2018\u201d B\u0130LD\u0130R\u0130 \u00c7A\u011eRISI &nbsp; TBD 35. ULUSAL B\u0130L\u0130\u015e\u0130M KURULTAYI T\u00fcrkiye Bili\u015fim Derne\u011fi taraf\u0131ndan t\u00fcm bili\u015fim payda\u015flar\u0131n\u0131n kat\u0131l\u0131m\u0131 ile ger\u00e7ekle\u015ftirilecek 35.<span class=\"excerpt-hellip\"> [\u2026]<\/span><\/p>\n","protected":false},"author":2,"featured_media":0,"parent":0,"menu_order":0,"comment_status":"closed","ping_status":"closed","template":"","meta":{"footnotes":""},"class_list":["post-12","page","type-page","status-publish","hentry"],"_links":{"self":[{"href":"https:\/\/www.bilisim.org.tr\/bilisim2018\/wp-json\/wp\/v2\/pages\/12","targetHints":{"allow":["GET"]}}],"collection":[{"href":"https:\/\/www.bilisim.org.tr\/bilisim2018\/wp-json\/wp\/v2\/pages"}],"about":[{"href":"https:\/\/www.bilisim.org.tr\/bilisim2018\/wp-json\/wp\/v2\/types\/page"}],"author":[{"embeddable":true,"href":"https:\/\/www.bilisim.org.tr\/bilisim2018\/wp-json\/wp\/v2\/users\/2"}],"replies":[{"embeddable":true,"href":"https:\/\/www.bilisim.org.tr\/bilisim2018\/wp-json\/wp\/v2\/comments?post=12"}],"version-history":[{"count":20,"href":"https:\/\/www.bilisim.org.tr\/bilisim2018\/wp-json\/wp\/v2\/pages\/12\/revisions"}],"predecessor-version":[{"id":278,"href":"https:\/\/www.bilisim.org.tr\/bilisim2018\/wp-json\/wp\/v2\/pages\/12\/revisions\/278"}],"wp:attachment":[{"href":"https:\/\/www.bilisim.org.tr\/bilisim2018\/wp-json\/wp\/v2\/media?parent=12"}],"curies":[{"name":"wp","href":"https:\/\/api.w.org\/{rel}","templated":true}]}}