{"id":4012,"date":"2016-11-15T09:27:12","date_gmt":"2016-11-15T07:27:12","guid":{"rendered":"http:\/\/www.bilisim.org.tr\/bilisim2016\/?page_id=4012"},"modified":"2016-11-26T12:10:07","modified_gmt":"2016-11-26T10:10:07","slug":"konusmacilar-oturumlar","status":"publish","type":"page","link":"https:\/\/www.bilisim.org.tr\/bilisim2016\/konusmacilar-oturumlar\/","title":{"rendered":"KONU\u015eMACILAR, OTURUMLAR"},"content":{"rendered":"<p style=\"text-align: center;\"><a href=\"https:\/\/www.bilisim.org.tr\/bilisim2016\/wp-content\/uploads\/2016\/11\/Binali-Y\u0131ld\u0131r\u0131m.jpg\"><img loading=\"lazy\" decoding=\"async\" class=\"alignnone wp-image-4078\" src=\"https:\/\/www.bilisim.org.tr\/bilisim2016\/wp-content\/uploads\/2016\/11\/Binali-Y\u0131ld\u0131r\u0131m.jpg\" alt=\"binali-yildirim\" width=\"800\" height=\"800\" srcset=\"https:\/\/www.bilisim.org.tr\/bilisim2016\/wp-content\/uploads\/2016\/11\/Binali-Y\u0131ld\u0131r\u0131m.jpg 1134w, https:\/\/www.bilisim.org.tr\/bilisim2016\/wp-content\/uploads\/2016\/11\/Binali-Y\u0131ld\u0131r\u0131m-150x150.jpg 150w, https:\/\/www.bilisim.org.tr\/bilisim2016\/wp-content\/uploads\/2016\/11\/Binali-Y\u0131ld\u0131r\u0131m-300x300.jpg 300w, https:\/\/www.bilisim.org.tr\/bilisim2016\/wp-content\/uploads\/2016\/11\/Binali-Y\u0131ld\u0131r\u0131m-768x768.jpg 768w, https:\/\/www.bilisim.org.tr\/bilisim2016\/wp-content\/uploads\/2016\/11\/Binali-Y\u0131ld\u0131r\u0131m-1024x1024.jpg 1024w, https:\/\/www.bilisim.org.tr\/bilisim2016\/wp-content\/uploads\/2016\/11\/Binali-Y\u0131ld\u0131r\u0131m-180x180.jpg 180w, https:\/\/www.bilisim.org.tr\/bilisim2016\/wp-content\/uploads\/2016\/11\/Binali-Y\u0131ld\u0131r\u0131m-600x600.jpg 600w, https:\/\/www.bilisim.org.tr\/bilisim2016\/wp-content\/uploads\/2016\/11\/Binali-Y\u0131ld\u0131r\u0131m-458x458.jpg 458w\" sizes=\"(max-width: 800px) 100vw, 800px\" \/><\/a><\/p>\n<p style=\"text-align: center;\"><a href=\"https:\/\/www.bilisim.org.tr\/bilisim2016\/wp-content\/uploads\/2016\/11\/AhmetArslan-Ac\u0131l\u0131s9-e1479803984940.jpg\"><img loading=\"lazy\" decoding=\"async\" class=\"alignnone size-full wp-image-4039\" src=\"https:\/\/www.bilisim.org.tr\/bilisim2016\/wp-content\/uploads\/2016\/11\/AhmetArslan-Ac\u0131l\u0131s9-e1479803984940.jpg\" alt=\"ahmetarslan-acilis9\" width=\"800\" height=\"800\" \/><\/a><\/p>\n<p style=\"text-align: center;\"><img loading=\"lazy\" decoding=\"async\" class=\"alignnone size-full wp-image-4030\" src=\"https:\/\/www.bilisim.org.tr\/bilisim2016\/wp-content\/uploads\/2016\/11\/m-feyzioglu-e1479286780335.jpg\" alt=\"m-feyzioglu\" width=\"800\" height=\"800\" \/><\/p>\n<p style=\"text-align: center;\"><img loading=\"lazy\" decoding=\"async\" class=\"alignnone wp-image-4031\" src=\"https:\/\/www.bilisim.org.tr\/bilisim2016\/wp-content\/uploads\/2016\/11\/b-yasar.jpg\" alt=\"b-yasar\" width=\"800\" height=\"800\" \/><\/p>\n<p style=\"text-align: center;\"><a href=\"https:\/\/www.bilisim.org.tr\/bilisim2016\/wp-content\/uploads\/2016\/11\/internet-yenimedya-ve-demokrasi-panel-e1479195504582.jpg\"><img loading=\"lazy\" decoding=\"async\" class=\"alignnone size-full wp-image-4015\" src=\"https:\/\/www.bilisim.org.tr\/bilisim2016\/wp-content\/uploads\/2016\/11\/internet-yenimedya-ve-demokrasi-panel-e1479195504582.jpg\" alt=\"internet-yenimedya-ve-demokrasi-panel\" width=\"800\" height=\"485\" \/><\/a><\/p>\n<p style=\"text-align: center;\"><a href=\"https:\/\/www.bilisim.org.tr\/bilisim2016\/wp-content\/uploads\/2016\/11\/01-e1479195638585.jpg\"><img loading=\"lazy\" decoding=\"async\" class=\"alignnone size-full wp-image-4017\" src=\"https:\/\/www.bilisim.org.tr\/bilisim2016\/wp-content\/uploads\/2016\/11\/01-e1479195638585.jpg\" alt=\"01\" width=\"800\" height=\"800\" \/><\/a><\/p>\n<p style=\"text-align: center;\"><a href=\"https:\/\/www.bilisim.org.tr\/bilisim2016\/wp-content\/uploads\/2016\/11\/02-e1479195695869.jpg\"><img loading=\"lazy\" decoding=\"async\" class=\"alignnone size-full wp-image-4018\" src=\"https:\/\/www.bilisim.org.tr\/bilisim2016\/wp-content\/uploads\/2016\/11\/02-e1479195695869.jpg\" alt=\"02\" width=\"800\" height=\"800\" \/><\/a><\/p>\n<p style=\"text-align: center;\"><a href=\"https:\/\/www.bilisim.org.tr\/bilisim2016\/wp-content\/uploads\/2016\/11\/paneller_\u00e7oklu2-e1480083720530.jpg\"><img loading=\"lazy\" decoding=\"async\" class=\"alignnone size-full wp-image-4120\" src=\"https:\/\/www.bilisim.org.tr\/bilisim2016\/wp-content\/uploads\/2016\/11\/paneller_\u00e7oklu2-e1480083720530.jpg\" alt=\"paneller_coklu2\" width=\"800\" height=\"484\" \/><\/a><\/p>\n<p style=\"text-align: center;\"><a href=\"https:\/\/www.bilisim.org.tr\/bilisim2016\/wp-content\/uploads\/2016\/11\/paneller_\u00e7oklu-e1480083507548.jpg\"><img loading=\"lazy\" decoding=\"async\" class=\"alignnone size-full wp-image-4118\" src=\"https:\/\/www.bilisim.org.tr\/bilisim2016\/wp-content\/uploads\/2016\/11\/paneller_\u00e7oklu-e1480083507548.jpg\" alt=\"paneller_coklu\" width=\"800\" height=\"484\" \/><\/a><\/p>\n<p style=\"text-align: center;\"><a href=\"https:\/\/www.bilisim.org.tr\/bilisim2016\/wp-content\/uploads\/2016\/11\/panelistler9-e1480083574935.jpg\"><img loading=\"lazy\" decoding=\"async\" class=\"alignnone size-full wp-image-4119\" src=\"https:\/\/www.bilisim.org.tr\/bilisim2016\/wp-content\/uploads\/2016\/11\/panelistler9-e1480083574935.jpg\" alt=\"panelistler9\" width=\"800\" height=\"800\" \/><\/a><\/p>\n<p style=\"text-align: center;\"><a href=\"https:\/\/www.bilisim.org.tr\/bilisim2016\/wp-content\/uploads\/2016\/11\/siyaset\u00e7i-bak\u0131\u015f\u0131yla-e-demokrasi.jpg\"><img loading=\"lazy\" decoding=\"async\" class=\"alignnone wp-image-4022 size-full\" src=\"https:\/\/www.bilisim.org.tr\/bilisim2016\/wp-content\/uploads\/2016\/11\/siyaset\u00e7i-bak\u0131\u015f\u0131yla-e-demokrasi-e1479196049303.jpg\" alt=\"siyasetci-bakisiyla-e-demokrasi\" width=\"800\" height=\"485\" \/><\/a><\/p>\n<p style=\"text-align: center;\"><a href=\"https:\/\/www.bilisim.org.tr\/bilisim2016\/wp-content\/uploads\/2016\/11\/03-e1479195789334.jpg\"><img loading=\"lazy\" decoding=\"async\" class=\"alignnone size-full wp-image-4019\" src=\"https:\/\/www.bilisim.org.tr\/bilisim2016\/wp-content\/uploads\/2016\/11\/03-e1479195789334.jpg\" alt=\"03\" width=\"800\" height=\"800\" \/><\/a><\/p>\n<p style=\"text-align: center;\"><a href=\"https:\/\/www.bilisim.org.tr\/bilisim2016\/wp-content\/uploads\/2016\/11\/04-e1479195896116.jpg\"><img loading=\"lazy\" decoding=\"async\" class=\"alignnone size-full wp-image-4020\" src=\"https:\/\/www.bilisim.org.tr\/bilisim2016\/wp-content\/uploads\/2016\/11\/04-e1479195896116.jpg\" alt=\"04\" width=\"800\" height=\"800\" \/><\/a><\/p>\n<p style=\"text-align: center;\"><a href=\"https:\/\/www.bilisim.org.tr\/bilisim2016\/wp-content\/uploads\/2016\/11\/05-e1479195993618.jpg\"><img loading=\"lazy\" decoding=\"async\" class=\"alignnone size-full wp-image-4021\" src=\"https:\/\/www.bilisim.org.tr\/bilisim2016\/wp-content\/uploads\/2016\/11\/05-e1479195993618.jpg\" alt=\"05\" width=\"800\" height=\"800\" \/><\/a><\/p>\n<p style=\"text-align: center;\"><a href=\"https:\/\/www.bilisim.org.tr\/bilisim2016\/wp-content\/uploads\/2016\/11\/06-e1479196118759.jpg\"><img loading=\"lazy\" decoding=\"async\" class=\"alignnone size-full wp-image-4023\" src=\"https:\/\/www.bilisim.org.tr\/bilisim2016\/wp-content\/uploads\/2016\/11\/06-e1479196118759.jpg\" alt=\"06\" width=\"800\" height=\"800\" \/><\/a><\/p>\n<p style=\"text-align: center;\"><a href=\"https:\/\/www.bilisim.org.tr\/bilisim2016\/wp-content\/uploads\/2016\/11\/07.jpg\"><img loading=\"lazy\" decoding=\"async\" class=\"alignnone wp-image-4024 size-full\" src=\"https:\/\/www.bilisim.org.tr\/bilisim2016\/wp-content\/uploads\/2016\/11\/07-e1479196207361.jpg\" alt=\"07\" width=\"800\" height=\"800\" \/><\/a><\/p>\n<p style=\"text-align: center;\">\n<p style=\"text-align: center;\"><a href=\"https:\/\/www.bilisim.org.tr\/bilisim2016\/wp-content\/uploads\/2016\/11\/paneller_\u00e7oklu-sibertehditler-e1480154926767.jpg\"><img loading=\"lazy\" decoding=\"async\" class=\"alignnone size-full wp-image-4135\" src=\"https:\/\/www.bilisim.org.tr\/bilisim2016\/wp-content\/uploads\/2016\/11\/paneller_\u00e7oklu-sibertehditler-e1480154926767.jpg\" alt=\"paneller_coklu-sibertehditler\" width=\"800\" height=\"484\" \/><\/a><\/p>\n<p style=\"text-align: center;\"><a href=\"https:\/\/www.bilisim.org.tr\/bilisim2016\/wp-content\/uploads\/2016\/11\/panelistler8-e1480083961397.jpg\"><img loading=\"lazy\" decoding=\"async\" class=\"alignnone size-full wp-image-4122\" src=\"https:\/\/www.bilisim.org.tr\/bilisim2016\/wp-content\/uploads\/2016\/11\/panelistler8-e1480083961397.jpg\" alt=\"panelistler8\" width=\"800\" height=\"800\" \/><\/a><\/p>\n<p style=\"text-align: center;\"><a href=\"https:\/\/www.bilisim.org.tr\/bilisim2016\/wp-content\/uploads\/2016\/11\/panelistler7-e1480084021209.jpg\"><img loading=\"lazy\" decoding=\"async\" class=\"alignnone size-full wp-image-4123\" src=\"https:\/\/www.bilisim.org.tr\/bilisim2016\/wp-content\/uploads\/2016\/11\/panelistler7-e1480084021209.jpg\" alt=\"panelistler7\" width=\"800\" height=\"800\" \/><\/a><\/p>\n<p style=\"text-align: center;\"><a href=\"https:\/\/www.bilisim.org.tr\/bilisim2016\/wp-content\/uploads\/2016\/11\/panelistler-e1480084061683.jpg\"><img loading=\"lazy\" decoding=\"async\" class=\"alignnone size-full wp-image-4115\" src=\"https:\/\/www.bilisim.org.tr\/bilisim2016\/wp-content\/uploads\/2016\/11\/panelistler-e1480084061683.jpg\" alt=\"panelistler\" width=\"800\" height=\"800\" \/><\/a><\/p>\n<p style=\"text-align: center;\"><a href=\"https:\/\/www.bilisim.org.tr\/bilisim2016\/wp-content\/uploads\/2016\/11\/panelistler3-e1480083347732.jpg\"><img loading=\"lazy\" decoding=\"async\" class=\"alignnone size-full wp-image-4117\" src=\"https:\/\/www.bilisim.org.tr\/bilisim2016\/wp-content\/uploads\/2016\/11\/panelistler3-e1480083347732.jpg\" alt=\"panelistler3\" width=\"800\" height=\"800\" \/><\/a><\/p>\n<p style=\"text-align: center;\"><a href=\"https:\/\/www.bilisim.org.tr\/bilisim2016\/wp-content\/uploads\/2016\/11\/panelistler2-e1480083292489.jpg\"><img loading=\"lazy\" decoding=\"async\" class=\"alignnone size-full wp-image-4116\" src=\"https:\/\/www.bilisim.org.tr\/bilisim2016\/wp-content\/uploads\/2016\/11\/panelistler2-e1480083292489.jpg\" alt=\"panelistler2\" width=\"800\" height=\"800\" \/><\/a><\/p>\n<p style=\"text-align: center;\"><a href=\"https:\/\/www.bilisim.org.tr\/bilisim2016\/wp-content\/uploads\/2016\/11\/panelistler4-e1480084172216.jpg\"><img loading=\"lazy\" decoding=\"async\" class=\"alignnone size-full wp-image-4124\" src=\"https:\/\/www.bilisim.org.tr\/bilisim2016\/wp-content\/uploads\/2016\/11\/panelistler4-e1480084172216.jpg\" alt=\"panelistler4\" width=\"800\" height=\"800\" \/><\/a><\/p>\n<p style=\"text-align: center;\"><a href=\"https:\/\/www.bilisim.org.tr\/bilisim2016\/wp-content\/uploads\/2016\/11\/paneller_\u00e7oklu4-e1480084251499.jpg\"><img loading=\"lazy\" decoding=\"async\" class=\"alignnone size-full wp-image-4125\" src=\"https:\/\/www.bilisim.org.tr\/bilisim2016\/wp-content\/uploads\/2016\/11\/paneller_\u00e7oklu4-e1480084251499.jpg\" alt=\"paneller_coklu4\" width=\"800\" height=\"484\" \/><\/a><\/p>\n<p style=\"text-align: center;\"><a href=\"https:\/\/www.bilisim.org.tr\/bilisim2016\/wp-content\/uploads\/2016\/11\/panelistler6-e1480084351128.jpg\"><img loading=\"lazy\" decoding=\"async\" class=\"alignnone size-full wp-image-4126\" src=\"https:\/\/www.bilisim.org.tr\/bilisim2016\/wp-content\/uploads\/2016\/11\/panelistler6-e1480084351128.jpg\" alt=\"panelistler6\" width=\"800\" height=\"800\" \/><\/a><\/p>\n<p style=\"text-align: center;\"><a href=\"https:\/\/www.bilisim.org.tr\/bilisim2016\/wp-content\/uploads\/2016\/11\/panelistler5-e1480084419982.jpg\"><img loading=\"lazy\" decoding=\"async\" class=\"alignnone size-full wp-image-4127\" src=\"https:\/\/www.bilisim.org.tr\/bilisim2016\/wp-content\/uploads\/2016\/11\/panelistler5-e1480084419982.jpg\" alt=\"panelistler5\" width=\"800\" height=\"800\" \/><\/a><\/p>\n","protected":false},"excerpt":{"rendered":"","protected":false},"author":4,"featured_media":0,"parent":0,"menu_order":0,"comment_status":"closed","ping_status":"closed","template":"","meta":{"rs_blank_template":"","rs_page_bg_color":"","slide_template_v7":"","footnotes":""},"_links":{"self":[{"href":"https:\/\/www.bilisim.org.tr\/bilisim2016\/wp-json\/wp\/v2\/pages\/4012"}],"collection":[{"href":"https:\/\/www.bilisim.org.tr\/bilisim2016\/wp-json\/wp\/v2\/pages"}],"about":[{"href":"https:\/\/www.bilisim.org.tr\/bilisim2016\/wp-json\/wp\/v2\/types\/page"}],"author":[{"embeddable":true,"href":"https:\/\/www.bilisim.org.tr\/bilisim2016\/wp-json\/wp\/v2\/users\/4"}],"replies":[{"embeddable":true,"href":"https:\/\/www.bilisim.org.tr\/bilisim2016\/wp-json\/wp\/v2\/comments?post=4012"}],"version-history":[{"count":8,"href":"https:\/\/www.bilisim.org.tr\/bilisim2016\/wp-json\/wp\/v2\/pages\/4012\/revisions"}],"predecessor-version":[{"id":4136,"href":"https:\/\/www.bilisim.org.tr\/bilisim2016\/wp-json\/wp\/v2\/pages\/4012\/revisions\/4136"}],"wp:attachment":[{"href":"https:\/\/www.bilisim.org.tr\/bilisim2016\/wp-json\/wp\/v2\/media?parent=4012"}],"curies":[{"name":"wp","href":"https:\/\/api.w.org\/{rel}","templated":true}]}}