{"id":3855,"date":"2016-10-15T22:39:57","date_gmt":"2016-10-15T19:39:57","guid":{"rendered":"http:\/\/www.bilisim.org.tr\/bilisim2016\/?page_id=3855"},"modified":"2016-11-03T13:39:05","modified_gmt":"2016-11-03T11:39:05","slug":"bildiri-gonderimi","status":"publish","type":"page","link":"https:\/\/www.bilisim.org.tr\/bilisim2016\/bildiri-gonderimi\/","title":{"rendered":"Bildiri G\u00f6nderimi"},"content":{"rendered":"<h2 class=\"h-bg\" style=\"text-align: center;\"><strong>TBD 33. ULUSAL B\u0130L\u0130\u015e\u0130M KURULTAYI<\/strong><br \/>\n<strong>\u201cB\u0130L\u0130\u015e\u0130M 2016\u201d B\u0130LD\u0130R\u0130 \u00c7A\u011eRISI<\/strong><\/h2>\n<h3 style=\"text-align: center;\"><a id=\"sc_button_1\" class=\"button text-bright size-large\" href=\"http:\/\/bildiri.bilisim.org.tr\/\" target=\"new\">\u00c7EVR\u0130M\u0130\u00c7\u0130 B\u0130LD\u0130R\u0130 G\u00d6NDERME S\u0130TES\u0130<\/a><\/h3>\n<p>T\u00fcrkiye Bili\u015fim Derne\u011fi taraf\u0131ndan t\u00fcm bili\u015fim payda\u015flar\u0131n\u0131n kat\u0131l\u0131m\u0131 ile ger\u00e7ekle\u015ftirilecek TBD 33. Ulusal Bili\u015fim Kurultay\u0131 B\u0130L\u0130\u015e\u0130M 2016, <strong>08\u201009 Aral\u0131k 2016 tarihlerinde \u201cB\u0130L\u0130\u015e\u0130M ve DEMOKRAS\u0130\u201d <\/strong>ana temas\u0131yla <strong>Sheraton Ankara Otel ve Kongre Merkezi<\/strong>\u2019nde ger\u00e7ekle\u015ftirilecektir. TBD 33. Ulusal Bili\u015fim Kurultay\u0131\u2019nda akademik ve teknoloji uygulama bildirilerinin sunulaca\u011f\u0131 oturumlar da d\u00fczenlenecektir. Akademik ya da teknoloji uygulama konular\u0131nda sunulacak her bir bildiri i\u00e7in, toplam 20 dakika sunum yap\u0131lmas\u0131 planlanm\u0131\u015ft\u0131r. Bildiri yaz\u0131m ve sunum dili T\u00fcrk\u00e7e ya da \u0130ngilizce olabilir. Kurultay\u2019da yap\u0131lacak \u0130ngilizce sunumlarda e\u015fanl\u0131 (sim\u00fcltane) terc\u00fcme yap\u0131lmayacakt\u0131r. Bildirilerinizi a\u015fa\u011f\u0131daki takvime g\u00f6re \u00e7evrim-i\u00e7i olarak bize ula\u015ft\u0131rabilirsiniz.<\/p>\n<p><strong><a title=\"\u00c7EVR\u0130M\u0130\u00c7\u0130 B\u0130LD\u0130R\u0130 G\u00d6NDERME\" href=\"http:\/\/bildiri.bilisim.org.tr\/\" target=\"new\">\u00c7EVR\u0130M\u0130\u00c7\u0130 B\u0130LD\u0130R\u0130 G\u00d6NDERME <\/a>:<\/strong> Bildiri ba\u015fvurular\u0131, \u00e7evrimi\u00e7i olarak<strong> <a title=\"\u00c7EVR\u0130M\u0130\u00c7\u0130 MAKALE Y\u00d6NET\u0130M\u0130\" href=\"http:\/\/bildiri.bilisim.org.tr\/\" target=\"new\">\u00c7EVR\u0130M\u0130\u00c7\u0130 MAKALE Y\u00d6NET\u0130M\u0130<\/a><\/strong><strong> &gt;&gt;&gt; <a title=\"\u00c7EVR\u0130M\u0130\u00c7\u0130 MAKALE Y\u00d6NET\u0130M\u0130 adresi\" href=\"http:\/\/bildiri.bilisim.org.tr\/\" target=\"new\">http:\/\/bildiri.bilisim.org.tr<\/a> <\/strong>adresinden yap\u0131lmaktad\u0131r. Bildiri ba\u015fvurular\u0131n\u0131zda bildirinin tam metnini g\u00f6ndermeniz beklenmektedir. G\u00f6nderilen bildiri ba\u015fvurular\u0131 en az iki B\u0130L\u0130\u015e\u0130M 2016 Bildiri De\u011ferlendirme Kurul \u00fcyesi taraf\u0131ndan de\u011ferlendirilecek, kabul edilen bildiriler konu ba\u015fl\u0131klar\u0131na g\u00f6re s\u0131n\u0131fland\u0131r\u0131larak sunulacakt\u0131r. Sunulmayan bildiriler Kurultay Bildiriler Kitab\u0131\u2019nda yer almayacakt\u0131r. Bildirilerin <strong>\u00d6rnek Bildiri Haz\u0131rlama K\u0131lavuzu<\/strong>\u2019nda yer alan formata g\u00f6re haz\u0131rlanmas\u0131 gerekmektedir. \u0130\u00e7erik uygunlu\u011funa ra\u011fmen formata uygun olmayan bildiriler kabul edilmeyecektir. G\u00f6nderilecek bildirilere ili\u015fkin \u00f6ng\u00f6r\u00fclen konu ba\u015fl\u0131klar\u0131n\u0131n \u201c<strong>Bili\u015fim ve Demokrasi<\/strong>\u201d temas\u0131 kapsam\u0131nda olmas\u0131 beklenmektedir. A\u015fa\u011f\u0131da bilim ve demokras\u0131 temas\u0131yla ili\u015fkilendirilebilecek baz\u0131 bildiri konular\u0131 sunulmaktad\u0131r, ancak bildiri konular\u0131 kurultay temas\u0131na uygun \u00e7er\u00e7evede geli\u015ftirilebilir.<\/p>\n<p><strong>\u00d6NEML\u0130 TAR\u0130HLER<\/strong><\/p>\n<ul>\n<li>Bildiri Metinlerinin Sisteme Y\u00fcklenmesi : <strong>9 KASIM 2016<\/strong><\/li>\n<li>Kabul Edilen Bildirilerin Yazarlar\u0131na Geri Bildirim<strong> : 20 KASIM 2016<\/strong><\/li>\n<li>D\u00fczeltilmi\u015f Bildirilerin Son Halinin Sisteme Y\u00fcklenmesi : <strong>25 KASIM 2016<\/strong><\/li>\n<li>Bildirilerin Kurultayda Sunulmas\u0131 : <strong>08 \u2013 09\u00a0ARALIK 2016<\/strong><\/li>\n<\/ul>\n<p><a title=\"\" href=\"http:\/\/bilisim.org.tr\/bildiri-dosyalari\/BILISIM2016-BILDIRICAGRI.pdf\"><img loading=\"lazy\" decoding=\"async\" class=\"alignnone wp-image-567\" src=\"http:\/\/bilisim.org.tr\/eski\/wp-content\/uploads\/2014\/09\/Adobe-PDF-Document-icon.png\" alt=\"Adobe-PDF-Document-icon\" width=\"12\" height=\"18\" \/><\/a><a title=\"TBD B\u0130L\u0130\u015e\u0130M 2016 B\u0130LD\u0130R\u0130 \u00c7A\u011eRISI (PDF)\" href=\"http:\/\/bilisim.org.tr\/bildiri-dosyalari\/BILISIM2016-BILDIRICAGRI.pdf\" target=\"new\">TBD B\u0130L\u0130\u015e\u0130M 2016 B\u0130LD\u0130R\u0130 \u00c7A\u011eRISI (PDF)<\/a><\/p>\n<p><a title=\"\" href=\"http:\/\/bilisim.org.tr\/bildiri-dosyalari\/BILISIM2016_TelifHakkiFormu.pdf\"><img loading=\"lazy\" decoding=\"async\" class=\"alignnone wp-image-567\" src=\"http:\/\/bilisim.org.tr\/eski\/wp-content\/uploads\/2014\/09\/Adobe-PDF-Document-icon.png\" alt=\"Adobe-PDF-Document-icon\" width=\"13\" height=\"16\" \/><\/a><a title=\"MAKALE G\u00d6NDER\u0130M\u0130 ve TEL\u0130F HAKKI DEV\u0130R FORMU (PDF Dosyas\u0131)\" href=\"http:\/\/bilisim.org.tr\/bildiri-dosyalari\/BILISIM2016_TelifHakkiFormu.pdf\" target=\"new\">MAKALE G\u00d6NDER\u0130M\u0130 ve TEL\u0130F HAKKI DEV\u0130R FORMU (PDF)<\/a><\/p>\n<p><a title=\"\" href=\"https:\/\/www.bilisim.org.tr\/bilisim2016\/bildiri-dosyalari\/BILISIM2016_BILDIRIFORMATI.doc\"><img loading=\"lazy\" decoding=\"async\" class=\"alignnone wp-image-566\" src=\"http:\/\/bilisim.org.tr\/eski\/wp-content\/uploads\/2014\/09\/word.png\" alt=\"word\" width=\"14\" height=\"18\" \/><\/a><a title=\"TBD B\u0130L\u0130\u015e\u0130M 2016 Bildiri G\u00f6nderim Format\u0131 (MS WORD)\" href=\"https:\/\/www.bilisim.org.tr\/bilisim2016\/bildiri-dosyalari\/BILISIM2016_BILDIRIFORMATI.doc\" target=\"new\">TBD B\u0130L\u0130\u015e\u0130M 2016 Bildiri G\u00f6nderim Format\u0131 (MS WORD)<\/a><\/p>\n<p><a title=\"\" href=\"https:\/\/www.bilisim.org.tr\/bilisim2016\/bildiri-dosyalari\/BILISIM2016_BILDIRIFORMATI.pdf\" target=\"_new\"><img loading=\"lazy\" decoding=\"async\" class=\"alignnone wp-image-567\" src=\"http:\/\/bilisim.org.tr\/eski\/wp-content\/uploads\/2014\/09\/Adobe-PDF-Document-icon.png\" alt=\"Adobe-PDF-Document-icon\" width=\"12\" height=\"19\" \/><\/a> <a title=\"TBD B\u0130L\u0130\u015e\u0130M 2016 Bildiri G\u00f6nderim Format\u0131 (PDF)\" href=\"https:\/\/www.bilisim.org.tr\/bilisim2016\/bildiri-dosyalari\/BILISIM2016_BILDIRIFORMATI.pdf\" target=\"new\">TBD B\u0130L\u0130\u015e\u0130M 2016 Bildiri G\u00f6nderim Format\u0131 (PDF)<\/a><\/p>\n<p><strong>B\u0130LD\u0130R\u0130 KONULARI<br \/>\n<\/strong><br \/>\n\u2022 A\u00e7\u0131k Veri<br \/>\n\u2022 Bilgi G\u00fcvenli\u011fi<br \/>\n\u2022 Bilgisayar Oyunlar\u0131<br \/>\n\u2022 Bili\u015fim E\u011fitimi<br \/>\n\u2022 Bulut Bili\u015fim<br \/>\n\u2022 B\u00fcy\u00fck Veri<br \/>\n\u2022 \u00c7evresel Etki<br \/>\n\u2022 \u00c7evrim i\u00e7i Su\u00e7lar<br \/>\n\u2022 \u00c7ocuk<br \/>\n\u2022 E-devlet<br \/>\n\u2022 E\u011fitim Sistemleri<br \/>\n\u2022 Engelliler<br \/>\n\u2022 E-Ticaret<br \/>\n\u2022 Etik<br \/>\n\u2022 Gelece\u011fin Toplumlar\u0131<br \/>\n\u2022 G\u00fcvenlik, g\u00fcvenilirlik<br \/>\n\u2022 \u0130nternet<br \/>\n\u2022 \u0130leti\u015fim altyap\u0131s\u0131<br \/>\n\u2022 Kad\u0131n<br \/>\n\u2022 Kamu Hizmetleri<br \/>\n\u2022 Ki\u015fisel Mahremiyet<br \/>\n\u2022 K\u00fclt\u00fcr ve Sanat<br \/>\n\u2022 Lisans,Fikri M\u00fclkiyet<br \/>\n\u2022 Mikro ve Nano Teknolojiler<br \/>\n\u2022 Mobil Uygulamalar<br \/>\n\u2022 Nesnelerin \u0130nterneti<br \/>\n\u2022 Sa\u011fl\u0131k<br \/>\n\u2022 Say\u0131sal Okuryazarl\u0131k<br \/>\n\u2022 Siber Milli Savunma<br \/>\n\u2022 Siber Su\u00e7lar<br \/>\n\u2022 Sosyal Medya<br \/>\n\u2022 Standartlar<br \/>\n\u2022 T\u00fcketici Haklar\u0131<br \/>\n\u2022 Ula\u015f\u0131m Sistemleri<br \/>\n\u2022 Yapay Zeka ve Robot Teknolojileri<br \/>\n\u2022 Yeni Nesil Teknolojiler<br \/>\n\u2022 Yerli Bili\u015fim End\u00fcst.<br \/>\n\u2022 Y\u00fcksek Performansl\u0131 Bili\u015fim<\/p>\n<p><a title=\"B\u0130L\u0130\u015e\u0130M 2016 B\u0130LD\u0130R\u0130 DE\u011eERLEND\u0130RME KURULU\" href=\"https:\/\/www.bilisim.org.tr\/bilisim2016\/kurullar\/\" target=\"new\">TBD 33. ULUSAL B\u0130L\u0130\u015e\u0130M KURULTAYI \u201cB\u0130L\u0130\u015e\u0130M 2016\u201d B\u0130LD\u0130R\u0130 DE\u011eERLEND\u0130RME KURULU<\/a><\/p>\n<p><strong>T\u00dcRK\u0130YE B\u0130L\u0130\u015e\u0130M DERNE\u011e\u0130<\/strong><\/p>\n","protected":false},"excerpt":{"rendered":"<p>TBD 33. ULUSAL B\u0130L\u0130\u015e\u0130M KURULTAYI \u201cB\u0130L\u0130\u015e\u0130M 2016\u201d B\u0130LD\u0130R\u0130 \u00c7A\u011eRISI \u00c7EVR\u0130M\u0130\u00c7\u0130 B\u0130LD\u0130R\u0130 G\u00d6NDERME S\u0130TES\u0130 T\u00fcrkiye Bili\u015fim Derne\u011fi taraf\u0131ndan t\u00fcm bili\u015fim payda\u015flar\u0131n\u0131n kat\u0131l\u0131m\u0131 ile ger\u00e7ekle\u015ftirilecek TBD 33. Ulusal Bili\u015fim Kurultay\u0131 B\u0130L\u0130\u015e\u0130M 2016, 08\u201009 Aral\u0131k 2016 tarihlerinde \u201cB\u0130L\u0130\u015e\u0130M ve DEMOKRAS\u0130\u201d ana temas\u0131yla Sheraton Ankara Otel ve Kongre Merkezi\u2019nde ger\u00e7ekle\u015ftirilecektir. TBD 33. Ulusal Bili\u015fim Kurultay\u0131\u2019nda akademik ve teknoloji uygulama&nbsp;<\/p>\n<p><a class=\"btn btn-style\" href=\"https:\/\/www.bilisim.org.tr\/bilisim2016\/bildiri-gonderimi\/\">Continue Reading<\/a><\/p>\n","protected":false},"author":4,"featured_media":0,"parent":0,"menu_order":0,"comment_status":"closed","ping_status":"closed","template":"","meta":{"footnotes":""},"_links":{"self":[{"href":"https:\/\/www.bilisim.org.tr\/bilisim2016\/wp-json\/wp\/v2\/pages\/3855"}],"collection":[{"href":"https:\/\/www.bilisim.org.tr\/bilisim2016\/wp-json\/wp\/v2\/pages"}],"about":[{"href":"https:\/\/www.bilisim.org.tr\/bilisim2016\/wp-json\/wp\/v2\/types\/page"}],"author":[{"embeddable":true,"href":"https:\/\/www.bilisim.org.tr\/bilisim2016\/wp-json\/wp\/v2\/users\/4"}],"replies":[{"embeddable":true,"href":"https:\/\/www.bilisim.org.tr\/bilisim2016\/wp-json\/wp\/v2\/comments?post=3855"}],"version-history":[{"count":5,"href":"https:\/\/www.bilisim.org.tr\/bilisim2016\/wp-json\/wp\/v2\/pages\/3855\/revisions"}],"predecessor-version":[{"id":3948,"href":"https:\/\/www.bilisim.org.tr\/bilisim2016\/wp-json\/wp\/v2\/pages\/3855\/revisions\/3948"}],"wp:attachment":[{"href":"https:\/\/www.bilisim.org.tr\/bilisim2016\/wp-json\/wp\/v2\/media?parent=3855"}],"curies":[{"name":"wp","href":"https:\/\/api.w.org\/{rel}","templated":true}]}}