{"id":3796,"date":"2016-10-12T14:56:45","date_gmt":"2016-10-12T11:56:45","guid":{"rendered":"http:\/\/www.bilisim.org.tr\/bilisim2016\/yeni\/?page_id=3796"},"modified":"2016-10-25T13:25:59","modified_gmt":"2016-10-25T10:25:59","slug":"sponsorluk","status":"publish","type":"page","link":"https:\/\/www.bilisim.org.tr\/bilisim2016\/sponsorluk\/","title":{"rendered":"Sponsorluk"},"content":{"rendered":"<p>[vc_row][vc_column][vc_column_text]<\/p>\n<h3><strong>T\u00dcRK\u0130YE B\u0130L\u0130\u015e\u0130M DERNE\u011e\u0130<\/strong><\/h3>\n<p>[\/vc_column_text][vc_btn title=&#8221;B\u0130L\u0130\u015e\u0130M 2016 Sponsorluk Dosyas\u0131 (PDF) \u0130ndir&#8221; color=&#8221;primary&#8221; link=&#8221;url:http%3A%2F%2Fbilisim.org.tr%2Fgorseller%2Fbilisim_2016_sponsorluk_dosyasi.pdf|title:B%C4%B0L%C4%B0%C5%9E%C4%B0M%202016%20Sponsorluk%20Dosyas%C4%B1%20(PDF)|target:%20_blank|&#8221;][vc_column_text]<\/p>\n<h3><strong>EVR\u0130M G\u00dcNER<br \/>\n<\/strong><\/h3>\n<p>Tel\u00a0\u00a0\u00a0\u00a0\u00a0\u00a0\u00a0 : +90 (312) 473 8215 (pbx)<br \/>\ne-posta : <a href=\"mailto:evrim.guner@tbd.org.tr\">evrim.guner@tbd.org.tr<\/a><\/p>\n<p>&lt;&lt; <a href=\"http:\/\/bilisim.org.tr\/gorseller\/bilisim_2016_sponsorluk_dosyasi.pdf\"><strong>B\u0130L\u0130\u015e\u0130M 2016 Sponsorluk Dosyas\u0131 (PDF)<\/strong> \u0130ndirin..<\/a> &gt;&gt;<\/p>\n<h3><\/h3>\n<h3>SPONSORLUK BA\u015eVURU FORMU<\/h3>\n<form action=\"https:\/\/www.bilisim.org.tr\/bilisim2016\/wp-content\/themes\/expo18\/sponform.php\" method=\"POST\">\n<div id=\"form-container\" style=\"margin-bottom: 90px; height: 500px;\">\n<div id=\"formvalue\">Kurum \/ Firma \u0130smi*<\/div>\n<div class=\"bilisimform\"><input style=\"width: 50%;\" name=\"firmaisim\" type=\"text\" \/><\/div>\n<div id=\"formvalue\">Kurum\/Firma \u0130leti\u015fim Bilgileri*:<\/div>\n<div class=\"bilisimform\"><input style=\"width: 50%;\" name=\"firmailetisim\" type=\"text\" \/><\/div>\n<div id=\"formvalue\">\u0130lgili Ki\u015fi Bilgileri*<\/div>\n<div class=\"bilisimform\"><input style=\"width: 50%;\" name=\"kisi\" type=\"text\" \/><\/div>\n<div id=\"formvalue\">\u0130lgili Ki\u015fi Telefon Numaras\u0131*<\/div>\n<div class=\"bilisimform\"><input style=\"width: 50%;\" name=\"kisitel\" type=\"text\" \/><\/div>\n<div id=\"formvalue\">\u0130lgili Ki\u015fi e-Posta Adresi*<\/div>\n<div class=\"bilisimform\"><input style=\"width: 50%;\" name=\"kisieposta\" type=\"text\" \/><\/div>\n<div class=\"bilisimform\"><input style=\"width: 75px;\" name=\"G\u00f6nder\" type=\"SUBMIT\" value=\"G\u00f6nder\" \/><\/div>\n<\/div>\n<\/form>\n<p>[\/vc_column_text][\/vc_column][\/vc_row]<\/p>\n","protected":false},"excerpt":{"rendered":"<p>[vc_row][vc_column][vc_column_text] T\u00dcRK\u0130YE B\u0130L\u0130\u015e\u0130M DERNE\u011e\u0130 [\/vc_column_text][vc_btn title=&#8221;B\u0130L\u0130\u015e\u0130M 2016 Sponsorluk Dosyas\u0131 (PDF) \u0130ndir&#8221; color=&#8221;primary&#8221; link=&#8221;url:http%3A%2F%2Fbilisim.org.tr%2Fgorseller%2Fbilisim_2016_sponsorluk_dosyasi.pdf|title:B%C4%B0L%C4%B0%C5%9E%C4%B0M%202016%20Sponsorluk%20Dosyas%C4%B1%20(PDF)|target:%20_blank|&#8221;][vc_column_text] EVR\u0130M G\u00dcNER Tel\u00a0\u00a0\u00a0\u00a0\u00a0\u00a0\u00a0 : +90 (312) 473 8215 (pbx) e-posta : evrim.guner@tbd.org.tr &lt;&lt; B\u0130L\u0130\u015e\u0130M 2016 Sponsorluk Dosyas\u0131 (PDF) \u0130ndirin.. &gt;&gt; SPONSORLUK BA\u015eVURU FORMU Kurum \/ Firma \u0130smi* Kurum\/Firma \u0130leti\u015fim Bilgileri*: \u0130lgili Ki\u015fi Bilgileri* \u0130lgili Ki\u015fi Telefon Numaras\u0131* \u0130lgili Ki\u015fi e-Posta Adresi* [\/vc_column_text][\/vc_column][\/vc_row]<\/p>\n","protected":false},"author":4,"featured_media":0,"parent":0,"menu_order":0,"comment_status":"closed","ping_status":"closed","template":"","meta":{"footnotes":""},"_links":{"self":[{"href":"https:\/\/www.bilisim.org.tr\/bilisim2016\/wp-json\/wp\/v2\/pages\/3796"}],"collection":[{"href":"https:\/\/www.bilisim.org.tr\/bilisim2016\/wp-json\/wp\/v2\/pages"}],"about":[{"href":"https:\/\/www.bilisim.org.tr\/bilisim2016\/wp-json\/wp\/v2\/types\/page"}],"author":[{"embeddable":true,"href":"https:\/\/www.bilisim.org.tr\/bilisim2016\/wp-json\/wp\/v2\/users\/4"}],"replies":[{"embeddable":true,"href":"https:\/\/www.bilisim.org.tr\/bilisim2016\/wp-json\/wp\/v2\/comments?post=3796"}],"version-history":[{"count":9,"href":"https:\/\/www.bilisim.org.tr\/bilisim2016\/wp-json\/wp\/v2\/pages\/3796\/revisions"}],"predecessor-version":[{"id":3915,"href":"https:\/\/www.bilisim.org.tr\/bilisim2016\/wp-json\/wp\/v2\/pages\/3796\/revisions\/3915"}],"wp:attachment":[{"href":"https:\/\/www.bilisim.org.tr\/bilisim2016\/wp-json\/wp\/v2\/media?parent=3796"}],"curies":[{"name":"wp","href":"https:\/\/api.w.org\/{rel}","templated":true}]}}