{"id":3779,"date":"2016-10-12T14:40:35","date_gmt":"2016-10-12T11:40:35","guid":{"rendered":"http:\/\/www.bilisim.org.tr\/bilisim2016\/yeni\/?page_id=3779"},"modified":"2016-12-07T22:32:36","modified_gmt":"2016-12-07T20:32:36","slug":"kayit","status":"publish","type":"page","link":"https:\/\/www.bilisim.org.tr\/bilisim2016\/kayit\/","title":{"rendered":"Kay\u0131t"},"content":{"rendered":"<p>[vc_row][vc_column][vc_column_text]<\/p>\n<p style=\"text-align: center;\"><strong>A\u00e7\u0131l\u0131\u015f oturumundan sonra kurultay alan\u0131nda kay\u0131t yapt\u0131rabilirsiniz. \u0130lginize te\u015fekk\u00fcr ederiz.<\/strong><\/p>\n<p>[\/vc_column_text][\/vc_column][\/vc_row]<\/p>\n","protected":false},"excerpt":{"rendered":"<p>[vc_row][vc_column][vc_column_text] A\u00e7\u0131l\u0131\u015f oturumundan sonra kurultay alan\u0131nda kay\u0131t yapt\u0131rabilirsiniz. \u0130lginize te\u015fekk\u00fcr ederiz. [\/vc_column_text][\/vc_column][\/vc_row]<\/p>\n","protected":false},"author":4,"featured_media":0,"parent":0,"menu_order":0,"comment_status":"closed","ping_status":"closed","template":"","meta":{"rs_blank_template":"","rs_page_bg_color":"","slide_template_v7":"","footnotes":""},"_links":{"self":[{"href":"https:\/\/www.bilisim.org.tr\/bilisim2016\/wp-json\/wp\/v2\/pages\/3779"}],"collection":[{"href":"https:\/\/www.bilisim.org.tr\/bilisim2016\/wp-json\/wp\/v2\/pages"}],"about":[{"href":"https:\/\/www.bilisim.org.tr\/bilisim2016\/wp-json\/wp\/v2\/types\/page"}],"author":[{"embeddable":true,"href":"https:\/\/www.bilisim.org.tr\/bilisim2016\/wp-json\/wp\/v2\/users\/4"}],"replies":[{"embeddable":true,"href":"https:\/\/www.bilisim.org.tr\/bilisim2016\/wp-json\/wp\/v2\/comments?post=3779"}],"version-history":[{"count":15,"href":"https:\/\/www.bilisim.org.tr\/bilisim2016\/wp-json\/wp\/v2\/pages\/3779\/revisions"}],"predecessor-version":[{"id":4340,"href":"https:\/\/www.bilisim.org.tr\/bilisim2016\/wp-json\/wp\/v2\/pages\/3779\/revisions\/4340"}],"wp:attachment":[{"href":"https:\/\/www.bilisim.org.tr\/bilisim2016\/wp-json\/wp\/v2\/media?parent=3779"}],"curies":[{"name":"wp","href":"https:\/\/api.w.org\/{rel}","templated":true}]}}