{"id":3660,"date":"2016-10-11T15:07:26","date_gmt":"2016-10-11T12:07:26","guid":{"rendered":"http:\/\/www.bilisim.org.tr\/bilisim2016\/yeni\/?page_id=3660"},"modified":"2016-10-15T12:17:51","modified_gmt":"2016-10-15T09:17:51","slug":"basin-duyurusu","status":"publish","type":"page","link":"https:\/\/www.bilisim.org.tr\/bilisim2016\/basin-duyurusu\/","title":{"rendered":"Bas\u0131n Duyurusu"},"content":{"rendered":"<p>[vc_row][vc_column]<div class=\"themeum-title  \" style=\"text-align:center;\"><h3 class=\"style-title\" style=\"font-weight:700;font-size:36px;line-height: normal;color:#92278f;\">\u201cB\u0130L\u0130\u015e\u0130M ve DEMOKRAS\u0130\u201d<\/h3><h4 class=\"style-sub-title\" style=\"font-size:24px;font-weight:600;color:#000000;\">TBD 33. ULUSAL B\u0130L\u0130\u015e\u0130M KURULTAYI<\/h4><\/div>[\/vc_column][\/vc_row][vc_row][vc_column][vc_column_text]<\/p>\n<h3 style=\"text-align: center;\"><\/h3>\n<p>15 Temmuz 2016 tarihinde FET\u00d6 \u00f6rg\u00fct\u00fcn\u00fcn te\u015febb\u00fcs etti\u011fi; T\u00fcrkiye\u2019de i\u015fgal, i\u00e7 sava\u015f ve karga\u015fa yaratma ve T\u00fcrkiye\u2019yi b\u00f6lmeyi hedefleyen darbe te\u015febb\u00fcs\u00fcnde darbecilerin ilk hedefi Bili\u015fim ve \u0130leti\u015fim ara\u00e7lar\u0131n\u0131 ele ge\u00e7irmek, etkisiz hale getirmek ve kendi ama\u00e7lar\u0131 do\u011frultusunda kullanmak olmu\u015ftur. Di\u011fer taraftan ba\u015fta Say\u0131n Cumhurba\u015fkan\u0131 olmak \u00fczere, Say\u0131n Ba\u015fbakan, Siyasi Parti Genel Ba\u015fkanlar\u0131, kalk\u0131\u015fmay\u0131 \u00f6nlemeye \u00e7al\u0131\u015fan sivil ve askeri yetkililer Bili\u015fim ve \u0130leti\u015fim ara\u00e7lar\u0131 \u00fczerinden halk\u0131m\u0131za mesajlar\u0131n\u0131 ula\u015ft\u0131rm\u0131\u015flar, halk\u0131m\u0131z\u0131n hainlere kar\u015f\u0131 kahramanca direni\u015fini \u00f6rg\u00fctlemi\u015flerdir. Say\u0131n Cumhurba\u015fkan\u0131, Say\u0131n Ba\u015fbakan, Siyasi Parti Liderleri ve Devletimizin yan\u0131nda oldu\u011funu a\u00e7\u0131klayan askeri yetkililerin mesajlar\u0131n\u0131n sosyal medya ara\u00e7lar\u0131 ve televizyonlardan h\u0131zla yay\u0131lmas\u0131 darbeye kar\u015f\u0131 Milli Birlik ve Beraberli\u011fimizi hemen tesis etmi\u015f, darbecilerin kolayca \u00e7\u00f6z\u00fclmeleri ve teslim olma s\u00fcre\u00e7lerini kolayla\u015ft\u0131rm\u0131\u015ft\u0131r.<\/p>\n<p>Milli Birlik ve Beraberli\u011fimiz ile Demokrasimize kastedilen bu hain darbe te\u015febb\u00fcs\u00fc, Devletimizin varl\u0131\u011f\u0131, Cumhuriyetimizin ilelebet devam\u0131 ve demokrasimizin korunmas\u0131 i\u00e7in Bili\u015fim Teknolojilerinin hayati bir \u00f6neme haiz oldu\u011fu ve kritik bir rol \u00fcstlendi\u011fini birkez daha g\u00f6stermi\u015ftir.<\/p>\n<p>Bili\u015fim Teknolojilerinin, Demokrasi\u2019mizin t\u00fcm kurum ve kurallar\u0131yla devam\u0131 ve \u00fclkemize y\u00f6nelecek her t\u00fcrl\u00fc tehdit ve sald\u0131r\u0131ya kar\u015f\u0131 t\u00fcm tedbirlerin al\u0131narak etkin bir \u015fekilde kullan\u0131lmas\u0131na dikkat \u00e7ekmek \u00fczere <a href=\"http:\/\/www.tbd.org.tr\/\">T\u00fcrkiye Bili\u015fim Derne\u011fi <\/a>taraf\u0131ndan bu sene 33.s\u00fc d\u00fczenlenecek olan Ulusal Bili\u015fim Kurultay\u0131\u2019n\u0131n ana temas\u0131 \u201c<strong>Bili\u015fim ve Demokrasi<\/strong>\u201d olarak belirlenmi\u015ftir.<\/p>\n<p><strong>8-9 Aral\u0131k 2016 tarihlerinde Sheraton Ankara Hotel &amp; Convention Centre<\/strong>\u2019de , \u201c<strong>Bili\u015fim ve Demokrasi<\/strong>\u201d ana temas\u0131yla ger\u00e7ekle\u015ftirece\u011fimiz<strong>B\u0130L\u0130\u015e\u0130M\u20192016<\/strong> (<strong>TBD 33. Ulusal Bili\u015fim Kurultay\u0131<\/strong>) \u2019nda; 15 Temmuz 2016 darbe te\u015febb\u00fcs\u00fcnde Bili\u015fim ve \u0130leti\u015fim alan\u0131nda ya\u015fanan olaylar detayl\u0131 bir \u015fekilde ele al\u0131nacak, <strong>Bili\u015fim Kahramanlar\u0131<\/strong> taraf\u0131ndan \u201c<strong>O Gece<\/strong>\u201d anlat\u0131lacakt\u0131r.<\/p>\n<p>T\u00fcrkiye Bili\u015fim Derne\u011fi \u2018nin 1976 y\u0131l\u0131ndan bu yana geleneksel olarak d\u00fczenledi\u011fi ve bu y\u0131l \u201c<strong>Bili\u015fim ve Demokrasi<\/strong>\u201d ana temas\u0131 ile ger\u00e7ekle\u015ftirilecek etkinlikte a\u00e7\u0131k oturum ve paneller, \u00e7a\u011fr\u0131l\u0131 konu\u015fmac\u0131lar, \u00e7al\u0131\u015ftaylar, bildiri sunumlar\u0131, \u00f6zel sekt\u00f6r tan\u0131t\u0131m sunumlar\u0131 yer alacakt\u0131r.<\/p>\n<p>Etkinli\u011fimizin d\u00fczenlenece\u011fi <strong>8 \u2013 9 Aral\u0131k 2016<\/strong> g\u00fcnlerini i\u00e7ine alan \u201c<strong>\u0130nsan Haklar\u0131 ve Demokrasi<\/strong>\u201d haftas\u0131 vesilesiyle ve 15 Temmuz 2016 tarihinde d\u0131\u015f g\u00fc\u00e7lerin ta\u015feron olarak kulland\u0131\u011f\u0131 FET\u00d6\u2019n\u00fcn demokrasimize y\u00f6neltti\u011fi al\u00e7ak\u00e7a sald\u0131rdan ders almak amac\u0131yla bu y\u0131l etkinli\u011fimizde; \u201c<strong>Ulusal Siber G\u00fcvenlik, Siber Savunma, \u00c7oklu \u0130leti\u015fim Kanallar\u0131, Yerli Bili\u015fim End\u00fcstrisi<\/strong>\u2019nin geli\u015ftirilmesi ve <strong>Milli Yaz\u0131l\u0131mlar, Sosyal Medya ve Demokrasi, Siber G\u00fcvenilir Yurtta\u015f, Bilgi G\u00fcvenli\u011fi<\/strong> gibi konular detayl\u0131 bir \u015fekilde ele al\u0131narak \u201c<strong>Tam Ba\u011f\u0131ms\u0131z, Lider ve G\u00fc\u00e7l\u00fc T\u00fcrkiye<\/strong>\u201d i\u00e7in Bili\u015fim alan\u0131nda at\u0131lmas\u0131 gereken ad\u0131mlar, strateji ve politikalar belirlenecektir.<\/p>\n<p>Ayr\u0131ca, TBD Gen\u00e7 toplulu\u011funun yapaca\u011f\u0131 kurultay ve panellerle <strong>\u00dcniversite gen\u00e7li\u011fi i\u00e7in Gen\u00e7 giri\u015fimcili\u011fin \u00f6zendirilece\u011fi oturumlar<\/strong> da etkinlikte yer alacakt\u0131r.<\/p>\n<p>T\u00fcrkiye Bili\u015fim Sekt\u00f6r\u00fcn\u00fcn en b\u00fcy\u00fck bulu\u015fmas\u0131 niteli\u011finde olan etkinli\u011fin; T\u00fcrkiye Bili\u015fim Derne\u011fi\u2019nin ve Sekt\u00f6r\u00fcm\u00fcz\u00fcn her zaman destek\u00e7isi olan<strong>Ba\u015fbakan Say\u0131n Binal\u0131 Y\u0131ld\u0131r\u0131m, Bakanlar, Siyasi Parti Temsilcileri, Milletvekilleri, Kamu kurum ve kurulu\u015flar\u0131n\u0131n \u00fcst d\u00fczey y\u00f6neticilerinin davetli oldu\u011fu<\/strong> a\u00e7\u0131l\u0131\u015f b\u00f6l\u00fcm\u00fcnde; sekt\u00f6r\u00fcn sorunlar\u0131, \u00fclkemizin Bili\u015fim Vizyonu, Gelecek beklentileri ve Hede er en \u00fcst d\u00fczeyde dile getirilecek.<\/p>\n<p>\u00dc\u00e7 g\u00fcn boyunca her g\u00fcn se\u00e7kin \u00e7a\u011fr\u0131l\u0131 konu\u015fmac\u0131lar\u0131n yer ald\u0131\u011f\u0131 kurultay\u0131n a\u00e7\u0131k oturum ve paneller k\u0131sm\u0131nda \u00f6zellikle 1. G\u00fcnde \u201cDemokrasi\u201dnin mabedi olan TBMM temsilcileri konu\u015facaklar.<\/p>\n<p>Kurultay ile ilgili ayr\u0131nt\u0131l\u0131 bilgilere <a href=\"https:\/\/www.bilisim.org.tr\/bilisim2016\/\"><strong>www.bilisim.org.tr\/<\/strong> <\/a>adresinden ula\u015fabilirsiniz.<\/p>\n<p>1976\u2019dan beri, 40 y\u0131ld\u0131r sizlerin verdi\u011fi destek ve g\u00fc\u00e7le \u00fclkemizin ve sekt\u00f6r\u00fcm\u00fcz\u00fcn geli\u015fmesi i\u00e7in ba\u015far\u0131yla ger\u00e7ekle\u015ftirdi\u011fimiz, alan\u0131nda T\u00fcrkiye\u2019nin en b\u00fcy\u00fck ve tek etkinli\u011fi \u00f6zelli\u011fi ta\u015f\u0131yan B\u0130L\u0130\u015e\u0130M 2016 \u201c<strong>Bili\u015fim ve Demokrasi<\/strong>\u201d kurultay\u0131m\u0131za destek ve katk\u0131lar\u0131n\u0131z\u0131 bekliyoruz.<\/p>\n<p>Sayg\u0131de\u011fer Kurulu\u015funuzun isminin ve logosunun etkinli\u011fimizde yer almas\u0131 bizleri onurland\u0131racak, kamu y\u00f6neticileri, akademisyenler ve sekt\u00f6r\u00fcn t\u00fcm taraflar\u0131n\u0131n bulu\u015faca\u011f\u0131 etkinli\u011fimizde de\u011fer katacakt\u0131r.<br \/>\nKat\u0131l\u0131m ve desteklerinizi bekler, sayg\u0131lar sunar\u0131z.<\/p>\n<p>&lt;&lt; <a href=\"http:\/\/bilisim.org.tr\/gorseller\/bilisim_2016_sponsorluk_dosyasi.pdf\"><strong>B\u0130L\u0130\u015e\u0130M 2016 Sponsorluk Dosyas\u0131 (PDF)<\/strong> \u0130ndirin..<\/a> &gt;&gt;<\/p>\n<p>TBD 33. ULUSAL B\u0130L\u0130\u015e\u0130M KURULTAYI Web Sitesi : <a href=\"https:\/\/www.bilisim.org.tr\/bilisim2016\/\">www.bilisim.org.tr<\/a><\/p>\n<p>T\u00dcRK\u0130YE B\u0130L\u0130\u015e\u0130M DERNE\u011e\u0130 Web Sitesi : <a href=\"http:\/\/www.tbd.org.tr\/\">www.tbd.org.tr<\/a><\/p>\n<p>&nbsp;<\/p>\n<p style=\"text-align: center;\"><img loading=\"lazy\" decoding=\"async\" class=\"alignnone size-full wp-image-2877 aligncenter\" src=\"https:\/\/www.bilisim.org.tr\/bilisim2016\/eski\/wp-content\/uploads\/2015\/11\/twitt.png\" alt=\"twitt\" width=\"40\" height=\"40\" \/><a id=\"sc_button_2\" class=\"button text-bright size-large\" href=\"https:\/\/twitter.com\/hashtag\/B%C4%B0L%C4%B0%C5%9E%C4%B0MveDEMOKRAS%C4%B0\">#B\u0130L\u0130\u015e\u0130MveDEMOKRAS\u0130<\/a><img loading=\"lazy\" decoding=\"async\" class=\"alignnone size-full wp-image-2878 aligncenter\" src=\"https:\/\/www.bilisim.org.tr\/bilisim2016\/eski\/wp-content\/uploads\/2015\/11\/facee.png\" alt=\"facee\" width=\"40\" height=\"40\" \/><a id=\"sc_button_3\" class=\"button text-bright size-large\" href=\"https:\/\/www.facebook.com\/hashtag\/B%C4%B0L%C4%B0%C5%9E%C4%B0MveDEMOKRAS%C4%B0\">#B\u0130L\u0130\u015e\u0130MveDEMOKRAS\u0130<\/a><a title=\"\" href=\"https:\/\/www.bilisim.org.tr\/bilisim2016\/wp-content\/uploads\/2012\/07\/bilisim2016_300x300px.jpg\"><br \/>\n<\/a><\/p>\n<p>[\/vc_column_text][\/vc_column][\/vc_row]<\/p>\n","protected":false},"excerpt":{"rendered":"<p>[vc_row][vc_column][\/vc_column][\/vc_row][vc_row][vc_column][vc_column_text] 15 Temmuz 2016 tarihinde FET\u00d6 \u00f6rg\u00fct\u00fcn\u00fcn te\u015febb\u00fcs etti\u011fi; T\u00fcrkiye\u2019de i\u015fgal, i\u00e7 sava\u015f ve karga\u015fa yaratma ve T\u00fcrkiye\u2019yi b\u00f6lmeyi hedefleyen darbe te\u015febb\u00fcs\u00fcnde darbecilerin ilk hedefi Bili\u015fim ve \u0130leti\u015fim ara\u00e7lar\u0131n\u0131 ele ge\u00e7irmek, etkisiz hale getirmek ve kendi ama\u00e7lar\u0131 do\u011frultusunda kullanmak olmu\u015ftur. Di\u011fer taraftan ba\u015fta Say\u0131n Cumhurba\u015fkan\u0131 olmak \u00fczere, Say\u0131n Ba\u015fbakan, Siyasi Parti Genel Ba\u015fkanlar\u0131, kalk\u0131\u015fmay\u0131 \u00f6nlemeye&nbsp;<\/p>\n<p><a class=\"btn btn-style\" href=\"https:\/\/www.bilisim.org.tr\/bilisim2016\/basin-duyurusu\/\">Continue Reading<\/a><\/p>\n","protected":false},"author":4,"featured_media":0,"parent":0,"menu_order":0,"comment_status":"closed","ping_status":"closed","template":"","meta":{"footnotes":""},"_links":{"self":[{"href":"https:\/\/www.bilisim.org.tr\/bilisim2016\/wp-json\/wp\/v2\/pages\/3660"}],"collection":[{"href":"https:\/\/www.bilisim.org.tr\/bilisim2016\/wp-json\/wp\/v2\/pages"}],"about":[{"href":"https:\/\/www.bilisim.org.tr\/bilisim2016\/wp-json\/wp\/v2\/types\/page"}],"author":[{"embeddable":true,"href":"https:\/\/www.bilisim.org.tr\/bilisim2016\/wp-json\/wp\/v2\/users\/4"}],"replies":[{"embeddable":true,"href":"https:\/\/www.bilisim.org.tr\/bilisim2016\/wp-json\/wp\/v2\/comments?post=3660"}],"version-history":[{"count":11,"href":"https:\/\/www.bilisim.org.tr\/bilisim2016\/wp-json\/wp\/v2\/pages\/3660\/revisions"}],"predecessor-version":[{"id":3849,"href":"https:\/\/www.bilisim.org.tr\/bilisim2016\/wp-json\/wp\/v2\/pages\/3660\/revisions\/3849"}],"wp:attachment":[{"href":"https:\/\/www.bilisim.org.tr\/bilisim2016\/wp-json\/wp\/v2\/media?parent=3660"}],"curies":[{"name":"wp","href":"https:\/\/api.w.org\/{rel}","templated":true}]}}