{"id":848,"date":"2014-10-05T22:49:03","date_gmt":"2014-10-05T19:49:03","guid":{"rendered":"http:\/\/www.bilisim.org.tr\/bilisim2015\/?page_id=848"},"modified":"2015-11-10T17:05:05","modified_gmt":"2015-11-10T15:05:05","slug":"sponsorluk","status":"publish","type":"page","link":"https:\/\/www.bilisim.org.tr\/bilisim2015\/sponsorluk\/","title":{"rendered":"Sponsorluk"},"content":{"rendered":"<h3>T\u00dcRK\u0130YE B\u0130L\u0130\u015e\u0130M DERNE\u011e\u0130<\/h3>\n<p><strong>ARZU KILI\u00c7<\/strong><\/p>\n<p>Tel: +90 (312) 473 8215 (pbx)<br \/>\n  Faks: +90 (312) 473 8216<br \/>\n  e-posta : <a title=\"TBD E-Posta Adresi\" href=\"mailto:arzu.kilic@tbd.org.tr\" target=\"_blank\">arzu.kilic@tbd.org.tr<\/a><br \/>\n  web : <a href=\"www.tbd.org.tr\">www.tbd.org.tr<\/a><\/p>\n<h3>GL EVENTS FUARCILIK A.\u015e.<\/h3>\n<p><strong>EY\u00dcP SAV : +90 532 171 08 63<\/strong><\/p>\n<p>Tel: +90 216 594 58 26<br \/>\nFaks: +90 216 594 57 99<br \/>\ne-posta : <a title=\"GL FUARCILIK E-Posta Adresi\" href=\"mailto:eyup.sav@gl-fuarcilik.com\" target=\"_blank\">eyup.sav@gl-fuarcilik.com<\/a><a title=\"TBD E-Posta Adresi\" href=\"mailto:arzu.kilic@tbd.org.tr\" target=\"_blank\"><\/a><br \/>\nweb : <a href=\"www.gl-fuarcilik.com\">www.gl-fuarcilik.com<\/a><\/p>\n<\/div>\n<h3>SPONSORLUK BA\u015eVURU FORMU<\/h3>\n<form action=\"https:\/\/www.bilisim.org.tr\/bilisim2015\/wp-content\/themes\/expo18\/sponform.php\" method=\"POST\">\n<div id=\"form-container\" style=\"margin-bottom:90px; height:500px;\">\n<div id=\"formvalue\">Kurum \/ Firma \u0130smi*<\/div>\n<div class=\"bilisimform\"><input style=\"width: 50%;\" name=\"firmaisim\" type=\"text\" \/><\/div>\n<div id=\"formvalue\">Kurum\/Firma \u0130leti\u015fim Bilgileri*:<\/div>\n<div class=\"bilisimform\"><input style=\"width: 50%;\" name=\"firmailetisim\" type=\"text\" \/><\/div>\n<div id=\"formvalue\">\u0130lgili Ki\u015fi Bilgileri*<\/div>\n<div class=\"bilisimform\"><input style=\"width: 50%;\" name=\"kisi\" type=\"text\" \/><\/div>\n<div id=\"formvalue\">\u0130lgili Ki\u015fi Telefon Numaras\u0131*<\/div>\n<div class=\"bilisimform\"><input style=\"width: 50%;\" name=\"kisitel\" type=\"text\" \/><\/div>\n<div id=\"formvalue\">\u0130lgili Ki\u015fi e-Posta Adresi*<\/div>\n<div class=\"bilisimform\"><input style=\"width: 50%;\" name=\"kisieposta\" type=\"text\" \/><\/div>\n<div class=\"bilisimform\"><input style=\"width: 75px;\" name=\"G\u00f6nder\" type=\"SUBMIT\" value=\"G\u00f6nder\" \/><\/div>\n<\/div>\n<\/form>\n","protected":false},"excerpt":{"rendered":"<p>T\u00dcRK\u0130YE B\u0130L\u0130\u015e\u0130M DERNE\u011e\u0130 ARZU KILI\u00c7 Tel: +90 (312) 473 8215 (pbx) Faks: +90 (312) 473&#8230;<\/p>\n","protected":false},"author":1,"featured_media":0,"parent":0,"menu_order":0,"comment_status":"closed","ping_status":"closed","template":"template-full-width.php","meta":{"footnotes":""},"_links":{"self":[{"href":"https:\/\/www.bilisim.org.tr\/bilisim2015\/wp-json\/wp\/v2\/pages\/848"}],"collection":[{"href":"https:\/\/www.bilisim.org.tr\/bilisim2015\/wp-json\/wp\/v2\/pages"}],"about":[{"href":"https:\/\/www.bilisim.org.tr\/bilisim2015\/wp-json\/wp\/v2\/types\/page"}],"author":[{"embeddable":true,"href":"https:\/\/www.bilisim.org.tr\/bilisim2015\/wp-json\/wp\/v2\/users\/1"}],"replies":[{"embeddable":true,"href":"https:\/\/www.bilisim.org.tr\/bilisim2015\/wp-json\/wp\/v2\/comments?post=848"}],"version-history":[{"count":27,"href":"https:\/\/www.bilisim.org.tr\/bilisim2015\/wp-json\/wp\/v2\/pages\/848\/revisions"}],"predecessor-version":[{"id":2437,"href":"https:\/\/www.bilisim.org.tr\/bilisim2015\/wp-json\/wp\/v2\/pages\/848\/revisions\/2437"}],"wp:attachment":[{"href":"https:\/\/www.bilisim.org.tr\/bilisim2015\/wp-json\/wp\/v2\/media?parent=848"}],"curies":[{"name":"wp","href":"https:\/\/api.w.org\/{rel}","templated":true}]}}