{"id":582,"date":"2014-09-29T11:38:28","date_gmt":"2014-09-29T08:38:28","guid":{"rendered":"http:\/\/bilisim.org.tr\/?page_id=582"},"modified":"2015-12-01T11:31:23","modified_gmt":"2015-12-01T09:31:23","slug":"etkinlik-merkezi","status":"publish","type":"page","link":"https:\/\/www.bilisim.org.tr\/bilisim2015\/etkinlik-merkezi\/","title":{"rendered":"Etkinlik Merkezi"},"content":{"rendered":"<p style=\"text-align: center;\"><strong><a href=\"https:\/\/www.google.com\/maps\/place\/Congresium\/@39.911634,32.803599,17z\/data=!3m1!4b1!4m2!3m1!1s0x14d348b2233787bd:0x1c0067968e989a38\" target=\"_blank\">CONGRESIUM GOOGLE HAR\u0130TA Ba\u011flant\u0131s\u0131<\/a><\/strong><\/p>\n<p style=\"text-align: center;\"><a href=\"https:\/\/www.google.com\/maps\/place\/Congresium\/@39.911634,32.803599,17z\/data=!3m1!4b1!4m2!3m1!1s0x14d348b2233787bd:0x1c0067968e989a38\" target=\"_blank\"><img loading=\"lazy\" decoding=\"async\" class=\"aligncenter wp-image-583 size-full\" src=\"http:\/\/bilisim.org.tr\/wp-content\/uploads\/2014\/09\/cong.png\" alt=\"cong\" width=\"133\" height=\"27\" srcset=\"https:\/\/www.bilisim.org.tr\/bilisim2015\/wp-content\/uploads\/2014\/09\/cong.png 133w, https:\/\/www.bilisim.org.tr\/bilisim2015\/wp-content\/uploads\/2014\/09\/cong-125x25.png 125w\" sizes=\"(max-width: 133px) 100vw, 133px\" \/><\/a><span style=\"color: #808080;\"><a style=\"color: #808080;\" href=\"http:\/\/www.congresium.com\/\" target=\"_blank\"><strong>www.congresium.com<\/strong><\/a><\/span><\/p>\n<p style=\"text-align: center;\"><strong><span style=\"color: #808080;\"><a class=\"various\" style=\"color: #808080;\" href=\"http:\/\/congresium.venuetour.net\/\" data-fancybox-type=\"iframe\">Panoramik tur i\u00e7in t\u0131klay\u0131n\u0131z<\/a><\/span><\/strong><\/p>\n<p style=\"text-align: center;\"><a href=\"https:\/\/www.bilisim.org.tr\/bilisim2015\/wp-content\/uploads\/2014\/09\/bilisim-citex-congresium-kat-plan\u0131.jpg\"><img loading=\"lazy\" decoding=\"async\" class=\"alignnone wp-image-2230 size-large\" src=\"https:\/\/www.bilisim.org.tr\/bilisim2015\/wp-content\/uploads\/2014\/09\/bilisim-citex-congresium-kat-plan\u0131-1024x696.jpg\" alt=\"\" width=\"920\" height=\"625\" srcset=\"https:\/\/www.bilisim.org.tr\/bilisim2015\/wp-content\/uploads\/2014\/09\/bilisim-citex-congresium-kat-plan\u0131-1024x696.jpg 1024w, https:\/\/www.bilisim.org.tr\/bilisim2015\/wp-content\/uploads\/2014\/09\/bilisim-citex-congresium-kat-plan\u0131-300x204.jpg 300w, https:\/\/www.bilisim.org.tr\/bilisim2015\/wp-content\/uploads\/2014\/09\/bilisim-citex-congresium-kat-plan\u0131-125x85.jpg 125w, https:\/\/www.bilisim.org.tr\/bilisim2015\/wp-content\/uploads\/2014\/09\/bilisim-citex-congresium-kat-plan\u0131-615x418.jpg 615w, https:\/\/www.bilisim.org.tr\/bilisim2015\/wp-content\/uploads\/2014\/09\/bilisim-citex-congresium-kat-plan\u0131.jpg 1465w\" sizes=\"(max-width: 920px) 100vw, 920px\" \/><\/a><\/p>\n","protected":false},"excerpt":{"rendered":"<p>CONGRESIUM GOOGLE HAR\u0130TA Ba\u011flant\u0131s\u0131 www.congresium.com Panoramik tur i\u00e7in t\u0131klay\u0131n\u0131z<\/p>\n","protected":false},"author":1,"featured_media":0,"parent":0,"menu_order":0,"comment_status":"closed","ping_status":"closed","template":"template-full-width.php","meta":{"footnotes":""},"_links":{"self":[{"href":"https:\/\/www.bilisim.org.tr\/bilisim2015\/wp-json\/wp\/v2\/pages\/582"}],"collection":[{"href":"https:\/\/www.bilisim.org.tr\/bilisim2015\/wp-json\/wp\/v2\/pages"}],"about":[{"href":"https:\/\/www.bilisim.org.tr\/bilisim2015\/wp-json\/wp\/v2\/types\/page"}],"author":[{"embeddable":true,"href":"https:\/\/www.bilisim.org.tr\/bilisim2015\/wp-json\/wp\/v2\/users\/1"}],"replies":[{"embeddable":true,"href":"https:\/\/www.bilisim.org.tr\/bilisim2015\/wp-json\/wp\/v2\/comments?post=582"}],"version-history":[{"count":13,"href":"https:\/\/www.bilisim.org.tr\/bilisim2015\/wp-json\/wp\/v2\/pages\/582\/revisions"}],"predecessor-version":[{"id":2937,"href":"https:\/\/www.bilisim.org.tr\/bilisim2015\/wp-json\/wp\/v2\/pages\/582\/revisions\/2937"}],"wp:attachment":[{"href":"https:\/\/www.bilisim.org.tr\/bilisim2015\/wp-json\/wp\/v2\/media?parent=582"}],"curies":[{"name":"wp","href":"https:\/\/api.w.org\/{rel}","templated":true}]}}