{"id":545,"date":"2014-09-28T13:39:06","date_gmt":"2014-09-28T10:39:06","guid":{"rendered":"http:\/\/bilisim.org.tr\/?page_id=545"},"modified":"2015-11-17T16:38:26","modified_gmt":"2015-11-17T14:38:26","slug":"webbanner","status":"publish","type":"page","link":"https:\/\/www.bilisim.org.tr\/bilisim2015\/webbanner\/","title":{"rendered":"Web Banner G\u00f6rselleri"},"content":{"rendered":"<p align=\"left\"><b>B\u0130L\u0130\u015e\u0130M 2015 &amp; CITEX 2015 &#8220;320&#215;180&#8221;<\/b> &#8211; GIF animated<\/p>\n<p><a href=\"https:\/\/www.bilisim.org.tr\/bilisim2015\/\"><img loading=\"lazy\" decoding=\"async\" class=\"alignnone wp-image-2235 size-full\" src=\"https:\/\/www.bilisim.org.tr\/bilisim2015\/wp-content\/uploads\/2014\/09\/bilisim_citex.gif\" alt=\"bilisim_citex\" width=\"320\" height=\"180\" \/><\/a><\/p>\n<p><code><strong>Banner Kodu:<\/strong><br \/> &lt;a href=\"https:\/\/www.bilisim.org.tr\/bilisim2015\"&gt;&lt;img src=\"https:\/\/www.bilisim.org.tr\/bilisim2015\/wp-content\/uploads\/2014\/09\/bilisim_citex.gif\" alt=\"B\u0130L\u0130\u015e\u0130M 2015 &amp; CITEX 2015\" width=\"320\" height=\"180\" border=\"0\"&gt;&lt;\/a&gt;<\/code><\/p>\n<hr \/>\n<p align=\"left\"><b>B\u0130L\u0130\u015e\u0130M 2015 &amp; CITEX 2015 &#8220;125&#215;125&#8221;<\/b> &#8211; PNG<\/p>\n<p><a href=\"https:\/\/www.bilisim.org.tr\/bilisim2015\/\"><img loading=\"lazy\" decoding=\"async\" class=\"alignnone wp-image-2234 size-full\" src=\"https:\/\/www.bilisim.org.tr\/bilisim2015\/wp-content\/uploads\/2014\/09\/bilisim-citex-ankara_125x125.png\" alt=\"bilisim-citex-ankara_125x125\" width=\"125\" height=\"125\" \/><\/a><\/p>\n<p><code><strong>Banner Kodu:<\/strong><br \/> &lt;a href=\"https:\/\/www.bilisim.org.tr\/bilisim2015\"&gt;&lt;img src=\"https:\/\/www.bilisim.org.tr\/bilisim2015\/wp-content\/uploads\/2014\/09\/bilisim-citex-ankara_125x125.png\" alt=\"B\u0130L\u0130\u015e\u0130M 2015 &amp; CITEX 2015\" width=\"125\" height=\"125\" border=\"0\"&gt;&lt;\/a&gt;<\/code><\/p>\n<hr \/>\n<p align=\"left\"><b>B\u0130L\u0130\u015e\u0130M 2015 &amp; CITEX 2015 &#8220;200&#215;200&#8221; <\/b>&#8211; PNG<\/p>\n<p><a href=\"https:\/\/www.bilisim.org.tr\/bilisim2015\/\"><img loading=\"lazy\" decoding=\"async\" class=\"alignnone wp-image-2233 size-full\" src=\"https:\/\/www.bilisim.org.tr\/bilisim2015\/wp-content\/uploads\/2014\/09\/bilisim-citex-ankara_200x200.png\" alt=\"bilisim-citex-ankara_200x200\" width=\"200\" height=\"200\" srcset=\"https:\/\/www.bilisim.org.tr\/bilisim2015\/wp-content\/uploads\/2014\/09\/bilisim-citex-ankara_200x200.png 200w, https:\/\/www.bilisim.org.tr\/bilisim2015\/wp-content\/uploads\/2014\/09\/bilisim-citex-ankara_200x200-150x150.png 150w, https:\/\/www.bilisim.org.tr\/bilisim2015\/wp-content\/uploads\/2014\/09\/bilisim-citex-ankara_200x200-125x125.png 125w\" sizes=\"(max-width: 200px) 100vw, 200px\" \/><\/a><\/p>\n<p><code><strong>Banner Kodu:<\/strong><br \/> &lt;a href=\"https:\/\/www.bilisim.org.tr\/bilisim2015\"&gt;&lt;img src=\"https:\/\/www.bilisim.org.tr\/bilisim2015\/wp-content\/uploads\/2014\/09\/bilisim-citex-ankara_200x200.png\" alt=\"B\u0130L\u0130\u015e\u0130M 2015 &amp; CITEX 2015\" width=\"200\" height=\"200\" border=\"0\"&gt; &lt;\/a&gt;<\/code><\/p>\n<hr \/>\n<p align=\"left\"><b>B\u0130L\u0130\u015e\u0130M 2015 &amp; CITEX 2015 &#8220;300&#215;250&#8221;<\/b><b> <\/b>&#8211; PNG<\/p>\n<p><a href=\"https:\/\/www.bilisim.org.tr\/bilisim2015\/\"><img loading=\"lazy\" decoding=\"async\" class=\"alignnone wp-image-2237 size-full\" src=\"https:\/\/www.bilisim.org.tr\/bilisim2015\/wp-content\/uploads\/2014\/09\/bilisim-citex-ankara_300x150.png\" alt=\"bilisim-citex-ankara_300x150\" width=\"300\" height=\"150\" srcset=\"https:\/\/www.bilisim.org.tr\/bilisim2015\/wp-content\/uploads\/2014\/09\/bilisim-citex-ankara_300x150.png 300w, https:\/\/www.bilisim.org.tr\/bilisim2015\/wp-content\/uploads\/2014\/09\/bilisim-citex-ankara_300x150-125x63.png 125w\" sizes=\"(max-width: 300px) 100vw, 300px\" \/><\/a><\/p>\n<p><code><strong>Banner Kodu:<\/strong><br \/> &lt;a href=\"https:\/\/www.bilisim.org.tr\/bilisim2015\"&gt;&lt;img src=\"https:\/\/www.bilisim.org.tr\/bilisim2015\/wp-content\/uploads\/2014\/09\/bilisim-citex-ankara_300x150.png\" alt=\"B\u0130L\u0130\u015e\u0130M 2015 &amp; CITEX 2015\" width=\"300\" height=\"150\" border=\"0\"&gt; &lt;\/a&gt;<\/code><\/p>\n<hr \/>\n<p align=\"left\"><b>B\u0130L\u0130\u015e\u0130M 2015 &amp; CITEX 2015 &#8220;300&#215;300&#8221;<\/b><b> <\/b>&#8211; PNG<\/p>\n<p><a href=\"https:\/\/www.bilisim.org.tr\/bilisim2015\/\"><img loading=\"lazy\" decoding=\"async\" class=\"alignnone wp-image-2238 size-full\" src=\"https:\/\/www.bilisim.org.tr\/bilisim2015\/wp-content\/uploads\/2014\/09\/bilisim-citex-ankara_300x300.png\" alt=\"bilisim-citex-ankara_300x300\" width=\"300\" height=\"300\" srcset=\"https:\/\/www.bilisim.org.tr\/bilisim2015\/wp-content\/uploads\/2014\/09\/bilisim-citex-ankara_300x300.png 300w, https:\/\/www.bilisim.org.tr\/bilisim2015\/wp-content\/uploads\/2014\/09\/bilisim-citex-ankara_300x300-150x150.png 150w, https:\/\/www.bilisim.org.tr\/bilisim2015\/wp-content\/uploads\/2014\/09\/bilisim-citex-ankara_300x300-125x125.png 125w\" sizes=\"(max-width: 300px) 100vw, 300px\" \/><\/a><\/p>\n<p><code><strong>Banner Kodu:<\/strong><br \/> &lt;a href=\"https:\/\/www.bilisim.org.tr\/bilisim2015\"&gt;&lt;img src=\"https:\/\/www.bilisim.org.tr\/bilisim2015\/wp-content\/uploads\/2014\/09\/bilisim-citex-ankara_300x300.png\" alt=\"B\u0130L\u0130\u015e\u0130M 2015 &amp; CITEX 2015\" width=\"300\" height=\"300\" border=\"0\"&gt; &lt;\/a&gt;<\/code><\/p>\n<hr \/>\n<p align=\"left\"><b>B\u0130L\u0130\u015e\u0130M 2015 &amp; CITEX 2015 &#8220;460&#215;60&#8221;<\/b><b> <\/b>&#8211; PNG<\/p>\n<p><a href=\"https:\/\/www.bilisim.org.tr\/bilisim2015\/\"><img loading=\"lazy\" decoding=\"async\" class=\"alignnone wp-image-2239 size-full\" style=\"display: none !important;\" src=\"https:\/\/www.bilisim.org.tr\/bilisim2015\/wp-content\/uploads\/2014\/09\/bilisim-citex-ankara_460x60.png\" alt=\"bilisim-citex-ankara_460x60\" width=\"460\" height=\"60\" srcset=\"https:\/\/www.bilisim.org.tr\/bilisim2015\/wp-content\/uploads\/2014\/09\/bilisim-citex-ankara_460x60.png 460w, https:\/\/www.bilisim.org.tr\/bilisim2015\/wp-content\/uploads\/2014\/09\/bilisim-citex-ankara_460x60-300x39.png 300w, https:\/\/www.bilisim.org.tr\/bilisim2015\/wp-content\/uploads\/2014\/09\/bilisim-citex-ankara_460x60-125x16.png 125w\" sizes=\"(max-width: 460px) 100vw, 460px\" \/><\/a><\/p>\n<p><code><strong>Banner Kodu:<\/strong><br \/> &lt;a href=\"https:\/\/www.bilisim.org.tr\/bilisim2015\"&gt;&lt;img src=\"https:\/\/www.bilisim.org.tr\/bilisim2015\/wp-content\/uploads\/2014\/09\/bilisim-citex-ankara_460x60.png\" alt=\"B\u0130L\u0130\u015e\u0130M 2015 &amp; CITEX 2015\" width=\"460\" height=\"60\" border=\"0\"&gt; &lt;\/a&gt;<\/code><\/p>\n<hr \/>\n<p align=\"left\"><b>B\u0130L\u0130\u015e\u0130M 2015 &amp; CITEX 2015 &#8220;728&#215;90&#8221;<\/b><b> <\/b>&#8211; PNG<\/p>\n<p><a href=\"https:\/\/www.bilisim.org.tr\/bilisim2015\/wp-content\/uploads\/2014\/09\/bilisim-citex-ankara_728x90.png\"><img loading=\"lazy\" decoding=\"async\" class=\"alignnone wp-image-2240 size-full\" style=\"display: none !important;\" src=\"https:\/\/www.bilisim.org.tr\/bilisim2015\/wp-content\/uploads\/2014\/09\/bilisim-citex-ankara_728x90.png\" alt=\"bilisim-citex-ankara_728x90\" width=\"728\" height=\"90\" srcset=\"https:\/\/www.bilisim.org.tr\/bilisim2015\/wp-content\/uploads\/2014\/09\/bilisim-citex-ankara_728x90.png 728w, https:\/\/www.bilisim.org.tr\/bilisim2015\/wp-content\/uploads\/2014\/09\/bilisim-citex-ankara_728x90-300x37.png 300w, https:\/\/www.bilisim.org.tr\/bilisim2015\/wp-content\/uploads\/2014\/09\/bilisim-citex-ankara_728x90-125x15.png 125w, https:\/\/www.bilisim.org.tr\/bilisim2015\/wp-content\/uploads\/2014\/09\/bilisim-citex-ankara_728x90-615x76.png 615w\" sizes=\"(max-width: 728px) 100vw, 728px\" \/><\/a><\/p>\n<p><code><strong>Banner Kodu:<\/strong><br \/> &lt;a href=\"https:\/\/www.bilisim.org.tr\/bilisim2015\"&gt;&lt;img src=\"https:\/\/www.bilisim.org.tr\/bilisim2015\/wp-content\/uploads\/2014\/09\/bilisim-citex-ankara_728x90.png\" alt=\"B\u0130L\u0130\u015e\u0130M 2015 &amp; CITEX 2015\" width=\"728\" height=\"90\" border=\"0\"&gt; &lt;\/a&gt;<\/code><\/p>\n<hr \/>\n<p align=\"left\"><b>B\u0130L\u0130\u015e\u0130M 2015 &amp; CITEX 2015 &#8220;120&#215;600&#8221;<\/b><b> <\/b>&#8211; PNG<\/p>\n<p align=\"left\"><a href=\"https:\/\/www.bilisim.org.tr\/bilisim2015\/\"><img loading=\"lazy\" decoding=\"async\" class=\"alignnone wp-image-2242 size-full\" src=\"https:\/\/www.bilisim.org.tr\/bilisim2015\/wp-content\/uploads\/2014\/09\/bilisim-citex-ankara_120x6001.png\" alt=\"bilisim-citex-ankara_120x600\" width=\"120\" height=\"600\" srcset=\"https:\/\/www.bilisim.org.tr\/bilisim2015\/wp-content\/uploads\/2014\/09\/bilisim-citex-ankara_120x6001.png 120w, https:\/\/www.bilisim.org.tr\/bilisim2015\/wp-content\/uploads\/2014\/09\/bilisim-citex-ankara_120x6001-60x300.png 60w\" sizes=\"(max-width: 120px) 100vw, 120px\" \/><\/a><\/p>\n<p><code><strong>Banner Kodu:<\/strong><br \/> &lt;a href=\"https:\/\/www.bilisim.org.tr\/bilisim2015\"&gt;&lt;img src=\"https:\/\/www.bilisim.org.tr\/bilisim2015\/wp-content\/uploads\/2014\/09\/bilisim-citex-ankara_120x600.png\" alt=\"B\u0130L\u0130\u015e\u0130M 2015 &amp; CITEX 2015\" width=\"120\" height=\"600\" border=\"0\"&gt; &lt;\/a&gt;<\/code><\/p>\n<hr \/>\n","protected":false},"excerpt":{"rendered":"<p>B\u0130L\u0130\u015e\u0130M 2015 &amp; CITEX 2015 &#8220;320&#215;180&#8221; &#8211; GIF animated Banner Kodu: &lt;a href=&#8221;https:\/\/www.bilisim.org.tr\/bilisim2015&#8243;&gt;&lt;img src=&#8221;https:\/\/www.bilisim.org.tr\/bilisim2015\/wp-content\/uploads\/2014\/09\/bilisim_citex.gif&#8221; alt=&#8221;B\u0130L\u0130\u015e\u0130M&#8230;<\/p>\n","protected":false},"author":1,"featured_media":0,"parent":0,"menu_order":0,"comment_status":"closed","ping_status":"closed","template":"template-full-width.php","meta":{"footnotes":""},"_links":{"self":[{"href":"https:\/\/www.bilisim.org.tr\/bilisim2015\/wp-json\/wp\/v2\/pages\/545"}],"collection":[{"href":"https:\/\/www.bilisim.org.tr\/bilisim2015\/wp-json\/wp\/v2\/pages"}],"about":[{"href":"https:\/\/www.bilisim.org.tr\/bilisim2015\/wp-json\/wp\/v2\/types\/page"}],"author":[{"embeddable":true,"href":"https:\/\/www.bilisim.org.tr\/bilisim2015\/wp-json\/wp\/v2\/users\/1"}],"replies":[{"embeddable":true,"href":"https:\/\/www.bilisim.org.tr\/bilisim2015\/wp-json\/wp\/v2\/comments?post=545"}],"version-history":[{"count":49,"href":"https:\/\/www.bilisim.org.tr\/bilisim2015\/wp-json\/wp\/v2\/pages\/545\/revisions"}],"predecessor-version":[{"id":2541,"href":"https:\/\/www.bilisim.org.tr\/bilisim2015\/wp-json\/wp\/v2\/pages\/545\/revisions\/2541"}],"wp:attachment":[{"href":"https:\/\/www.bilisim.org.tr\/bilisim2015\/wp-json\/wp\/v2\/media?parent=545"}],"curies":[{"name":"wp","href":"https:\/\/api.w.org\/{rel}","templated":true}]}}