{"id":500,"date":"2014-09-28T12:53:20","date_gmt":"2014-09-28T09:53:20","guid":{"rendered":"http:\/\/bilisim.org.tr\/?page_id=500"},"modified":"2016-09-19T13:26:05","modified_gmt":"2016-09-19T10:26:05","slug":"kurullar","status":"publish","type":"page","link":"https:\/\/www.bilisim.org.tr\/bilisim2015\/kurullar\/","title":{"rendered":"Kurullar"},"content":{"rendered":"<h4 style=\"text-align: left;\">TBD Y\u00d6NET\u0130M KURULU<\/h3>\n<p>Ba\u015fkan : \u0130. \u0130lker TABAK<\/p>\n<p>2. Ba\u015fkan : Koray \u00d6ZER<\/p>\n<p>Sayman : Vural R\u0131za \u0130BR\u0130\u015e\u0130M<\/p>\n<p>\u00dcyeler :<\/p>\n<ul>\n<li>Ahmet PEKEL<\/li>\n<li>Erhan YAL\u00c7IN<\/li>\n<li>Ersin TA\u015e\u00c7I<\/li>\n<li>Ertan BARUT<\/li>\n<li>Levent KARADA\u011e<\/li>\n<li>Nihan TUNA<\/li>\n<li>Salih \u00d6Z\u00c7\u0130F\u00c7\u0130<\/li>\n<li>\u00dcveyiz \u00dcnal ZA\u0130M<\/li>\n<\/ul>\n<h4 style=\"text-align: left;\">TBD B\u0130L\u0130\u015e\u0130M&#8217;2015 ETK\u0130NL\u0130K Y\u00dcR\u00dcTME KURULU<\/h3>\n<p>Ba\u015fkan : Ersin TA\u015e\u00c7I &#8211; TCDD<br \/>\n\u00dcyeler :<\/p>\n<ul>\n<li>Ahmet PEKEL &#8211; TCMB<\/li>\n<li>Ertan BARUT &#8211; GLOBALNET \u0130nternet Teknolojileri<\/li>\n<li>Kenan ALTINSAAT &#8211; JForce<\/li>\n<li>Koray \u00d6ZER &#8211; T\u00fcrkiye Petrolleri<\/li>\n<li>L\u00fctfi \u00d6ZB\u0130LEN &#8211; Fokus Akademi<\/li>\n<li>Mehmet YILMAZER &#8211; EPDK<\/li>\n<li>Nihan TUNA &#8211; EMT Elektronik<\/li>\n<li>Nurcan \u00d6ZYAZICI SUNAY &#8211; G\u00fcmr\u00fck ve Ticaret Bakanl\u0131\u011f\u0131<\/li>\n<li>Sel\u00e7uk KAVASO\u011eLU &#8211; Kalk\u0131nma Bakanl\u0131\u011f\u0131<\/li>\n<\/ul>\n<h4 style=\"text-align: left;\">TBD B\u0130L\u0130\u015e\u0130M&#8217;2015 PROGRAM KURULU<\/h3>\n<p>Ba\u015fkan : Rahmi AKTEPE &#8211; TBD Eski Ba\u015fkan\u0131<br \/>\n\u00dcyeler :<\/p>\n<ul>\n<li>Dr. Ali AR\u0130FO\u011eLU &#8211; ODT\u00dc Enformatik Enstit\u00fcs\u00fc<\/li>\n<li>Prof. Dr. Ali YAZICI &#8211; At\u0131l\u0131m \u00dcniversitesi<\/li>\n<li>Ahmet O\u011fuz MERMERKAYA &#8211; ASELSAN<\/li>\n<li>Yrd. Do\u00e7. Dr. Altan \u00d6ZK\u0130L &#8211; At\u0131l\u0131m \u00dcniversitesi<\/li>\n<li>Aykut DALYAN &#8211; TURKCELL<\/li>\n<li>Erdal NANEC\u0130 &#8211; K\u00fclt\u00fcr ve Turizm Bakanl\u0131\u011f\u0131<\/li>\n<li>Furkan C\u0130VELEK &#8211; Kalk\u0131nma Bakanl\u0131\u011f\u0131<\/li>\n<li>Dr. Kemal KARAKO\u00c7AK &#8211; Ankara \u00dcniversitesi<\/li>\n<li>Prof. Dr. Mustafa ALKAN- Gazi \u00dcniversitesi<\/li>\n<li>Do\u00e7. Dr. Nergiz \u00c7A\u011eILTAY &#8211; At\u0131l\u0131m \u00dcniversitesi<\/li>\n<li>Dr. R. Erdem ERKUL &#8211; SAMSUNG<\/li>\n<li>Selim \u00d6ZDEM\u0130R &#8211; GARTNER T\u00fcrkiye<\/li>\n<li>Dr. Ziya KARAKAYA &#8211; At\u0131l\u0131m \u00dcniversitesi<\/li>\n<\/ul>\n<h4 style=\"text-align: left;\">B\u0130L\u0130\u015e\u0130M&#8217;2015 B\u0130LD\u0130R\u0130 DE\u011eERLEND\u0130RME KURULU<\/h3>\n<p>Edit\u00f6r : Do\u00e7.Dr. Nergiz ER\u00c7\u0130L \u00c7A\u011eILTAY &#8211; At\u0131l\u0131m Universitesi<br \/>\n\u00dcyeler :<\/p>\n<ul>\n<li>Prof.Dr. Ali AR\u0130FO\u011eLU &#8211; Ortado\u011fu Teknik \u00dcniversitesi<\/li>\n<li>Prof.Dr. Ali YAZICI &#8211; At\u0131l\u0131m Universitesi<\/li>\n<li>Yrd.Do\u00e7.Dr. Altan \u00d6ZK\u0130L &#8211; At\u0131l\u0131m Universitesi<\/li>\n<li>Yrd.Do\u00e7.Dr. Atila BOSTAN &#8211; At\u0131l\u0131m Universitesi<\/li>\n<li>Yrd.Do\u00e7.Dr. \u00c7i\u011fdem TURHAN &#8211; At\u0131l\u0131m Universitesi<\/li>\n<li>Prof.Dr. Erdo\u011fan DO\u011eDU &#8211; TOBB ET\u00dc<\/li>\n<li>Yrd.Do\u00e7.Dr. G\u00fcl TOKDEM\u0130R &#8211; \u00c7ankaya \u00dcniversitesi<\/li>\n<li>Prof.Dr. \u0130brahim AKMAN &#8211; At\u0131l\u0131m Universitesi<\/li>\n<li>Do\u00e7.Dr. Hakan MARA\u015e &#8211; \u00c7ankaya \u00dcniversitesi<\/li>\n<li>Prof.Dr. Memet \u00d6nder EFE &#8211; Hacettepe \u00dcniversitesi<\/li>\n<li>Yrd.Do\u00e7.Dr. Murat \u00d6ZBAYO\u011eLU &#8211; TOBB ET\u00dc<\/li>\n<li>Do\u00e7.Dr. Murat KOYUNCU &#8211; At\u0131l\u0131m \u00dcniversitesi<\/li>\n<li>Do\u00e7.Dr. Vahid GAROUSI &#8211; Hacettepe \u00dcniversitesi<\/li>\n<li>Prof.Dr. Ziya AKTA\u015e &#8211; Ba\u015fkent \u00dcniversites<\/li>\n<li>Do\u00e7.Dr. Ziya KARAKAYA &#8211; At\u0131l\u0131m Universitesi<\/li>\n<\/ul>\n","protected":false},"excerpt":{"rendered":"<p>TBD Y\u00d6NET\u0130M KURULU Ba\u015fkan : \u0130. \u0130lker TABAK 2. Ba\u015fkan : Koray \u00d6ZER Sayman :&#8230;<\/p>\n","protected":false},"author":1,"featured_media":0,"parent":0,"menu_order":0,"comment_status":"closed","ping_status":"closed","template":"template-full-width.php","meta":{"footnotes":""},"_links":{"self":[{"href":"https:\/\/www.bilisim.org.tr\/bilisim2015\/wp-json\/wp\/v2\/pages\/500"}],"collection":[{"href":"https:\/\/www.bilisim.org.tr\/bilisim2015\/wp-json\/wp\/v2\/pages"}],"about":[{"href":"https:\/\/www.bilisim.org.tr\/bilisim2015\/wp-json\/wp\/v2\/types\/page"}],"author":[{"embeddable":true,"href":"https:\/\/www.bilisim.org.tr\/bilisim2015\/wp-json\/wp\/v2\/users\/1"}],"replies":[{"embeddable":true,"href":"https:\/\/www.bilisim.org.tr\/bilisim2015\/wp-json\/wp\/v2\/comments?post=500"}],"version-history":[{"count":32,"href":"https:\/\/www.bilisim.org.tr\/bilisim2015\/wp-json\/wp\/v2\/pages\/500\/revisions"}],"predecessor-version":[{"id":3048,"href":"https:\/\/www.bilisim.org.tr\/bilisim2015\/wp-json\/wp\/v2\/pages\/500\/revisions\/3048"}],"wp:attachment":[{"href":"https:\/\/www.bilisim.org.tr\/bilisim2015\/wp-json\/wp\/v2\/media?parent=500"}],"curies":[{"name":"wp","href":"https:\/\/api.w.org\/{rel}","templated":true}]}}