{"id":406,"date":"2012-07-16T10:49:42","date_gmt":"2012-07-16T10:49:42","guid":{"rendered":"http:\/\/olevmedia.com\/themes\/expo18-wp\/?page_id=406"},"modified":"2015-12-01T10:06:02","modified_gmt":"2015-12-01T08:06:02","slug":"iletisim","status":"publish","type":"page","link":"https:\/\/www.bilisim.org.tr\/bilisim2015\/iletisim\/","title":{"rendered":"\u0130leti\u015fim"},"content":{"rendered":"<div class=\"one-third\">\n<h4>T\u00dcRK\u0130YE B\u0130L\u0130\u015e\u0130M DERNE\u011e\u0130<\/h3>\n<p><a href=\"http:\/\/bilisim.org.tr\/wp-content\/uploads\/2012\/07\/tbd.png\"><img loading=\"lazy\" decoding=\"async\" class=\"alignnone size-full wp-image-741\" src=\"http:\/\/bilisim.org.tr\/wp-content\/uploads\/2012\/07\/tbd.png\" alt=\"tbd\" width=\"75\" height=\"75\" \/><\/a><\/p>\n<p>Adres : Ceyhun Atuf Kansu Caddesi 1246. Sokak<br \/>\n No:4\/17 Balgat\/ANKARA<\/p>\n<p><strong>ARZU KILI\u00c7 :<\/strong><\/p>\n<p>Tel: +90 (312) 473 8215 (pbx)<br \/>\n Faks: +90 (312) 473 8216<br \/>\n e-posta : <a title=\"TBD E-Posta Adresi\" href=\"mailto:arzu.kilic@tbd.org.tr\" target=\"_blank\">arzu.kilic@tbd.org.tr<\/a><br \/>\n web : <a href=\"https:\/\/www.bilisim.org.tr\/bilisim2015\/sponsorluk\/www.tbd.org.tr\">www.tbd.org.tr<\/a><\/p>\n<\/div>\n<div class=\"one-third\">\n<h4>GL EVENTS FUARCILIK A.\u015e.<\/h3>\n<p><a href=\"http:\/\/bilisim.org.tr\/wp-content\/uploads\/2012\/07\/gl.png\"><img loading=\"lazy\" decoding=\"async\" class=\"alignnone size-full wp-image-742\" src=\"http:\/\/bilisim.org.tr\/wp-content\/uploads\/2012\/07\/gl.png\" alt=\"gl\" width=\"81\" height=\"42\" \/><\/a><a href=\"http:\/\/bilisim.org.tr\/wp-content\/uploads\/2012\/07\/serenas.jpg\"><img loading=\"lazy\" decoding=\"async\" class=\"alignnone size-full wp-image-743\" src=\"http:\/\/bilisim.org.tr\/wp-content\/uploads\/2012\/07\/serenas.jpg\" alt=\"serenas\" width=\"70\" height=\"42\" \/><\/a><\/p>\n<p>Adres : \u015eerif Ali Mahallesi Pakdil Sokak, No:5 Yukar\u0131 Dudullu,<br \/>\n\u00dcmraniye \/ \u0130STANBUL \/ TURKEY<\/p>\n<p><strong>EY\u00dcP SAV : +90 532 171 08 63<\/strong><\/p>\n<p>Tel: +90 216 594 58 26<br \/>\n Faks: +90 216 594 57 99<br \/>\n e-posta : <a title=\"GL FUARCILIK E-Posta Adresi\" href=\"mailto:eyup.sav@gl-fuarcilik.com\" target=\"_blank\">eyup.sav@gl-fuarcilik.com<\/a><br \/>\n web : <a href=\"https:\/\/www.bilisim.org.tr\/bilisim2015\/sponsorluk\/www.gl-fuarcilik.com\">www.gl-fuarcilik.com<\/a><\/p>\n<\/div>\n","protected":false},"excerpt":{"rendered":"<p>T\u00dcRK\u0130YE B\u0130L\u0130\u015e\u0130M DERNE\u011e\u0130 Adres : Ceyhun Atuf Kansu Caddesi 1246. Sokak No:4\/17 Balgat\/ANKARA ARZU KILI\u00c7&#8230;<\/p>\n","protected":false},"author":1,"featured_media":0,"parent":0,"menu_order":0,"comment_status":"open","ping_status":"closed","template":"template-full-width.php","meta":{"footnotes":""},"_links":{"self":[{"href":"https:\/\/www.bilisim.org.tr\/bilisim2015\/wp-json\/wp\/v2\/pages\/406"}],"collection":[{"href":"https:\/\/www.bilisim.org.tr\/bilisim2015\/wp-json\/wp\/v2\/pages"}],"about":[{"href":"https:\/\/www.bilisim.org.tr\/bilisim2015\/wp-json\/wp\/v2\/types\/page"}],"author":[{"embeddable":true,"href":"https:\/\/www.bilisim.org.tr\/bilisim2015\/wp-json\/wp\/v2\/users\/1"}],"replies":[{"embeddable":true,"href":"https:\/\/www.bilisim.org.tr\/bilisim2015\/wp-json\/wp\/v2\/comments?post=406"}],"version-history":[{"count":34,"href":"https:\/\/www.bilisim.org.tr\/bilisim2015\/wp-json\/wp\/v2\/pages\/406\/revisions"}],"predecessor-version":[{"id":2933,"href":"https:\/\/www.bilisim.org.tr\/bilisim2015\/wp-json\/wp\/v2\/pages\/406\/revisions\/2933"}],"wp:attachment":[{"href":"https:\/\/www.bilisim.org.tr\/bilisim2015\/wp-json\/wp\/v2\/media?parent=406"}],"curies":[{"name":"wp","href":"https:\/\/api.w.org\/{rel}","templated":true}]}}