{"id":2531,"date":"2015-11-17T15:47:04","date_gmt":"2015-11-17T13:47:04","guid":{"rendered":"http:\/\/www.bilisim.org.tr\/bilisim2015\/?page_id=2531"},"modified":"2015-11-18T10:30:17","modified_gmt":"2015-11-18T08:30:17","slug":"gorseller","status":"publish","type":"page","link":"https:\/\/www.bilisim.org.tr\/bilisim2015\/gorseller\/","title":{"rendered":"G\u00f6rseller"},"content":{"rendered":"<a class=\"button single-color text-bright size-medium\" href=\"https:\/\/www.bilisim.org.tr\/bilisim2015\/webbanner\/\" id=\"sc_button_1\">Web Banner G\u00f6rselleri<\/a><style>#sc_button_1{color:#fff !important}<\/style>\n<a class=\"button single-color text-bright size-medium\" href=\"https:\/\/www.bilisim.org.tr\/bilisim2015\/tanitim-brosurleri\/\" id=\"sc_button_2\">Tan\u0131t\u0131m Bro\u015f\u00fcrleri<\/a><style>#sc_button_2{color:#fff !important}<\/style>\n<p>&nbsp;<\/p>\n","protected":false},"excerpt":{"rendered":"<p>&nbsp;<\/p>\n","protected":false},"author":1,"featured_media":0,"parent":0,"menu_order":0,"comment_status":"closed","ping_status":"closed","template":"template-full-width.php","meta":{"footnotes":""},"_links":{"self":[{"href":"https:\/\/www.bilisim.org.tr\/bilisim2015\/wp-json\/wp\/v2\/pages\/2531"}],"collection":[{"href":"https:\/\/www.bilisim.org.tr\/bilisim2015\/wp-json\/wp\/v2\/pages"}],"about":[{"href":"https:\/\/www.bilisim.org.tr\/bilisim2015\/wp-json\/wp\/v2\/types\/page"}],"author":[{"embeddable":true,"href":"https:\/\/www.bilisim.org.tr\/bilisim2015\/wp-json\/wp\/v2\/users\/1"}],"replies":[{"embeddable":true,"href":"https:\/\/www.bilisim.org.tr\/bilisim2015\/wp-json\/wp\/v2\/comments?post=2531"}],"version-history":[{"count":7,"href":"https:\/\/www.bilisim.org.tr\/bilisim2015\/wp-json\/wp\/v2\/pages\/2531\/revisions"}],"predecessor-version":[{"id":2547,"href":"https:\/\/www.bilisim.org.tr\/bilisim2015\/wp-json\/wp\/v2\/pages\/2531\/revisions\/2547"}],"wp:attachment":[{"href":"https:\/\/www.bilisim.org.tr\/bilisim2015\/wp-json\/wp\/v2\/media?parent=2531"}],"curies":[{"name":"wp","href":"https:\/\/api.w.org\/{rel}","templated":true}]}}