{"id":2165,"date":"2015-09-30T15:18:20","date_gmt":"2015-09-30T12:18:20","guid":{"rendered":"http:\/\/www.bilisim.org.tr\/bilisim2015\/?page_id=2165"},"modified":"2015-11-23T12:58:57","modified_gmt":"2015-11-23T10:58:57","slug":"basin-duyurusu","status":"publish","type":"page","link":"https:\/\/www.bilisim.org.tr\/bilisim2015\/basin-duyurusu\/","title":{"rendered":"BASIN DUYURUSU"},"content":{"rendered":"<p style=\"text-align: center;\"><strong><span style=\"text-decoration: underline;\">BASIN DUYURUSU<\/span> <\/strong><\/p>\n<p align=\"center\"><a href=\"https:\/\/www.bilisim.org.tr\/bilisim2015\/\"><img loading=\"lazy\" decoding=\"async\" class=\"wp-image-2238 size-full aligncenter\" src=\"https:\/\/www.bilisim.org.tr\/bilisim2015\/wp-content\/uploads\/2014\/09\/bilisim-citex-ankara_300x300.png\" alt=\"\" width=\"300\" height=\"300\" srcset=\"https:\/\/www.bilisim.org.tr\/bilisim2015\/wp-content\/uploads\/2014\/09\/bilisim-citex-ankara_300x300.png 300w, https:\/\/www.bilisim.org.tr\/bilisim2015\/wp-content\/uploads\/2014\/09\/bilisim-citex-ankara_300x300-150x150.png 150w, https:\/\/www.bilisim.org.tr\/bilisim2015\/wp-content\/uploads\/2014\/09\/bilisim-citex-ankara_300x300-125x125.png 125w\" sizes=\"(max-width: 300px) 100vw, 300px\" \/><\/a><a href=\"https:\/\/www.bilisim.org.tr\/bilisim2015\/wp-content\/uploads\/2015\/09\/bilisim2015_poster_1024.jpg\"> <img loading=\"lazy\" decoding=\"async\" class=\"alignnone size-medium wp-image-2566 aligncenter\" src=\"https:\/\/www.bilisim.org.tr\/bilisim2015\/wp-content\/uploads\/2015\/09\/bilisim2015_poster_1024-212x300.jpg\" alt=\"bilisim2015_poster_1024\" width=\"212\" height=\"300\" srcset=\"https:\/\/www.bilisim.org.tr\/bilisim2015\/wp-content\/uploads\/2015\/09\/bilisim2015_poster_1024-212x300.jpg 212w, https:\/\/www.bilisim.org.tr\/bilisim2015\/wp-content\/uploads\/2015\/09\/bilisim2015_poster_1024.jpg 723w, https:\/\/www.bilisim.org.tr\/bilisim2015\/wp-content\/uploads\/2015\/09\/bilisim2015_poster_1024-125x177.jpg 125w, https:\/\/www.bilisim.org.tr\/bilisim2015\/wp-content\/uploads\/2015\/09\/bilisim2015_poster_1024-615x871.jpg 615w\" sizes=\"(max-width: 212px) 100vw, 212px\" \/><\/a><\/p>\n<h2 style=\"text-align: center;\"><strong><span style=\"color: #333399;\">B\u0130L\u0130\u015e\u0130M 2015 &amp; CITEX 2015<\/span><\/strong><\/h2>\n<h2 style=\"text-align: center;\"><strong><span style=\"color: #333399;\">TBD 32. ULUSAL B\u0130L\u0130\u015e\u0130M KURULTAYI ve ANKARA B\u0130L\u0130\u015e\u0130M FUARI<\/span><\/strong><\/h2>\n<p style=\"text-align: center;\"><strong>\u201cB\u0130L\u0130\u015e\u0130M ve YA\u015eAM\u201d<\/strong><\/p>\n<p style=\"text-align: center;\">T\u00fcrkiye\u2019de<strong> \u201cBili\u015fim Toplumu\u201d<\/strong>nun Kalbi Ankara\u2019da atacak!<br \/> Bili\u015fimciler T\u00fcrkiye\u2019nin gelece\u011fine y\u00f6n verecek!<\/p>\n<p><strong>Sayg\u0131de\u011fer Bas\u0131n\u0131m\u0131z,<\/strong><\/p>\n<p>3-5 Aral\u0131k 2015 tarihlerinde Ankara\u2019da <strong>ATO CONGRES\u0130UM <\/strong>Uluslararas\u0131 Kongre ve Sergi Saray\u0131\u2019nda ger\u00e7ekle\u015ftirilecek <strong>B\u0130L\u0130\u015e\u0130M 2015<\/strong> &amp; <strong>CITEX 2015,<\/strong> <em>TBD 32. Ulusal Bili\u015fim Kurultay\u0131 ve 2. Ankara Bili\u015fim Fuar\u0131<\/em>\u2019nda T\u00fcrkiye\u2019nin ve Bili\u015fim sekt\u00f6r\u00fcn\u00fcn gelece\u011fini ilgilendiren birbirinden \u00f6nemli konular, konular\u0131nda uzman kat\u0131l\u0131mc\u0131lar\u0131n de\u011ferli katk\u0131lar\u0131yla ele al\u0131nacak.<\/p>\n<p>\u00d6zellikle son y\u0131llarda geli\u015fen teknoloji ile birlikte<strong> \u201c\u0130nsan, do\u011fa ve t\u00fcm canl\u0131lar\u0131n\u201d<\/strong> ya\u015fam\u0131nda ka\u00e7\u0131n\u0131lmaz bir etki alan\u0131 olu\u015fturan ve \u201cYA\u015eAMIN\u201d \u00f6nemli bir parametresi haline gelen \u201cB\u0130L\u0130\u015e\u0130M\u201ddeki son geli\u015fmeler, yenilikler, yeni vizyonlar ile f\u0131rsat ve tehditlerin de\u011ferlendirilece\u011fi ve birbirinden ilgin\u00e7 teknolojik yeniliklerin sergilenece\u011fi <strong>B\u0130L\u0130\u015e\u0130M 2015<\/strong> &amp; <strong>CITEX 2015<\/strong>\u2019de, bu sene ana tema <strong>\u201cB\u0130L\u0130\u015e\u0130M ve YA\u015eAM\u201d<\/strong> olarak belirlendi.<\/p>\n<p><strong>T\u00fcrkiye Bili\u015fim Derne\u011fi \u2018nin 1976 y\u0131l\u0131ndan bu yana geleneksel olarak d\u00fczenledi\u011fi<\/strong> ve Bili\u015fim Sekt\u00f6r\u00fcn\u00fcn en b\u00fcy\u00fck bulu\u015fmas\u0131 niteli\u011finde olan etkinlik, ge\u00e7en sene oldu\u011fu gibi bu sene de, d\u00fcnyan\u0131n en b\u00fcy\u00fck Fuar ve Organizasyon Firmalar\u0131ndan biri olan Fransa Merkezli GL EVENTS ile birlikte ger\u00e7ekle\u015ftiriliyor.<\/p>\n<p><strong>\u201cB\u0130L\u0130\u015e\u0130M ve YA\u015eAM\u201d <\/strong>ana temas\u0131 ile ger\u00e7ekle\u015ftirilecek etkinlikte 4 ayr\u0131 salonda a\u00e7\u0131k oturum ve paneller, \u00e7e\u015fitli yar\u0131\u015fmalar, 1500 m2 alanda kurulacak olan fuarda birbirinden ilgin\u00e7 ve yenilik\u00e7i \u00fcr\u00fcn, hizmet, proje ve fikirler sergilenecek. Etkinli\u011fe ilk kez destek veren KOSGEB fuarda stant a\u00e7an firmalar\u0131n stant maliyetlerinin \u00f6nemli bir k\u0131sm\u0131n\u0131 kar\u015f\u0131l\u0131yacak.<\/p>\n<p>G\u00fcnl\u00fck 5000, etkinlik boyunca 15.000\u2019in \u00fczerinde ziyaret\u00e7i, a\u00e7\u0131k oturum ve panel izleyicisinin takip etmesi beklenen etkinlikte izleyici ve kat\u0131l\u0131mc\u0131lar\u0131n b\u00fcy\u00fck \u00e7o\u011funlu\u011fu Kamu ve \u00d6zel Sekt\u00f6r Bili\u015fim Profesyonelleri, Uzmanlar ve Akademisyenlerden olu\u015fuyor.<\/p>\n<p>33 \u00dcniversitede \u00f6rg\u00fcrlenen TBD Gen\u00e7 toplulu\u011funun ger\u00e7ekle\u015ftirece\u011fi \u201c<strong>TBD 5. Gen\u00e7 Bili\u015fimciler Kurultay\u0131<\/strong>\u201d kapsam\u0131ndaki panellerle \u00fcniversite gen\u00e7li\u011finin, \u201c<strong>Programlama \u00c7ocuk Oyunca\u011f\u0131<\/strong>\u201d etkinli\u011fiyle de ilkokul \u00f6\u011frencilerinin ya\u015fam\u0131na pozitif dokunu\u015f yap\u0131lacak etkinlikte, ayr\u0131ca Gen\u00e7 Giri\u015fimcili\u011fin \u00f6zendirilece\u011fi oturumlar da yer alacak.<\/p>\n<p>T\u00fcrkiye Bili\u015fim Sekt\u00f6r\u00fcn\u00fcn en b\u00fcy\u00fck bulu\u015fmas\u0131 niteli\u011finde olan etkinli\u011fin; Ba\u015fbakan Say\u0131n Ahmet Davuto\u011flu, Bakanlar, Siyasi Parti Temsilcileri, Milletvekilleri, Kamu kurum ve kurulu\u015flar\u0131n\u0131n \u00fcst d\u00fczey y\u00f6neticilerinin davetli oldu\u011fu a\u00e7\u0131l\u0131\u015f b\u00f6l\u00fcm\u00fcnde; sekt\u00f6r\u00fcn sorunlar\u0131, \u00fclkemizin Bili\u015fim Vizyonu, Gelecek beklentileri ve Hedefler en \u00fcst d\u00fczeyde dile getirilerek adeta <strong>\u201cBili\u015fim Zirvesi\u201d<\/strong> ger\u00e7ekle\u015ftirilecek.<\/p>\n<p>\u00dc\u00e7 g\u00fcn boyunca her g\u00fcn bir \u00fcniversite rekt\u00f6r\u00fcn\u00fcn \u00e7a\u011fr\u0131l\u0131 konu\u015fmac\u0131 olarak yer alaca\u011f\u0131 Kurultay\u2019\u0131n a\u00e7\u0131k oturum ve paneller k\u0131sm\u0131nda T\u00fcrkiye\u2019nin nabz\u0131n\u0131 elinde tutan, \u201cYA\u015eAM\u201d barometresini \u00f6l\u00e7en ayd\u0131n ve gazeteciler konu\u015facaklar.<\/p>\n<p>Kurultay ile ilgili ayr\u0131nt\u0131l\u0131 bilgilere <a href=\"https:\/\/www.bilisim.org.tr\/bilisim2015\">www.bilisim.org.tr<\/a> adresinden ula\u015fabilirsiniz.<\/p>\n<p>Sayg\u0131de\u011fer Bas\u0131n\u0131m\u0131z\u0131n ilgi ve deste\u011fini bekler, Sayg\u0131lar Sunar\u0131z.<\/p>\n<p>&nbsp;<\/p>\n<p><strong>\u0130. \u0130lker TABAK<\/strong><\/p>\n<p><strong>T\u00fcrkiye Bili\u015fim Derne\u011fi<\/strong><\/p>\n<p><strong>Y\u00f6netim Kurulu Ba\u015fkan\u0131<\/strong><\/p>\n<p><span style=\"text-decoration: underline;\"><strong>Ayr\u0131nt\u0131l\u0131 bilgi i\u00e7in :<\/strong><\/span><\/p>\n<p>Ersin TA\u015eCI \u2013 Etkinlik Y\u00fcr\u00fctme Kurulu Ba\u015fkan\u0131 &#8211; <a href=\"mailto:ersin.tasci@tbd.org.tr\">ersin.tasci@tbd.org.tr<\/a> &#8211; 0.532.634 23 64<\/p>\n<p>L\u00fctfi \u00d6ZB\u0130LEN \u2013 Etkinlik Bas\u0131n Sorumlusu &#8211; <a href=\"mailto:lutfi@fokusakademi.com\">lutfi@fokusakademi.com<\/a> \u2013 0.532.564. 54 77<\/p>\n<p>Ertan BARUT \u2013 Etkinlik Sosyal Medya Sorumlusu &#8211; <a href=\"mailto:ertanbarut@globalnet.com.tr\">ertanbarut@globalnet.com.tr<\/a> \u2013 0.532. 426 12 66<\/p>\n<p><strong><u>T\u00fcrkiye Bili\u015fim Derne\u011fi Hakk\u0131nda :<\/u><\/strong><\/p>\n<p>T\u00fcrkiye Bili\u015fim Derne\u011fi ( TBD ), kuruldu\u011fu 22 Nisan 1971 tarihinden itibaren, 44 y\u0131ld\u0131r, \u00fclkemiz bili\u015fim sekt\u00f6r\u00fcn\u00fcn geli\u015fmesi i\u00e7in bir\u00e7ok \u00e7al\u0131\u015fmaya \u00f6nc\u00fcl\u00fck etmi\u015f ve bir\u00e7ok ilklere imza atm\u0131\u015ft\u0131r. TBD T\u00fcrkiye\u2019nin en b\u00fcy\u00fck ve k\u00f6kl\u00fc Sivil Toplum Kurulu\u015flar\u0131ndan biri olup; 7 Mart 1994 tarihli Bakanlar Kurulu Karar\u0131 ile kamu yarar\u0131na dernek stat\u00fcs\u00fcne kavu\u015farak faaliyetlerini, bug\u00fcn say\u0131lar\u0131 onikibine yakla\u015fan \u00fcyeleriyle s\u00fcrd\u00fcrmektedir.<\/p>\n<p>T\u00fcrk\u00e7emize kazand\u0131r\u0131lm\u0131\u015f olan Bili\u015fim, yaz\u0131l\u0131m, donan\u0131m, bilgisayar, ileti\u015fim gibi 2500\u2019\u00fcn \u00fczerinde ya\u015fayan bili\u015fim kelime ve terimine kaynakl\u0131k eden T\u00fcrkiye Bili\u015fim Derne\u011fi; \u00fclkemizin kalk\u0131nmas\u0131, geli\u015fmi\u015f \u00fclkeler aras\u0131nda yer almas\u0131, halk\u0131m\u0131z\u0131n mutluluk ve refah\u0131 i\u00e7in tamamen g\u00f6n\u00fcll\u00fc \u00e7al\u0131\u015fmalar y\u00fcr\u00fcten bir sivil toplum kurulu\u015fu olarak; devletimizin ve h\u00fck\u00fcmetimizin Bili\u015fim alan\u0131nda yapt\u0131\u011f\u0131 \u00e7al\u0131\u015fmalar\u0131n \u00f6nemli bir k\u0131sm\u0131nda fikir merkezi, odak \u00e7al\u0131\u015fmalar\u0131n \u00f6nc\u00fcs\u00fc ve ileri hamlelerin tetikleyicisi olarak etkin bir rol \u00fcstlenmi\u015ftir.<\/p>\n<p>Detayl\u0131 bilgi i\u00e7in : <a href=\"http:\/\/www.tbd.org.tr\/\">http:\/\/www.tbd.org.tr\/<\/a><\/p>\n<p>&nbsp;<\/p>\n","protected":false},"excerpt":{"rendered":"<p>BASIN DUYURUSU B\u0130L\u0130\u015e\u0130M 2015 &amp; CITEX 2015 TBD 32. ULUSAL B\u0130L\u0130\u015e\u0130M KURULTAYI ve ANKARA B\u0130L\u0130\u015e\u0130M&#8230;<\/p>\n","protected":false},"author":1,"featured_media":0,"parent":0,"menu_order":0,"comment_status":"closed","ping_status":"closed","template":"template-full-width.php","meta":{"footnotes":""},"_links":{"self":[{"href":"https:\/\/www.bilisim.org.tr\/bilisim2015\/wp-json\/wp\/v2\/pages\/2165"}],"collection":[{"href":"https:\/\/www.bilisim.org.tr\/bilisim2015\/wp-json\/wp\/v2\/pages"}],"about":[{"href":"https:\/\/www.bilisim.org.tr\/bilisim2015\/wp-json\/wp\/v2\/types\/page"}],"author":[{"embeddable":true,"href":"https:\/\/www.bilisim.org.tr\/bilisim2015\/wp-json\/wp\/v2\/users\/1"}],"replies":[{"embeddable":true,"href":"https:\/\/www.bilisim.org.tr\/bilisim2015\/wp-json\/wp\/v2\/comments?post=2165"}],"version-history":[{"count":9,"href":"https:\/\/www.bilisim.org.tr\/bilisim2015\/wp-json\/wp\/v2\/pages\/2165\/revisions"}],"predecessor-version":[{"id":2568,"href":"https:\/\/www.bilisim.org.tr\/bilisim2015\/wp-json\/wp\/v2\/pages\/2165\/revisions\/2568"}],"wp:attachment":[{"href":"https:\/\/www.bilisim.org.tr\/bilisim2015\/wp-json\/wp\/v2\/media?parent=2165"}],"curies":[{"name":"wp","href":"https:\/\/api.w.org\/{rel}","templated":true}]}}